{"id":721509,"date":"2025-08-27T18:51:15","date_gmt":"2025-08-27T15:51:15","guid":{"rendered":"https:\/\/roveyayinevi.com.tr\/index.php\/urun\/anneannemin-oyun-sandigi\/"},"modified":"2026-04-16T02:29:24","modified_gmt":"2026-04-15T23:29:24","slug":"anneannemin-oyun-sandigi","status":"publish","type":"product","link":"https:\/\/roveyayinevi.com.tr\/index.php\/urun\/anneannemin-oyun-sandigi\/","title":{"rendered":"Anneannemin Oyun Sand\u0131\u011f\u0131"},"content":{"rendered":"<p>\u00c7ocuklar\u0131n\u0131z\u0131n ilk ad\u0131mlar\u0131, s\u00f6zc\u00fckleri, okuma yazma deneyimi, ilk karnesi, s\u0131navlar\u0131, soru ve sorunlar\u0131 daha d\u00fcn gibi akl\u0131n\u0131zdad\u0131r. Her \u015fey daha d\u00fcn gibiyken zaman akar, evlenirler ve yeni bir hayat kurarlar. B\u00fcy\u00fck bir umutla torununuzu kuca\u011f\u0131n\u0131za alaca\u011f\u0131n\u0131z g\u00fcn\u00fc beklersiniz. Ve \u201cO\u201d gelir.Size b\u00fcy\u00fckanne, b\u00fcy\u00fckbaba, k\u0131z\u0131n\u0131za anne, o\u011flunuza baba, teyze, day\u0131 ismini verecek olan torununuz. Gelir ve zamandan sal\u0131nca\u011f\u0131nda soya\u011fac\u0131n\u0131z\u0131n sal\u0131nca\u011f\u0131n\u0131 kurar. Torun(lar)a sahip olmak, biz b\u00fcy\u00fck ebeveynler i\u00e7in b\u00fcy\u00fck bir mutluluk kayna\u011f\u0131d\u0131r. Bazen bak\u0131c\u0131, bazen yedek ebeveyn, bazen aile bilgeli\u011fi repertuar\u0131, bazen dan\u0131\u015fman, bazen de uzakta ba\u015fka \u015fehirdeki B\u00fcy\u00fck anne, B\u00fcy\u00fck baba.Torunlar\u0131 ile s\u0131k s\u0131k temas halinde olan b\u00fcy\u00fckanne ve b\u00fcy\u00fckbabalar\u0131n daha yak\u0131n ili\u015fkileri oldu\u011fu bilinmektedir. Ancak fiziksel mesafe temas i\u00e7in tek engel de\u011fildir. \u0130leti\u015fim ve ba\u011f mesafe tan\u0131madan s\u00fcrd\u00fcr\u00fclebilir.Torunlar\u0131ndan sorumlu, onlar\u0131n ilgilerini payla\u015fan, etkin ileti\u015fim kuran, onlarla birlikte oynayan \u201chaval\u0131\u201d bir b\u00fcy\u00fckbaba veya b\u00fcy\u00fckanne olarak onlara yak\u0131n olabilirsiniz. Bu kitapta e\u011flenceli geli\u015fimsel oyunlar yer almaktad\u0131r. Torunlar\u0131n\u0131zla keyifli zamanlar\u0131n\u0131z \u00e7o\u011fals\u0131n dile\u011fimizle\u2026<\/p>\n","protected":false},"excerpt":{"rendered":"<p>\u00c7ocuklar\u0131n\u0131z\u0131n ilk ad\u0131mlar\u0131, s\u00f6zc\u00fckleri, okuma yazma deneyimi, ilk karnesi, s\u0131navlar\u0131, soru ve sorunlar\u0131 daha d\u00fcn gibi akl\u0131n\u0131zdad\u0131r. Her \u015fey daha d\u00fcn gibiyken zaman akar, evlenirler ve<span class=\"excerpt-hellip\"> [\u2026]<\/span><\/p>\n","protected":false},"featured_media":0,"template":"","meta":{"_monsterinsights_skip_tracking":false,"_monsterinsights_sitenote_active":false,"_monsterinsights_sitenote_note":"","_monsterinsights_sitenote_category":0},"product_brand":[],"product_cat":[17996,12364],"product_tag":[],"class_list":{"0":"post-721509","1":"product","2":"type-product","3":"status-publish","5":"product_cat-ebeveyn-kitaplari","6":"product_cat-genel-konular","7":"pa_cilt-ciltsiz","8":"pa_tur-kitap","9":"pa_yayinevi-egiten-kitap","10":"pa_yazar-aycil-h-fethan","12":"first","13":"instock","14":"sale","15":"shipping-taxable","16":"purchasable","17":"product-type-simple"},"_links":{"self":[{"href":"https:\/\/roveyayinevi.com.tr\/index.php\/wp-json\/wp\/v2\/product\/721509","targetHints":{"allow":["GET"]}}],"collection":[{"href":"https:\/\/roveyayinevi.com.tr\/index.php\/wp-json\/wp\/v2\/product"}],"about":[{"href":"https:\/\/roveyayinevi.com.tr\/index.php\/wp-json\/wp\/v2\/types\/product"}],"wp:attachment":[{"href":"https:\/\/roveyayinevi.com.tr\/index.php\/wp-json\/wp\/v2\/media?parent=721509"}],"wp:term":[{"taxonomy":"product_brand","embeddable":true,"href":"https:\/\/roveyayinevi.com.tr\/index.php\/wp-json\/wp\/v2\/product_brand?post=721509"},{"taxonomy":"product_cat","embeddable":true,"href":"https:\/\/roveyayinevi.com.tr\/index.php\/wp-json\/wp\/v2\/product_cat?post=721509"},{"taxonomy":"product_tag","embeddable":true,"href":"https:\/\/roveyayinevi.com.tr\/index.php\/wp-json\/wp\/v2\/product_tag?post=721509"}],"curies":[{"name":"wp","href":"https:\/\/api.w.org\/{rel}","templated":true}]}}