{"id":721508,"date":"2025-08-27T18:51:14","date_gmt":"2025-08-27T15:51:14","guid":{"rendered":"https:\/\/roveyayinevi.com.tr\/index.php\/urun\/baska-bir-egitim-hikayesi\/"},"modified":"2026-04-16T02:29:24","modified_gmt":"2026-04-15T23:29:24","slug":"baska-bir-egitim-hikayesi","status":"publish","type":"product","link":"https:\/\/roveyayinevi.com.tr\/index.php\/urun\/baska-bir-egitim-hikayesi\/","title":{"rendered":"Ba\u015fka Bir E\u011fitim Hikayesi"},"content":{"rendered":"<p>Ya\u015famak ve \u00f6\u011frenmek, birbirlerine \u00f6ylesine ba\u011fl\u0131lar ki ikisinin de hakk\u0131n\u0131 vermek gerekiyor. Do\u011fal ve tarihsel t\u00fcm zaman ve uzamlar\u0131n bir \u00f6\u011frenme\/deney ili\u015fkisi oldu\u011funu fark etti\u011fimden beri kendimi kah \u00f6renen kah \u00f6\u011freten u\u011fra\u011f\u0131nda buluyorum. Deneyimlerime g\u00f6re, t\u00fcm alg\u0131 ve duyular arac\u0131l\u0131\u011f\u0131yla \u00f6\u011frenme ve \u00f6\u011fretme ili\u015fkisi bir i\u00e7 i\u00e7elik, yani etkile\u015fim i\u00e7inde ya\u015fan\u0131yor.\u00c7ekirdek aile, kom\u015fuluk ili\u015fkileri, okul, hastane, i\u015fyerleri, sokaklar, k\u00fct\u00fcphaneler, m\u00fczeler, meydanlar \u00f6\u011frenme imkan\u0131n\u0131n oldu\u011fu alanlar\/ili\u015fkiler. Verili ko\u015fullarda politik bir mekan olarak okullar, \u00f6\u011frenme ve \u00f6\u011fretme ili\u015fkilerini y\u00fczeyselle\u015ftiren, anlam\u0131 azaltan, etkile\u015fimleri da\u011f\u0131tan, kar\u015f\u0131la\u015fmalar\u0131 azaltan, bir zekay\u0131 di\u011ferine ba\u011flayan mekanlar olarak i\u015flev g\u00f6r\u00fcyorlar. Bu y\u00fczden okullar, gen\u00e7 bedenlerin kendilerini nas\u0131l geli\u015ftirebilece\u011fi sorusundan giderek uzakla\u015f\u0131yor. Ne var ki bu sorunun yan\u0131t\u0131n\u0131n pe\u015fine d\u00fc\u015fmek gerek.<\/p>\n","protected":false},"excerpt":{"rendered":"<p>Ya\u015famak ve \u00f6\u011frenmek, birbirlerine \u00f6ylesine ba\u011fl\u0131lar ki ikisinin de hakk\u0131n\u0131 vermek gerekiyor. Do\u011fal ve tarihsel t\u00fcm zaman ve uzamlar\u0131n bir \u00f6\u011frenme\/deney ili\u015fkisi oldu\u011funu fark etti\u011fimden beri<span class=\"excerpt-hellip\"> [\u2026]<\/span><\/p>\n","protected":false},"featured_media":0,"template":"","meta":{"_monsterinsights_skip_tracking":false,"_monsterinsights_sitenote_active":false,"_monsterinsights_sitenote_note":"","_monsterinsights_sitenote_category":0},"product_brand":[],"product_cat":[13590,12337],"product_tag":[],"class_list":{"0":"post-721508","1":"product","2":"type-product","3":"status-publish","5":"product_cat-arastirma-inceleme-politika-siyaset","6":"product_cat-politika-siyaset","7":"pa_cilt-ciltsiz","8":"pa_tur-kitap","9":"pa_yayinevi-siyasal-kitabevi","10":"pa_yazar-nejla-kurul","12":"first","13":"instock","14":"sale","15":"shipping-taxable","16":"purchasable","17":"product-type-simple"},"_links":{"self":[{"href":"https:\/\/roveyayinevi.com.tr\/index.php\/wp-json\/wp\/v2\/product\/721508","targetHints":{"allow":["GET"]}}],"collection":[{"href":"https:\/\/roveyayinevi.com.tr\/index.php\/wp-json\/wp\/v2\/product"}],"about":[{"href":"https:\/\/roveyayinevi.com.tr\/index.php\/wp-json\/wp\/v2\/types\/product"}],"wp:attachment":[{"href":"https:\/\/roveyayinevi.com.tr\/index.php\/wp-json\/wp\/v2\/media?parent=721508"}],"wp:term":[{"taxonomy":"product_brand","embeddable":true,"href":"https:\/\/roveyayinevi.com.tr\/index.php\/wp-json\/wp\/v2\/product_brand?post=721508"},{"taxonomy":"product_cat","embeddable":true,"href":"https:\/\/roveyayinevi.com.tr\/index.php\/wp-json\/wp\/v2\/product_cat?post=721508"},{"taxonomy":"product_tag","embeddable":true,"href":"https:\/\/roveyayinevi.com.tr\/index.php\/wp-json\/wp\/v2\/product_tag?post=721508"}],"curies":[{"name":"wp","href":"https:\/\/api.w.org\/{rel}","templated":true}]}}