{"id":721498,"date":"2025-08-27T18:51:06","date_gmt":"2025-08-27T15:51:06","guid":{"rendered":"https:\/\/roveyayinevi.com.tr\/index.php\/urun\/cocukluk-hali\/"},"modified":"2026-04-16T02:29:24","modified_gmt":"2026-04-15T23:29:24","slug":"cocukluk-hali","status":"publish","type":"product","link":"https:\/\/roveyayinevi.com.tr\/index.php\/urun\/cocukluk-hali\/","title":{"rendered":"\u00c7ocukluk Hali"},"content":{"rendered":"<p>Bazen esen bir r\u00fczg\u00e2r, duyulan bir koku ya da bir melodi ki\u015fiyi \u00e7ocuklu\u011fundaki bir ana g\u00f6t\u00fcrebiliyorsa e\u011fer, b\u00fct\u00fcn bunlar \u00e7ocukluk tecr\u00fcbelerinin insan\u0131n duygu boyutundaki \u00f6nemine i\u015faret eder. Duygular asla yok olmaz; konu\u015fmamak, hat\u0131rlamamak, d\u00fc\u015f\u00fcnmemek yok etmez duygular\u0131. \u00d6yleyse, \u00e7ocu\u011fun beden ve beyin geli\u015fimi kadar duygusal geli\u015fimi de dikkate al\u0131nmal\u0131. \u00c7ocuklar\u0131 gelece\u011fimiz olarak g\u00f6rmek yerine bizim onlar\u0131n ge\u00e7mi\u015fi oldu\u011fumuzu fark etmeliyiz. Onlar k\u00fc\u00e7\u00fck yeti\u015fkinler de\u011fil, kendilerine has d\u00fc\u015f\u00fcnce tarz\u0131 ve d\u00fcnyay\u0131 alg\u0131lama bi\u00e7imi olan \u201c\u00e7ocuk insanlar\u201dd\u0131r.Elinizdeki kitap, bir c\u00fcmle ile ifade etmek gerekirse, insan\u0131n \u00e7ocukluk haline duyulan sayg\u0131n\u0131n bir d\u0131\u015favurumudur.<\/p>\n","protected":false},"excerpt":{"rendered":"<p>Bazen esen bir r\u00fczg\u00e2r, duyulan bir koku ya da bir melodi ki\u015fiyi \u00e7ocuklu\u011fundaki bir ana g\u00f6t\u00fcrebiliyorsa e\u011fer, b\u00fct\u00fcn bunlar \u00e7ocukluk tecr\u00fcbelerinin insan\u0131n duygu boyutundaki \u00f6nemine i\u015faret<span class=\"excerpt-hellip\"> [\u2026]<\/span><\/p>\n","protected":false},"featured_media":0,"template":"","meta":{"_monsterinsights_skip_tracking":false,"_monsterinsights_sitenote_active":false,"_monsterinsights_sitenote_note":"","_monsterinsights_sitenote_category":0},"product_brand":[],"product_cat":[14787,13488],"product_tag":[],"class_list":{"0":"post-721498","1":"product","2":"type-product","3":"status-publish","5":"product_cat-diger-toplum-ve-insan","6":"product_cat-toplum-ve-insan","7":"pa_cilt-ciltsiz","8":"pa_tur-kitap","9":"pa_yayinevi-nesil-yayinlari","10":"pa_yazar-gulsum-mehdiyev","12":"first","13":"instock","14":"sale","15":"shipping-taxable","16":"purchasable","17":"product-type-simple"},"_links":{"self":[{"href":"https:\/\/roveyayinevi.com.tr\/index.php\/wp-json\/wp\/v2\/product\/721498","targetHints":{"allow":["GET"]}}],"collection":[{"href":"https:\/\/roveyayinevi.com.tr\/index.php\/wp-json\/wp\/v2\/product"}],"about":[{"href":"https:\/\/roveyayinevi.com.tr\/index.php\/wp-json\/wp\/v2\/types\/product"}],"wp:attachment":[{"href":"https:\/\/roveyayinevi.com.tr\/index.php\/wp-json\/wp\/v2\/media?parent=721498"}],"wp:term":[{"taxonomy":"product_brand","embeddable":true,"href":"https:\/\/roveyayinevi.com.tr\/index.php\/wp-json\/wp\/v2\/product_brand?post=721498"},{"taxonomy":"product_cat","embeddable":true,"href":"https:\/\/roveyayinevi.com.tr\/index.php\/wp-json\/wp\/v2\/product_cat?post=721498"},{"taxonomy":"product_tag","embeddable":true,"href":"https:\/\/roveyayinevi.com.tr\/index.php\/wp-json\/wp\/v2\/product_tag?post=721498"}],"curies":[{"name":"wp","href":"https:\/\/api.w.org\/{rel}","templated":true}]}}