{"id":721497,"date":"2025-08-27T18:51:05","date_gmt":"2025-08-27T15:51:05","guid":{"rendered":"https:\/\/roveyayinevi.com.tr\/index.php\/urun\/kuzgun-ve-devlet\/"},"modified":"2026-04-16T02:29:24","modified_gmt":"2026-04-15T23:29:24","slug":"kuzgun-ve-devlet","status":"publish","type":"product","link":"https:\/\/roveyayinevi.com.tr\/index.php\/urun\/kuzgun-ve-devlet\/","title":{"rendered":"Kuzgun ve Devlet"},"content":{"rendered":"<p>Kurulu\u015f d\u00f6neminden ba\u015flayarak Osmanl\u0131\u2019n\u0131n d\u00fcnyaya sunmu\u015f oldu\u011fu insana de\u011fer veren ve insan\u0131 \u00f6ne \u00e7\u0131karan siyasetini g\u00f6rerek tarihimizle bir kez daha gurur duyacaks\u0131n\u0131z. Bug\u00fcne kadar bildi\u011fimiz kal\u0131pla\u015fm\u0131\u015f bilgileri bamba\u015fka bir bak\u0131\u015f a\u00e7\u0131s\u0131yla de\u011ferlendiren ve farkl\u0131 yorumlar, \u00e7\u0131kar\u0131mlar, kazan\u0131mlar ortaya koyan bir kitap. \u00d6zellikle Osmanl\u0131 tarihine ilgisi olanlara rehber niteli\u011finde bir \u00e7al\u0131\u015fma.Kitap, Bat\u0131l\u0131lar\u0131n ve Osmanl\u0131\u2019n\u0131n insana yakla\u015f\u0131m\u0131 aras\u0131ndaki farklar\u0131, konuyu en hassas noktas\u0131ndan vuran sorular ve bu sorular\u0131n cevaplar\u0131yla okuyucuya sunuyor.Kitapta Aristotales ile \u015eeyh Edeb\u00e2li, Tolstoy ile K\u00f6se Mihail, J\u00fcl Sezar ile Fatih Sultan Mehmed gibi tarih\u00ee \u015fahsiyetlerin farkl\u0131 bir okumas\u0131 yap\u0131larak kar\u015f\u0131la\u015ft\u0131rmal\u0131 bir medeniyetler tablosu ortaya konuluyor.K\u0131sacas\u0131; kendi tarihini, kendi k\u00fclt\u00fcr ve medeniyetini daha iyi anlamak isteyen nesillerin -kolayca haf\u0131zalara kaz\u0131nacak bilgilerle- hi\u00e7 s\u0131k\u0131lmadan, yorulmadan okuyabilece\u011fi bir kitap.<\/p>\n","protected":false},"excerpt":{"rendered":"<p>Kurulu\u015f d\u00f6neminden ba\u015flayarak Osmanl\u0131\u2019n\u0131n d\u00fcnyaya sunmu\u015f oldu\u011fu insana de\u011fer veren ve insan\u0131 \u00f6ne \u00e7\u0131karan siyasetini g\u00f6rerek tarihimizle bir kez daha gurur duyacaks\u0131n\u0131z. Bug\u00fcne kadar bildi\u011fimiz kal\u0131pla\u015fm\u0131\u015f<span class=\"excerpt-hellip\"> [\u2026]<\/span><\/p>\n","protected":false},"featured_media":0,"template":"","meta":{"_monsterinsights_skip_tracking":false,"_monsterinsights_sitenote_active":false,"_monsterinsights_sitenote_note":"","_monsterinsights_sitenote_category":0},"product_brand":[],"product_cat":[12370,12304],"product_tag":[],"class_list":{"0":"post-721497","1":"product","2":"type-product","3":"status-publish","5":"product_cat-arastirma-inceleme","6":"product_cat-tarih","7":"pa_cilt-ciltsiz","8":"pa_tur-kitap","9":"pa_yayinevi-nesil-yayinlari","10":"pa_yazar-koray-serbetci","12":"first","13":"instock","14":"sale","15":"shipping-taxable","16":"purchasable","17":"product-type-simple"},"_links":{"self":[{"href":"https:\/\/roveyayinevi.com.tr\/index.php\/wp-json\/wp\/v2\/product\/721497","targetHints":{"allow":["GET"]}}],"collection":[{"href":"https:\/\/roveyayinevi.com.tr\/index.php\/wp-json\/wp\/v2\/product"}],"about":[{"href":"https:\/\/roveyayinevi.com.tr\/index.php\/wp-json\/wp\/v2\/types\/product"}],"wp:attachment":[{"href":"https:\/\/roveyayinevi.com.tr\/index.php\/wp-json\/wp\/v2\/media?parent=721497"}],"wp:term":[{"taxonomy":"product_brand","embeddable":true,"href":"https:\/\/roveyayinevi.com.tr\/index.php\/wp-json\/wp\/v2\/product_brand?post=721497"},{"taxonomy":"product_cat","embeddable":true,"href":"https:\/\/roveyayinevi.com.tr\/index.php\/wp-json\/wp\/v2\/product_cat?post=721497"},{"taxonomy":"product_tag","embeddable":true,"href":"https:\/\/roveyayinevi.com.tr\/index.php\/wp-json\/wp\/v2\/product_tag?post=721497"}],"curies":[{"name":"wp","href":"https:\/\/api.w.org\/{rel}","templated":true}]}}