{"id":721494,"date":"2025-08-27T18:51:03","date_gmt":"2025-08-27T15:51:03","guid":{"rendered":"https:\/\/roveyayinevi.com.tr\/index.php\/urun\/uykusuz-koala\/"},"modified":"2026-04-16T02:29:24","modified_gmt":"2026-04-15T23:29:24","slug":"uykusuz-koala","status":"publish","type":"product","link":"https:\/\/roveyayinevi.com.tr\/index.php\/urun\/uykusuz-koala\/","title":{"rendered":"Uykusuz Koala"},"content":{"rendered":"<p>Ormanda her g\u00fcn a\u011fa\u00e7 dallar\u0131na sar\u0131l\u0131p m\u0131\u015f\u0131l m\u0131\u015f\u0131l uyuyan k\u00fc\u00e7\u00fck koala bir g\u00fcn b\u00fcy\u00fck bir g\u00fcr\u00fclt\u00fcyle uykusundan uyan\u0131r ve uyudu\u011fu a\u011fa\u00e7tan PAT! diye d\u00fc\u015f\u00fcp kendini yerde bulur. \u015ea\u015fk\u0131n \u015fa\u015fk\u0131n etraf\u0131na bak\u0131nca bir de ne g\u00f6rs\u00fcn! Sar\u0131l\u0131p uyudu\u011fu g\u00fczelim a\u011fa\u00e7lar\u0131n yerinde yeller esiyor! Ne yapaca\u011f\u0131n\u0131 bilmeyen k\u00fc\u00e7\u00fck koala ne kadar u\u011fra\u015fsa da bir daha uyuyamaz ve sar\u0131lacak bir a\u011fa\u00e7 bulabilmek umuduyla az pati uz pati, dere tepe d\u00fcz pati d\u00fc\u015fer yola. Acaba k\u00fc\u00e7\u00fck koala yine eskisi gibi m\u0131\u015f\u0131l m\u0131\u015f\u0131l uyuyabilecek midir?K\u00fcbra Nur \u00d6zke\u00e7eci, Uykusuz Koala hik\u00e2yesiyle \u00e7ocuklar\u0131 do\u011fa temelli bir uyku yolculu\u011funa davet ediyor.<\/p>\n","protected":false},"excerpt":{"rendered":"<p>Ormanda her g\u00fcn a\u011fa\u00e7 dallar\u0131na sar\u0131l\u0131p m\u0131\u015f\u0131l m\u0131\u015f\u0131l uyuyan k\u00fc\u00e7\u00fck koala bir g\u00fcn b\u00fcy\u00fck bir g\u00fcr\u00fclt\u00fcyle uykusundan uyan\u0131r ve uyudu\u011fu a\u011fa\u00e7tan PAT! diye d\u00fc\u015f\u00fcp kendini yerde<span class=\"excerpt-hellip\"> [\u2026]<\/span><\/p>\n","protected":false},"featured_media":0,"template":"","meta":{"_monsterinsights_skip_tracking":false,"_monsterinsights_sitenote_active":false,"_monsterinsights_sitenote_note":"","_monsterinsights_sitenote_category":0},"product_brand":[],"product_cat":[12913,12274],"product_tag":[],"class_list":{"0":"post-721494","1":"product","2":"type-product","3":"status-publish","5":"product_cat-3-6-yas-kitaplari","6":"product_cat-cocuk-ve-genclik-kitaplari","7":"pa_cilt-ciltli","8":"pa_tur-kitap","9":"pa_yayinevi-beyaz-balina-yayinlari","10":"pa_yazar-kubra-nur-ozkececi","12":"first","13":"instock","14":"sale","15":"shipping-taxable","16":"purchasable","17":"product-type-simple"},"_links":{"self":[{"href":"https:\/\/roveyayinevi.com.tr\/index.php\/wp-json\/wp\/v2\/product\/721494","targetHints":{"allow":["GET"]}}],"collection":[{"href":"https:\/\/roveyayinevi.com.tr\/index.php\/wp-json\/wp\/v2\/product"}],"about":[{"href":"https:\/\/roveyayinevi.com.tr\/index.php\/wp-json\/wp\/v2\/types\/product"}],"wp:attachment":[{"href":"https:\/\/roveyayinevi.com.tr\/index.php\/wp-json\/wp\/v2\/media?parent=721494"}],"wp:term":[{"taxonomy":"product_brand","embeddable":true,"href":"https:\/\/roveyayinevi.com.tr\/index.php\/wp-json\/wp\/v2\/product_brand?post=721494"},{"taxonomy":"product_cat","embeddable":true,"href":"https:\/\/roveyayinevi.com.tr\/index.php\/wp-json\/wp\/v2\/product_cat?post=721494"},{"taxonomy":"product_tag","embeddable":true,"href":"https:\/\/roveyayinevi.com.tr\/index.php\/wp-json\/wp\/v2\/product_tag?post=721494"}],"curies":[{"name":"wp","href":"https:\/\/api.w.org\/{rel}","templated":true}]}}