{"id":721489,"date":"2025-08-27T18:50:59","date_gmt":"2025-08-27T15:50:59","guid":{"rendered":"https:\/\/roveyayinevi.com.tr\/index.php\/urun\/dostlar-kitabi\/"},"modified":"2026-04-16T02:29:23","modified_gmt":"2026-04-15T23:29:23","slug":"dostlar-kitabi","status":"publish","type":"product","link":"https:\/\/roveyayinevi.com.tr\/index.php\/urun\/dostlar-kitabi\/","title":{"rendered":"Dostlar Kitab\u0131"},"content":{"rendered":"<p>Birlikte y\u00fcr\u00fcme cesaretidir dostluk,bir ba\u015f\u0131na kalaca\u011f\u0131n\u0131 san\u0131rs\u0131n oysa ikisindir!\u201cDostluklar rastlant\u0131sal geli\u015fmiyor. Onca insanla birlikte yola \u00e7\u0131kt\u0131m, ilerledim, ayr\u0131ld\u0131klar\u0131m oldu. Ama ki\u015fili\u011fime imza koyanlar ayr\u0131 renktir. \u00dczerine titrerim onlar\u0131n. Ya\u015f\u0131m\u0131n ileri olmas\u0131, deneyimlerim, okuryazarl\u0131\u011f\u0131m elbette bak\u0131\u015f\u0131m\u0131 belirler ancak, \u00f6yle ki\u015filer olur ki, tak\u0131nd\u0131klar\u0131 tutumla heykelinize bi\u00e7im verirken, en de\u011ferli izi b\u0131rak\u0131rlar.\u201d<\/p>\n","protected":false},"excerpt":{"rendered":"<p>Birlikte y\u00fcr\u00fcme cesaretidir dostluk,bir ba\u015f\u0131na kalaca\u011f\u0131n\u0131 san\u0131rs\u0131n oysa ikisindir!\u201cDostluklar rastlant\u0131sal geli\u015fmiyor. Onca insanla birlikte yola \u00e7\u0131kt\u0131m, ilerledim, ayr\u0131ld\u0131klar\u0131m oldu. Ama ki\u015fili\u011fime imza koyanlar ayr\u0131 renktir. \u00dczerine<span class=\"excerpt-hellip\"> [\u2026]<\/span><\/p>\n","protected":false},"featured_media":0,"template":"","meta":{"_monsterinsights_skip_tracking":false,"_monsterinsights_sitenote_active":false,"_monsterinsights_sitenote_note":"","_monsterinsights_sitenote_category":0},"product_brand":[],"product_cat":[13701,12291],"product_tag":[],"class_list":{"0":"post-721489","1":"product","2":"type-product","3":"status-publish","5":"product_cat-ani-mektup-gunluk","6":"product_cat-edebiyat","7":"pa_cilt-ciltsiz","8":"pa_tur-kitap","9":"pa_yayinevi-dogan-kitap","10":"pa_yazar-enver-aysever","12":"first","13":"instock","14":"sale","15":"shipping-taxable","16":"purchasable","17":"product-type-simple"},"_links":{"self":[{"href":"https:\/\/roveyayinevi.com.tr\/index.php\/wp-json\/wp\/v2\/product\/721489","targetHints":{"allow":["GET"]}}],"collection":[{"href":"https:\/\/roveyayinevi.com.tr\/index.php\/wp-json\/wp\/v2\/product"}],"about":[{"href":"https:\/\/roveyayinevi.com.tr\/index.php\/wp-json\/wp\/v2\/types\/product"}],"wp:attachment":[{"href":"https:\/\/roveyayinevi.com.tr\/index.php\/wp-json\/wp\/v2\/media?parent=721489"}],"wp:term":[{"taxonomy":"product_brand","embeddable":true,"href":"https:\/\/roveyayinevi.com.tr\/index.php\/wp-json\/wp\/v2\/product_brand?post=721489"},{"taxonomy":"product_cat","embeddable":true,"href":"https:\/\/roveyayinevi.com.tr\/index.php\/wp-json\/wp\/v2\/product_cat?post=721489"},{"taxonomy":"product_tag","embeddable":true,"href":"https:\/\/roveyayinevi.com.tr\/index.php\/wp-json\/wp\/v2\/product_tag?post=721489"}],"curies":[{"name":"wp","href":"https:\/\/api.w.org\/{rel}","templated":true}]}}