{"id":721487,"date":"2025-08-27T18:50:57","date_gmt":"2025-08-27T15:50:57","guid":{"rendered":"https:\/\/roveyayinevi.com.tr\/index.php\/urun\/bilim-okulu-paralel-evren-yolculari\/"},"modified":"2026-04-16T02:29:23","modified_gmt":"2026-04-15T23:29:23","slug":"bilim-okulu-paralel-evren-yolculari","status":"publish","type":"product","link":"https:\/\/roveyayinevi.com.tr\/index.php\/urun\/bilim-okulu-paralel-evren-yolculari\/","title":{"rendered":"Bilim Okulu Paralel Evren Yolcular\u0131"},"content":{"rendered":"<p>Okulla gidilen bir Cern Gezisi\u2026 D\u00fcnyan\u0131n en g\u00fcvenilir \u00fclkesinde, her t\u00fcrl\u00fc \u00f6nlemlerin al\u0131nm\u0131\u015f oldu\u011fu bir laboratuvarda \u00e7ocuklar\u0131n ba\u015flar\u0131na en fazla ne gelebilir ki?Ama kahramanlar\u0131m\u0131z Can ve G\u00fcl ise her \u015fey olabilir. Bu sefer G\u00fcl ve Can bamba\u015fka bir maceraya yollan\u0131yorlar. Ger\u00e7ekten yollan\u0131yorlar \u00e7\u00fcnk\u00fc Cern\u2019de yap\u0131lan bir deneyin sonucunda i\u00e7inde bulunduklar\u0131 bir kaps\u00fcl hi\u00e7 ummad\u0131klar\u0131 bir yere g\u00f6t\u00fcr\u00fcyor onlar\u0131, paralel evrene!Tamamen farkl\u0131 kurallar\u0131n, farkl\u0131 teknolojilerin h\u00e2kim oldu\u011fu bu yerde Can ve G\u00fcl hayatta kalabilmek i\u00e7in kimlerden yard\u0131m alacak, evlerine geri d\u00f6nebilmek i\u00e7in nas\u0131l bir \u00e7\u00f6z\u00fcm bulacaklar?Bilim Okulu serisinin ikinci kitab\u0131 Paralel Evren Yolcular\u0131 sizi Tesla d\u00fcnyas\u0131na davet ediyor. Can ve G\u00fcl ile evrenler aras\u0131 bir yolculuk yapmaya haz\u0131r m\u0131s\u0131n\u0131z?<\/p>\n","protected":false},"excerpt":{"rendered":"<p>Okulla gidilen bir Cern Gezisi\u2026 D\u00fcnyan\u0131n en g\u00fcvenilir \u00fclkesinde, her t\u00fcrl\u00fc \u00f6nlemlerin al\u0131nm\u0131\u015f oldu\u011fu bir laboratuvarda \u00e7ocuklar\u0131n ba\u015flar\u0131na en fazla ne gelebilir ki?Ama kahramanlar\u0131m\u0131z Can ve<span class=\"excerpt-hellip\"> [\u2026]<\/span><\/p>\n","protected":false},"featured_media":0,"template":"","meta":{"_monsterinsights_skip_tracking":false,"_monsterinsights_sitenote_active":false,"_monsterinsights_sitenote_note":"","_monsterinsights_sitenote_category":0},"product_brand":[],"product_cat":[12274,12631],"product_tag":[],"class_list":{"0":"post-721487","1":"product","2":"type-product","3":"status-publish","5":"product_cat-cocuk-ve-genclik-kitaplari","6":"product_cat-diger-cocuk-ve-genclik-kitaplari","7":"pa_cilt-ciltsiz","8":"pa_tur-kitap","9":"pa_yayinevi-eksik-parca-yayinlari","10":"pa_yazar-damla-kunc-kocman","12":"first","13":"instock","14":"sale","15":"shipping-taxable","16":"purchasable","17":"product-type-simple"},"_links":{"self":[{"href":"https:\/\/roveyayinevi.com.tr\/index.php\/wp-json\/wp\/v2\/product\/721487","targetHints":{"allow":["GET"]}}],"collection":[{"href":"https:\/\/roveyayinevi.com.tr\/index.php\/wp-json\/wp\/v2\/product"}],"about":[{"href":"https:\/\/roveyayinevi.com.tr\/index.php\/wp-json\/wp\/v2\/types\/product"}],"wp:attachment":[{"href":"https:\/\/roveyayinevi.com.tr\/index.php\/wp-json\/wp\/v2\/media?parent=721487"}],"wp:term":[{"taxonomy":"product_brand","embeddable":true,"href":"https:\/\/roveyayinevi.com.tr\/index.php\/wp-json\/wp\/v2\/product_brand?post=721487"},{"taxonomy":"product_cat","embeddable":true,"href":"https:\/\/roveyayinevi.com.tr\/index.php\/wp-json\/wp\/v2\/product_cat?post=721487"},{"taxonomy":"product_tag","embeddable":true,"href":"https:\/\/roveyayinevi.com.tr\/index.php\/wp-json\/wp\/v2\/product_tag?post=721487"}],"curies":[{"name":"wp","href":"https:\/\/api.w.org\/{rel}","templated":true}]}}