{"id":721486,"date":"2025-08-27T18:50:56","date_gmt":"2025-08-27T15:50:56","guid":{"rendered":"https:\/\/roveyayinevi.com.tr\/index.php\/urun\/cocuklar-icin-yazmak\/"},"modified":"2026-04-16T02:29:23","modified_gmt":"2026-04-15T23:29:23","slug":"cocuklar-icin-yazmak","status":"publish","type":"product","link":"https:\/\/roveyayinevi.com.tr\/index.php\/urun\/cocuklar-icin-yazmak\/","title":{"rendered":"\u00c7ocuklar \u0130\u00e7in Yazmak"},"content":{"rendered":"<p>\u00c7ocuk kitab\u0131 yazmak istiyorum ama nereden ba\u015flamal\u0131y\u0131m?Bir kitap yazd\u0131m ama nas\u0131l yay\u0131mlatabilirim?Yazd\u0131klar\u0131m\u0131 \u00e7ocuklara nas\u0131l sevdirebilirim?\u00c7ocuklara okumay\u0131 sevdiren yazar Fatih Erdo\u011fan&#8217;\u0131n usta kaleminden \u00e7\u0131kan bu kapsaml\u0131 rehberde, t\u00fcm bu sorular\u0131n yan\u0131t\u0131n\u0131 ve \u00e7ok daha fazlas\u0131n\u0131 bulacaks\u0131n\u0131z.Fatih Erdo\u011fan&#8217;\u0131n, bir yazar, \u00e7izer, \u00e7evirmen, edit\u00f6r ve yay\u0131mc\u0131 olarak 40 y\u0131lda edindi\u011fi e\u015fsiz birikimini her zamanki a\u00e7\u0131k ve renkli \u00fcslubuyla payla\u015ft\u0131\u011f\u0131 bu kitap, hem yazmaya yeni heveslenenler i\u00e7in hem de kendini geli\u015ftirmek isteyen yazarlar i\u00e7in e\u015fsiz bir kaynak.<\/p>\n","protected":false},"excerpt":{"rendered":"<p>\u00c7ocuk kitab\u0131 yazmak istiyorum ama nereden ba\u015flamal\u0131y\u0131m?Bir kitap yazd\u0131m ama nas\u0131l yay\u0131mlatabilirim?Yazd\u0131klar\u0131m\u0131 \u00e7ocuklara nas\u0131l sevdirebilirim?\u00c7ocuklara okumay\u0131 sevdiren yazar Fatih Erdo\u011fan&#8217;\u0131n usta kaleminden \u00e7\u0131kan bu kapsaml\u0131 rehberde,<span class=\"excerpt-hellip\"> [\u2026]<\/span><\/p>\n","protected":false},"featured_media":0,"template":"","meta":{"_monsterinsights_skip_tracking":false,"_monsterinsights_sitenote_active":false,"_monsterinsights_sitenote_note":"","_monsterinsights_sitenote_category":0},"product_brand":[],"product_cat":[28265,15563],"product_tag":[],"class_list":{"0":"post-721486","1":"product","2":"type-product","3":"status-publish","5":"product_cat-diger-hobi","6":"product_cat-hobi","7":"pa_cilt-ciltsiz","8":"pa_tur-kitap","9":"pa_yayinevi-binbirkitap-yayinevi","10":"pa_yazar-fatih-erdogan","12":"first","13":"instock","14":"sale","15":"shipping-taxable","16":"purchasable","17":"product-type-simple"},"_links":{"self":[{"href":"https:\/\/roveyayinevi.com.tr\/index.php\/wp-json\/wp\/v2\/product\/721486","targetHints":{"allow":["GET"]}}],"collection":[{"href":"https:\/\/roveyayinevi.com.tr\/index.php\/wp-json\/wp\/v2\/product"}],"about":[{"href":"https:\/\/roveyayinevi.com.tr\/index.php\/wp-json\/wp\/v2\/types\/product"}],"wp:attachment":[{"href":"https:\/\/roveyayinevi.com.tr\/index.php\/wp-json\/wp\/v2\/media?parent=721486"}],"wp:term":[{"taxonomy":"product_brand","embeddable":true,"href":"https:\/\/roveyayinevi.com.tr\/index.php\/wp-json\/wp\/v2\/product_brand?post=721486"},{"taxonomy":"product_cat","embeddable":true,"href":"https:\/\/roveyayinevi.com.tr\/index.php\/wp-json\/wp\/v2\/product_cat?post=721486"},{"taxonomy":"product_tag","embeddable":true,"href":"https:\/\/roveyayinevi.com.tr\/index.php\/wp-json\/wp\/v2\/product_tag?post=721486"}],"curies":[{"name":"wp","href":"https:\/\/api.w.org\/{rel}","templated":true}]}}