{"id":721483,"date":"2025-08-27T18:50:54","date_gmt":"2025-08-27T15:50:54","guid":{"rendered":"https:\/\/roveyayinevi.com.tr\/index.php\/urun\/bilgi-kupu-6-sinif-yeni-nesil-sosyal-bilgiler\/"},"modified":"2026-04-16T02:29:23","modified_gmt":"2026-04-15T23:29:23","slug":"bilgi-kupu-6-sinif-yeni-nesil-sosyal-bilgiler","status":"publish","type":"product","link":"https:\/\/roveyayinevi.com.tr\/index.php\/urun\/bilgi-kupu-6-sinif-yeni-nesil-sosyal-bilgiler\/","title":{"rendered":"Bilgi K\u00fcp\u00fc 6. S\u0131n\u0131f Yeni Nesil Sosyal Bilgiler"},"content":{"rendered":"<p>Pratik ve ak\u0131lda kal\u0131c\u0131 Konu \u00d6zetleriAl\u0131\u015ft\u0131rmalar ve etkinliklerden olu\u015fan \u00d6\u011freten \u00c7al\u0131\u015fmalarZengin i\u00e7erikli Tekrar \u00c7al\u0131\u015fmalar\u0131Yeni nesil sorularla harmanlanm\u0131\u015f Peki\u015ftirme Testleri<\/p>\n","protected":false},"excerpt":{"rendered":"<p>Pratik ve ak\u0131lda kal\u0131c\u0131 Konu \u00d6zetleriAl\u0131\u015ft\u0131rmalar ve etkinliklerden olu\u015fan \u00d6\u011freten \u00c7al\u0131\u015fmalarZengin i\u00e7erikli Tekrar \u00c7al\u0131\u015fmalar\u0131Yeni nesil sorularla harmanlanm\u0131\u015f Peki\u015ftirme Testleri<\/p>\n","protected":false},"featured_media":0,"template":"","meta":{"_monsterinsights_skip_tracking":false,"_monsterinsights_sitenote_active":false,"_monsterinsights_sitenote_note":"","_monsterinsights_sitenote_category":0},"product_brand":[],"product_cat":[12566,57015,50915,13473],"product_tag":[],"class_list":{"0":"post-721483","1":"product","2":"type-product","3":"status-publish","5":"product_cat-egitim","6":"product_cat-ortaogretim-6-sinif","7":"product_cat-ortaogretim-yardimci-kitaplar","8":"product_cat-sinavlara-hazirlik-okula-yardimci-kaynaklar","9":"pa_cilt-ciltsiz","10":"pa_tur-kitap","11":"pa_yayinevi-bilgi-kupu","12":"pa_yazar-kolektif","14":"first","15":"instock","16":"sale","17":"shipping-taxable","18":"purchasable","19":"product-type-simple"},"_links":{"self":[{"href":"https:\/\/roveyayinevi.com.tr\/index.php\/wp-json\/wp\/v2\/product\/721483","targetHints":{"allow":["GET"]}}],"collection":[{"href":"https:\/\/roveyayinevi.com.tr\/index.php\/wp-json\/wp\/v2\/product"}],"about":[{"href":"https:\/\/roveyayinevi.com.tr\/index.php\/wp-json\/wp\/v2\/types\/product"}],"wp:attachment":[{"href":"https:\/\/roveyayinevi.com.tr\/index.php\/wp-json\/wp\/v2\/media?parent=721483"}],"wp:term":[{"taxonomy":"product_brand","embeddable":true,"href":"https:\/\/roveyayinevi.com.tr\/index.php\/wp-json\/wp\/v2\/product_brand?post=721483"},{"taxonomy":"product_cat","embeddable":true,"href":"https:\/\/roveyayinevi.com.tr\/index.php\/wp-json\/wp\/v2\/product_cat?post=721483"},{"taxonomy":"product_tag","embeddable":true,"href":"https:\/\/roveyayinevi.com.tr\/index.php\/wp-json\/wp\/v2\/product_tag?post=721483"}],"curies":[{"name":"wp","href":"https:\/\/api.w.org\/{rel}","templated":true}]}}