{"id":721477,"date":"2025-08-27T18:50:50","date_gmt":"2025-08-27T15:50:50","guid":{"rendered":"https:\/\/roveyayinevi.com.tr\/index.php\/urun\/iyi-hissetmek-bir-secimdir\/"},"modified":"2025-09-13T16:26:36","modified_gmt":"2025-09-13T13:26:36","slug":"iyi-hissetmek-bir-secimdir","status":"publish","type":"product","link":"https:\/\/roveyayinevi.com.tr\/index.php\/urun\/iyi-hissetmek-bir-secimdir\/","title":{"rendered":"\u0130yi Hissetmek Bir Se\u00e7imdir"},"content":{"rendered":"<p>Seni mutsuz eden hi\u00e7bir \u015feye ihtiyac\u0131n yok.   \u201cSana kendini k\u00f6t\u00fc hissettiren her \u015feye arkan\u0131 d\u00f6n, hem de hi\u00e7 d\u00fc\u015f\u00fcnmeden. Nerede mutlu, nerede \u00f6zg\u00fcr ve iyi hissediyorsan oraya git. Seni mutlu etmeyen hi\u00e7bir \u015feye bir dakikan\u0131 bile harcama, zaman\u0131n k\u0131s\u0131tl\u0131. \u0130yi yiyecekler yersen iyi hissedersin. T\u0131pk\u0131 iyi enerjiler gibi. Daha \u00e7ok kitap oku, kendine sa\u011fl\u0131kl\u0131 yemekler yapmay\u0131 \u00f6\u011fren, daha iyi kahveler i\u00e7. Kendini sev \u00f6nce, sonra seversin zaten geri kalan her \u015feyi de. Aksini s\u00f6yleyene g\u00fcl ge\u00e7. Hatta bir\u00e7ok \u015feye g\u00fcl ge\u00e7. Hepsi sand\u0131\u011f\u0131n kadar \u00f6nemli de\u011fil. Kendine inan, hi\u00e7 kimseye inanmad\u0131\u011f\u0131n kadar&#8230; Kendine de\u011fer ver ve \u00f6nemse ama ukala olma asla. Anla\u015f\u0131lmad\u0131\u011f\u0131n yerde zorlama, herkesin \u0131\u015f\u0131\u011f\u0131 yetmez seni anlamaya. D\u0131\u015far\u0131 \u00e7\u0131k, y\u00fcr\u00fc, ko\u015f ya da sadece i\u00e7ine \u00e7ek havay\u0131 ama hisset hissedebiliyorken ya\u015fad\u0131\u011f\u0131n\u0131. Zaman\u0131n k\u0131s\u0131tl\u0131. Nerede daha mutluysan oraya git. Seni ne mutlu ediyorsa onu yap.\u201d <\/p>\n","protected":false},"excerpt":{"rendered":"<p>Seni mutsuz eden hi\u00e7bir \u015feye ihtiyac\u0131n yok. \u201cSana kendini k\u00f6t\u00fc hissettiren her \u015feye arkan\u0131 d\u00f6n, hem de hi\u00e7 d\u00fc\u015f\u00fcnmeden. Nerede mutlu, nerede \u00f6zg\u00fcr ve iyi hissediyorsan<span class=\"excerpt-hellip\"> [\u2026]<\/span><\/p>\n","protected":false},"featured_media":0,"template":"","meta":{"_monsterinsights_skip_tracking":false,"_monsterinsights_sitenote_active":false,"_monsterinsights_sitenote_note":"","_monsterinsights_sitenote_category":0},"product_brand":[],"product_cat":[12364,12376],"product_tag":[],"class_list":{"0":"post-721477","1":"product","2":"type-product","3":"status-publish","5":"product_cat-genel-konular","6":"product_cat-kisisel-gelisim","7":"pa_cilt-ciltsiz","8":"pa_tur-kitap","9":"pa_yayinevi-destek-yayinlari","10":"pa_yazar-betul-kulege","12":"first","13":"instock","14":"sale","15":"shipping-taxable","16":"purchasable","17":"product-type-simple"},"_links":{"self":[{"href":"https:\/\/roveyayinevi.com.tr\/index.php\/wp-json\/wp\/v2\/product\/721477","targetHints":{"allow":["GET"]}}],"collection":[{"href":"https:\/\/roveyayinevi.com.tr\/index.php\/wp-json\/wp\/v2\/product"}],"about":[{"href":"https:\/\/roveyayinevi.com.tr\/index.php\/wp-json\/wp\/v2\/types\/product"}],"wp:attachment":[{"href":"https:\/\/roveyayinevi.com.tr\/index.php\/wp-json\/wp\/v2\/media?parent=721477"}],"wp:term":[{"taxonomy":"product_brand","embeddable":true,"href":"https:\/\/roveyayinevi.com.tr\/index.php\/wp-json\/wp\/v2\/product_brand?post=721477"},{"taxonomy":"product_cat","embeddable":true,"href":"https:\/\/roveyayinevi.com.tr\/index.php\/wp-json\/wp\/v2\/product_cat?post=721477"},{"taxonomy":"product_tag","embeddable":true,"href":"https:\/\/roveyayinevi.com.tr\/index.php\/wp-json\/wp\/v2\/product_tag?post=721477"}],"curies":[{"name":"wp","href":"https:\/\/api.w.org\/{rel}","templated":true}]}}