{"id":721476,"date":"2025-08-27T18:50:49","date_gmt":"2025-08-27T15:50:49","guid":{"rendered":"https:\/\/roveyayinevi.com.tr\/index.php\/urun\/isimsiz-bebek\/"},"modified":"2026-04-16T02:29:23","modified_gmt":"2026-04-15T23:29:23","slug":"isimsiz-bebek","status":"publish","type":"product","link":"https:\/\/roveyayinevi.com.tr\/index.php\/urun\/isimsiz-bebek\/","title":{"rendered":"\u0130simsiz Bebek"},"content":{"rendered":"<p>Okumak m\u0131, Anlamak m\u0131?   \u015eiirleri ilk kez okudu\u011fumda formdan daha \u00e7ok i\u00e7eri\u011fi tak\u0131ld\u0131 kafama. \u201cNe \u00e7ok \u00f6l\u00fcm var i\u00e7inde\u201d dedim kendi kendime. \u00d6l\u00fcm t\u00fcm anlat\u0131lar\u0131n ba\u015frol\u00fcyd\u00fc sanki&#8230; Ama okumaya devam ettik\u00e7e \u201c\u00f6l\u00fcm\u201d imgesinin asl\u0131nda ya\u015famay\u0131 ve ya\u015fatmay\u0131 arzulayan bir ruhun \u00e7\u0131\u011fl\u0131\u011f\u0131 oldu\u011funu anlad\u0131m. Ya\u015fam\u0131n verdi\u011fi en b\u00fcy\u00fck ders \u00f6l\u00fcmd\u00fcr derler. \u015eiirlerin sanki \u201cDers al\u0131n!\u201d dercesine ger\u00e7ekleri y\u00fcz\u00fcm\u00fcze vurdu\u011funu g\u00f6rd\u00fcm. Ya\u015faman\u0131n, hakk\u0131yla, lay\u0131k\u0131yla, insanca ya\u015faman\u0131n avucunda kor ate\u015f ta\u015f\u0131mak kadar zor oldu\u011fu bir co\u011frafya ve k\u00fclt\u00fcrde \u00f6l\u00fcm\u00fcn kendisini esir alamayaca\u011f\u0131n\u0131 hayk\u0131ran bir hassas ruh duydum. \u0130lk kez \u00f6l\u00fcmle, ac\u0131larla, travmalarla ya\u015famay\u0131 ve ya\u015fam\u0131n ad\u0131 olan a\u015fk\u0131 bu denli canl\u0131 anlatan vefal\u0131 bir ses duydum. Aleni olmayan, ortaya d\u00f6k\u00fclmeyen, iki ki\u015fi aras\u0131nda vefal\u0131 bir i\u00e7ses&#8230; Okuduk\u00e7a, \u015fiirlerdeki her \u00f6l\u00fcm\u00fcn, ya\u015fanan her bir ac\u0131n\u0131n asl\u0131nda bir ya\u015fama ve ya\u015fatma \u00e7\u0131\u011fl\u0131\u011f\u0131 oldu\u011funu g\u00f6receksiniz. Okuduk\u00e7a bir bireyin d\u00fcnyaya meydan okumas\u0131n\u0131 g\u00f6receksiniz. \u015eair en g\u00fcr sesiyle t\u00fcm k\u00f6t\u00fcl\u00fcklere, cehalete, \u00f6nyarg\u0131lara, adaletsizliklere, yanl\u0131\u015f geleneklere, ihanetlere, vefas\u0131zl\u0131klara, sevgisizliklere \u201cArt\u0131k yeter!\u201d diyor, en sa\u011f\u0131r kulaklara&#8230; Okuyun ve ya\u015fam\u0131n de\u011ferini en b\u00fcy\u00fck \u00f6\u011fretmen olan \u00d6l\u00fcm\u2019den bir kez daha dinleyin. Kavu\u015fmay\u0131 ayr\u0131l\u0131klardan, sevinci ac\u0131lardan, ihaneti vefadan dinleyin. Okuyun ve ac\u0131lar\u0131n, kederlerin bir insan\u0131 nas\u0131l insan yapt\u0131\u011f\u0131n\u0131 g\u00f6r\u00fcn&#8230; Ben \u00f6zg\u00fcr soneler diyorum bu anlat\u0131lara. Sone tad\u0131nda ama kural yok, k\u0131s\u0131t yok, kelep\u00e7eler yok&#8230; Duymak isteyene melodi de var, t\u0131n\u0131 da var, ahenk de. Ama \u00f6nce ak\u0131l, \u00f6nce kalp, \u00f6nce ruh&#8230; Okuyun, zorlama kafiyelere, seslere, melodilere tak\u0131lmadan, hissederek okuyun. \u00c7\u00fcnk\u00fc bu anlat\u0131lar salt kula\u011fa de\u011fil, daha \u00e7ok akla, kalbe ve ruha hitap ediyor. Yoksa ne fark\u0131 kal\u0131r iyi bir \u015fiirin e\u011flenceli bir \u015fark\u0131dan? Ne diyelim; mademki mukadder son \u00f6l\u00fcm, \u00f6yleyse: \u201c\u00d6lecekse a\u015fktan \u00f6ls\u00fcn insan.\u201d <\/p>\n","protected":false},"excerpt":{"rendered":"<p>Okumak m\u0131, Anlamak m\u0131? \u015eiirleri ilk kez okudu\u011fumda formdan daha \u00e7ok i\u00e7eri\u011fi tak\u0131ld\u0131 kafama. \u201cNe \u00e7ok \u00f6l\u00fcm var i\u00e7inde\u201d dedim kendi kendime. \u00d6l\u00fcm t\u00fcm anlat\u0131lar\u0131n ba\u015frol\u00fcyd\u00fc<span class=\"excerpt-hellip\"> [\u2026]<\/span><\/p>\n","protected":false},"featured_media":0,"template":"","meta":{"_monsterinsights_skip_tracking":false,"_monsterinsights_sitenote_active":false,"_monsterinsights_sitenote_note":"","_monsterinsights_sitenote_category":0},"product_brand":[],"product_cat":[12291,12509],"product_tag":[],"class_list":{"0":"post-721476","1":"product","2":"type-product","3":"status-publish","5":"product_cat-edebiyat","6":"product_cat-siir","7":"pa_cilt-ciltsiz","8":"pa_tur-kitap","9":"pa_yayinevi-destek-yayinlari","10":"pa_yazar-hamit-izol","12":"first","13":"instock","14":"sale","15":"shipping-taxable","16":"purchasable","17":"product-type-simple"},"_links":{"self":[{"href":"https:\/\/roveyayinevi.com.tr\/index.php\/wp-json\/wp\/v2\/product\/721476","targetHints":{"allow":["GET"]}}],"collection":[{"href":"https:\/\/roveyayinevi.com.tr\/index.php\/wp-json\/wp\/v2\/product"}],"about":[{"href":"https:\/\/roveyayinevi.com.tr\/index.php\/wp-json\/wp\/v2\/types\/product"}],"wp:attachment":[{"href":"https:\/\/roveyayinevi.com.tr\/index.php\/wp-json\/wp\/v2\/media?parent=721476"}],"wp:term":[{"taxonomy":"product_brand","embeddable":true,"href":"https:\/\/roveyayinevi.com.tr\/index.php\/wp-json\/wp\/v2\/product_brand?post=721476"},{"taxonomy":"product_cat","embeddable":true,"href":"https:\/\/roveyayinevi.com.tr\/index.php\/wp-json\/wp\/v2\/product_cat?post=721476"},{"taxonomy":"product_tag","embeddable":true,"href":"https:\/\/roveyayinevi.com.tr\/index.php\/wp-json\/wp\/v2\/product_tag?post=721476"}],"curies":[{"name":"wp","href":"https:\/\/api.w.org\/{rel}","templated":true}]}}