{"id":721474,"date":"2025-08-27T18:50:48","date_gmt":"2025-08-27T15:50:48","guid":{"rendered":"https:\/\/roveyayinevi.com.tr\/index.php\/urun\/barbar-kentler-dost-sehirler\/"},"modified":"2025-11-13T05:39:21","modified_gmt":"2025-11-13T02:39:21","slug":"barbar-kentler-dost-sehirler","status":"publish","type":"product","link":"https:\/\/roveyayinevi.com.tr\/index.php\/urun\/barbar-kentler-dost-sehirler\/","title":{"rendered":"Barbar Kentler Dost \u015eehirler"},"content":{"rendered":"<p>\u201cHer \u015feye ra\u011fmen me\u015fru y\u00f6ntemlerle uygarl\u0131k kurma yolunda insanl\u0131\u011f\u0131n \u00f6n\u00fc kapal\u0131 de\u011fil; onu engelleyen, k\u0131s\u0131tlayan hususi bir din\u00ee emir de yok. Lakin kutsal kitaplar bu hususta tek bir \u015fart \u00f6ne s\u00fcr\u00fcyorlar; \u201cZulmetmeyeceksin\u201d Yani; kom\u015funa haks\u0131z yere sava\u015f a\u00e7mayacaks\u0131n, su\u00e7suz yere kimseyi \u00f6ld\u00fcrmeyeceksin, zay\u0131flar\u0131 k\u00f6lele\u015ftirmeyeceksin, eme\u011fi s\u00f6m\u00fcrmeyeceksin. Buraya bir ilave de ben yapmak istiyorum; topra\u011f\u0131, tohumu, havay\u0131, dereyi, denizi kirletmeyeceksin. Bu \u015fartlar\u0131 yerine getiren bir uygarl\u0131k kurulacaksa ni\u00e7in kabul etmeyelim? <\/p>\n","protected":false},"excerpt":{"rendered":"<p>\u201cHer \u015feye ra\u011fmen me\u015fru y\u00f6ntemlerle uygarl\u0131k kurma yolunda insanl\u0131\u011f\u0131n \u00f6n\u00fc kapal\u0131 de\u011fil; onu engelleyen, k\u0131s\u0131tlayan hususi bir din\u00ee emir de yok. Lakin kutsal kitaplar bu hususta<span class=\"excerpt-hellip\"> [\u2026]<\/span><\/p>\n","protected":false},"featured_media":0,"template":"","meta":{"_monsterinsights_skip_tracking":false,"_monsterinsights_sitenote_active":false,"_monsterinsights_sitenote_note":"","_monsterinsights_sitenote_category":0},"product_brand":[],"product_cat":[12767,12324],"product_tag":[],"class_list":{"0":"post-721474","1":"product","2":"type-product","3":"status-publish","5":"product_cat-kentlesme-modernlesme","6":"product_cat-sosyoloji","7":"pa_cilt-ciltsiz","8":"pa_tur-kitap","9":"pa_yayinevi-karakum-yayinevi","10":"pa_yazar-semih-akseker","12":"first","13":"instock","14":"sale","15":"shipping-taxable","16":"purchasable","17":"product-type-simple"},"_links":{"self":[{"href":"https:\/\/roveyayinevi.com.tr\/index.php\/wp-json\/wp\/v2\/product\/721474","targetHints":{"allow":["GET"]}}],"collection":[{"href":"https:\/\/roveyayinevi.com.tr\/index.php\/wp-json\/wp\/v2\/product"}],"about":[{"href":"https:\/\/roveyayinevi.com.tr\/index.php\/wp-json\/wp\/v2\/types\/product"}],"wp:attachment":[{"href":"https:\/\/roveyayinevi.com.tr\/index.php\/wp-json\/wp\/v2\/media?parent=721474"}],"wp:term":[{"taxonomy":"product_brand","embeddable":true,"href":"https:\/\/roveyayinevi.com.tr\/index.php\/wp-json\/wp\/v2\/product_brand?post=721474"},{"taxonomy":"product_cat","embeddable":true,"href":"https:\/\/roveyayinevi.com.tr\/index.php\/wp-json\/wp\/v2\/product_cat?post=721474"},{"taxonomy":"product_tag","embeddable":true,"href":"https:\/\/roveyayinevi.com.tr\/index.php\/wp-json\/wp\/v2\/product_tag?post=721474"}],"curies":[{"name":"wp","href":"https:\/\/api.w.org\/{rel}","templated":true}]}}