{"id":721469,"date":"2025-08-27T18:50:44","date_gmt":"2025-08-27T15:50:44","guid":{"rendered":"https:\/\/roveyayinevi.com.tr\/index.php\/urun\/kopegim-kayboldu\/"},"modified":"2026-04-16T02:29:23","modified_gmt":"2026-04-15T23:29:23","slug":"kopegim-kayboldu","status":"publish","type":"product","link":"https:\/\/roveyayinevi.com.tr\/index.php\/urun\/kopegim-kayboldu\/","title":{"rendered":"K\u00f6pe\u011fim Kayboldu"},"content":{"rendered":"<p>K\u00f6pe\u011finiz kaybolsa ne yapars\u0131n\u0131z? Bu e\u011flenceli ve merak uyand\u0131ran kitapta k\u00f6pe\u011fini kaybeden bir \u00e7ocu\u011fun hik\u00e2yesi anlat\u0131l\u0131yor. Farkl\u0131 cinsteki k\u00f6peklerin \u00f6zellikleride esprili bir dille resmediliyor.<\/p>\n","protected":false},"excerpt":{"rendered":"<p>K\u00f6pe\u011finiz kaybolsa ne yapars\u0131n\u0131z? Bu e\u011flenceli ve merak uyand\u0131ran kitapta k\u00f6pe\u011fini kaybeden bir \u00e7ocu\u011fun hik\u00e2yesi anlat\u0131l\u0131yor. Farkl\u0131 cinsteki k\u00f6peklerin \u00f6zellikleride esprili bir dille resmediliyor.<\/p>\n","protected":false},"featured_media":0,"template":"","meta":{"_monsterinsights_skip_tracking":false,"_monsterinsights_sitenote_active":false,"_monsterinsights_sitenote_note":"","_monsterinsights_sitenote_category":0},"product_brand":[],"product_cat":[12274,12518],"product_tag":[],"class_list":{"0":"post-721469","1":"product","2":"type-product","3":"status-publish","5":"product_cat-cocuk-ve-genclik-kitaplari","6":"product_cat-okul-oncesi-kitaplar","7":"pa_cilt-ciltsiz","8":"pa_tur-kitap","9":"pa_yayinevi-hep-kitap","10":"pa_yazar-aytul-akal","12":"first","13":"instock","14":"sale","15":"shipping-taxable","16":"purchasable","17":"product-type-simple"},"_links":{"self":[{"href":"https:\/\/roveyayinevi.com.tr\/index.php\/wp-json\/wp\/v2\/product\/721469","targetHints":{"allow":["GET"]}}],"collection":[{"href":"https:\/\/roveyayinevi.com.tr\/index.php\/wp-json\/wp\/v2\/product"}],"about":[{"href":"https:\/\/roveyayinevi.com.tr\/index.php\/wp-json\/wp\/v2\/types\/product"}],"wp:attachment":[{"href":"https:\/\/roveyayinevi.com.tr\/index.php\/wp-json\/wp\/v2\/media?parent=721469"}],"wp:term":[{"taxonomy":"product_brand","embeddable":true,"href":"https:\/\/roveyayinevi.com.tr\/index.php\/wp-json\/wp\/v2\/product_brand?post=721469"},{"taxonomy":"product_cat","embeddable":true,"href":"https:\/\/roveyayinevi.com.tr\/index.php\/wp-json\/wp\/v2\/product_cat?post=721469"},{"taxonomy":"product_tag","embeddable":true,"href":"https:\/\/roveyayinevi.com.tr\/index.php\/wp-json\/wp\/v2\/product_tag?post=721469"}],"curies":[{"name":"wp","href":"https:\/\/api.w.org\/{rel}","templated":true}]}}