{"id":721467,"date":"2025-08-27T18:50:42","date_gmt":"2025-08-27T15:50:42","guid":{"rendered":"https:\/\/roveyayinevi.com.tr\/index.php\/urun\/agac-ve-demir\/"},"modified":"2026-04-16T02:29:23","modified_gmt":"2026-04-15T23:29:23","slug":"agac-ve-demir","status":"publish","type":"product","link":"https:\/\/roveyayinevi.com.tr\/index.php\/urun\/agac-ve-demir\/","title":{"rendered":"A\u011fa\u00e7 ve Demir"},"content":{"rendered":"<p>G\u00fcnlerden bir g\u00fcn orman\u0131n i\u00e7inden bir kamyon ge\u00e7er. Ge\u00e7erken de kamyondan pasl\u0131 b\u00fcy\u00fck bir demir boru yere d\u00fc\u015fer. Orman sakinlerini de bir merak al\u0131r. Borunun yan\u0131na yakla\u015fsalar m\u0131 uzak m\u0131 dursalar bir t\u00fcrl\u00fc karar veremezler.<\/p>\n","protected":false},"excerpt":{"rendered":"<p>G\u00fcnlerden bir g\u00fcn orman\u0131n i\u00e7inden bir kamyon ge\u00e7er. Ge\u00e7erken de kamyondan pasl\u0131 b\u00fcy\u00fck bir demir boru yere d\u00fc\u015fer. Orman sakinlerini de bir merak al\u0131r. Borunun yan\u0131na<span class=\"excerpt-hellip\"> [\u2026]<\/span><\/p>\n","protected":false},"featured_media":0,"template":"","meta":{"_monsterinsights_skip_tracking":false,"_monsterinsights_sitenote_active":false,"_monsterinsights_sitenote_note":"","_monsterinsights_sitenote_category":0},"product_brand":[],"product_cat":[12274,12518],"product_tag":[],"class_list":{"0":"post-721467","1":"product","2":"type-product","3":"status-publish","5":"product_cat-cocuk-ve-genclik-kitaplari","6":"product_cat-okul-oncesi-kitaplar","7":"pa_cilt-ciltsiz","8":"pa_tur-kitap","9":"pa_yayinevi-hep-kitap","10":"pa_yazar-aysun-berktay-ozmen","12":"first","13":"instock","14":"sale","15":"shipping-taxable","16":"purchasable","17":"product-type-simple"},"_links":{"self":[{"href":"https:\/\/roveyayinevi.com.tr\/index.php\/wp-json\/wp\/v2\/product\/721467","targetHints":{"allow":["GET"]}}],"collection":[{"href":"https:\/\/roveyayinevi.com.tr\/index.php\/wp-json\/wp\/v2\/product"}],"about":[{"href":"https:\/\/roveyayinevi.com.tr\/index.php\/wp-json\/wp\/v2\/types\/product"}],"wp:attachment":[{"href":"https:\/\/roveyayinevi.com.tr\/index.php\/wp-json\/wp\/v2\/media?parent=721467"}],"wp:term":[{"taxonomy":"product_brand","embeddable":true,"href":"https:\/\/roveyayinevi.com.tr\/index.php\/wp-json\/wp\/v2\/product_brand?post=721467"},{"taxonomy":"product_cat","embeddable":true,"href":"https:\/\/roveyayinevi.com.tr\/index.php\/wp-json\/wp\/v2\/product_cat?post=721467"},{"taxonomy":"product_tag","embeddable":true,"href":"https:\/\/roveyayinevi.com.tr\/index.php\/wp-json\/wp\/v2\/product_tag?post=721467"}],"curies":[{"name":"wp","href":"https:\/\/api.w.org\/{rel}","templated":true}]}}