{"id":721465,"date":"2025-08-27T18:50:40","date_gmt":"2025-08-27T15:50:40","guid":{"rendered":"https:\/\/roveyayinevi.com.tr\/index.php\/urun\/ipek-yolunun-muhafizlari\/"},"modified":"2026-04-16T02:29:23","modified_gmt":"2026-04-15T23:29:23","slug":"ipek-yolunun-muhafizlari","status":"publish","type":"product","link":"https:\/\/roveyayinevi.com.tr\/index.php\/urun\/ipek-yolunun-muhafizlari\/","title":{"rendered":"\u0130pek Yolu\u2019nun Muhaf\u0131zlar\u0131"},"content":{"rendered":"<p>Rivayet o ki Tanr\u0131 \u015f\u00f6yle der: \u201cBenim bir ordum vard\u0131r ona \u2018T\u00fcrk\u2019 ad\u0131n\u0131 verdim. Onlar\u0131 Do\u011fu\u2019da yerle\u015ftirdim. Bir kavme k\u0131zarsam T\u00fcrkleri onlara musallat k\u0131lar\u0131m.\u201d Tanr\u0131 taraf\u0131ndan sava\u015f\u00e7\u0131 yarat\u0131lm\u0131\u015f T\u00fcrklerin bu vasf\u0131, Orta \u00c7a\u011f kaynaklar\u0131n\u0131n ittifak etti\u011fi bir husustur. Orta \u00c7a\u011f\u2019da T\u00fcrklerin ya\u015fad\u0131\u011f\u0131 co\u011frafyan\u0131n \u00e7ok uzaklar\u0131nda en bat\u0131da, milletleri eserinde kar\u015f\u0131la\u015ft\u0131ran Almaria do\u011fumlu Said el-Endel\u00fcsi (\u00f6. 1070) dahi bunu iyi biliyordu: \u201cT\u00fcrkler ise \u00e7ok kalabal\u0131kt\u0131r. \u00dclkeleri geni\u015ftir. En usta olduklar\u0131 i\u015f, sava\u015flar ve sava\u015f aletleriyle u\u011fra\u015fmad\u0131r. En usta s\u00fcvaridirler, en iyi silah kullanmas\u0131n\u0131 ve ok atmas\u0131n\u0131 onlar bilirler.\u201dT\u00fcrk Hakanl\u0131\u011f\u0131 (Karahanl\u0131lar) ordular\u0131, yeni M\u00fcsl\u00fcman T\u00fcrk kimlikleri ile bozk\u0131rlarda ve kentlerde hakanlar\u0131n\u0131n kendi kendilerine \u201cd\u00fcnyan\u0131n efendisi\u201d unvan\u0131 vererek Tanr\u0131sal bir kutsiyet atfettikleri \u00fclk\u00fclerine ula\u015fma yolunda en \u00f6nemli askeri vas\u0131tada \u201cAt, T\u00fcrk\u2019\u00fcn kanad\u0131d\u0131r.\u201d s\u00f6z\u00fcn\u00fcn hakk\u0131n\u0131 verdiler.\u201cAsker beylerin kanat t\u00fcy\u00fcd\u00fcr. Ey beylerbeyi kanats\u0131z ku\u015f u\u00e7maz.\u201d dizelerinde i\u015faret edildi\u011fi \u00fczere zaferin yolunun askere her daim sahip \u00e7\u0131kmaktan ge\u00e7ti\u011finin bilinci ile davrand\u0131lar. K\u0131sacas\u0131 elinizdeki eserde, \u0130pek Yolu g\u00fczergah\u0131nda hem bozk\u0131rl\u0131 hem de kentli olma vas\u0131flar\u0131n\u0131 haiz T\u00fcrk Hakanl\u0131\u011f\u0131 ordusu \u00f6rne\u011finde T\u00fcrkleri \u00fcst\u00fcn k\u0131lan sava\u015f\u00e7\u0131l\u0131klar\u0131, sava\u015f aletleri ve sava\u015f sanatlar\u0131 anlat\u0131l\u0131yor.<\/p>\n","protected":false},"excerpt":{"rendered":"<p>Rivayet o ki Tanr\u0131 \u015f\u00f6yle der: \u201cBenim bir ordum vard\u0131r ona \u2018T\u00fcrk\u2019 ad\u0131n\u0131 verdim. Onlar\u0131 Do\u011fu\u2019da yerle\u015ftirdim. Bir kavme k\u0131zarsam T\u00fcrkleri onlara musallat k\u0131lar\u0131m.\u201d Tanr\u0131 taraf\u0131ndan<span class=\"excerpt-hellip\"> [\u2026]<\/span><\/p>\n","protected":false},"featured_media":0,"template":"","meta":{"_monsterinsights_skip_tracking":false,"_monsterinsights_sitenote_active":false,"_monsterinsights_sitenote_note":"","_monsterinsights_sitenote_category":0},"product_brand":[],"product_cat":[12370,12304],"product_tag":[],"class_list":{"0":"post-721465","1":"product","2":"type-product","3":"status-publish","5":"product_cat-arastirma-inceleme","6":"product_cat-tarih","7":"pa_cilt-ciltsiz","8":"pa_tur-kitap","9":"pa_yayinevi-bilge-kultur-sanat","10":"pa_yazar-omer-soner-hunkan","12":"first","13":"instock","14":"sale","15":"shipping-taxable","16":"purchasable","17":"product-type-simple"},"_links":{"self":[{"href":"https:\/\/roveyayinevi.com.tr\/index.php\/wp-json\/wp\/v2\/product\/721465","targetHints":{"allow":["GET"]}}],"collection":[{"href":"https:\/\/roveyayinevi.com.tr\/index.php\/wp-json\/wp\/v2\/product"}],"about":[{"href":"https:\/\/roveyayinevi.com.tr\/index.php\/wp-json\/wp\/v2\/types\/product"}],"wp:attachment":[{"href":"https:\/\/roveyayinevi.com.tr\/index.php\/wp-json\/wp\/v2\/media?parent=721465"}],"wp:term":[{"taxonomy":"product_brand","embeddable":true,"href":"https:\/\/roveyayinevi.com.tr\/index.php\/wp-json\/wp\/v2\/product_brand?post=721465"},{"taxonomy":"product_cat","embeddable":true,"href":"https:\/\/roveyayinevi.com.tr\/index.php\/wp-json\/wp\/v2\/product_cat?post=721465"},{"taxonomy":"product_tag","embeddable":true,"href":"https:\/\/roveyayinevi.com.tr\/index.php\/wp-json\/wp\/v2\/product_tag?post=721465"}],"curies":[{"name":"wp","href":"https:\/\/api.w.org\/{rel}","templated":true}]}}