{"id":721464,"date":"2025-08-27T18:50:40","date_gmt":"2025-08-27T15:50:40","guid":{"rendered":"https:\/\/roveyayinevi.com.tr\/index.php\/urun\/olumcul-yakinliklar\/"},"modified":"2026-04-16T02:29:23","modified_gmt":"2026-04-15T23:29:23","slug":"olumcul-yakinliklar","status":"publish","type":"product","link":"https:\/\/roveyayinevi.com.tr\/index.php\/urun\/olumcul-yakinliklar\/","title":{"rendered":"\u00d6l\u00fcmc\u00fcl Yak\u0131nl\u0131klar"},"content":{"rendered":"<p>Ya\u015fad\u0131\u011f\u0131m\u0131z d\u00fcnyada bitki ve hayvanlar d\u0131\u015f\u0131nda bir canl\u0131 grubu var ki, g\u00f6zle g\u00f6r\u00fclemeyecek kadar k\u00fc\u00e7\u00fck olmalar\u0131na ra\u011fmen yery\u00fcz\u00fcn\u00fcn as\u0131l sahipleri olduklar\u0131 s\u00f6ylenebilir: Di\u011fer t\u00fcm canl\u0131lardan \u00f6nce onlar vard\u0131, muhtemelen en son da onlar yok olacak. Yaln\u0131zca \u00e7evremizi de\u011fil, bedenlerimizi de mesken edinen bu canl\u0131lar\u0131n \u201cdost\u201d olanlar\u0131na muhtac\u0131z: Sa\u011fl\u0131kl\u0131 bir ya\u015fam i\u00e7in bize hava ve su kadar gerekliler. \u201cD\u00fc\u015fman\u201d olanlarla aram\u0131zdaki m\u00fccadele ise ezelden beri s\u00fcr\u00fcyor. Mikrobiyolog Dorothy Crawford bu kitapta k\u0131saca \u201cmikroplar\u201d diyece\u011fimiz, her yerde haz\u0131r ve naz\u0131r olan bu k\u00fc\u00e7\u00fcc\u00fck canl\u0131larla insanlar aras\u0131ndaki ili\u015fkinin tarihini ele al\u0131yor. Mikroplar insanlara kolayca bula\u015f\u0131p yay\u0131lacak \u015fekilde nas\u0131l evrimle\u015fti? Avc\u0131-toplay\u0131c\u0131 topluluklardan tar\u0131m toplumlar\u0131na ge\u00e7i\u015f neden mikroplara yarad\u0131? \u0130lk \u015fehirler kuruldu\u011funda hangi ko\u015fullar mikroplar\u0131n serpilip palazlanmas\u0131na yol a\u00e7t\u0131? Tarihte ya\u015fanan \u015fiddetli salg\u0131n ve k\u0131ranlar insan toplum ve k\u00fclt\u00fcrlerini nas\u0131l etkiledi? Mikroplarla etkili bir \u015fekilde m\u00fccadele etmeye ba\u015flamam\u0131z\u0131 sa\u011flayan icat ve ke\u015fifler nelerdi? Hangi mikroplar\u0131 alt ettik, hangileri bizi alt etmeye devam ediyor? Giderek kalabal\u0131kla\u015fan bir d\u00fcnyada bizi nas\u0131l tehlikeler bekliyor?  \u201c\u0130nsanlarla mikroplar\u0131n birlikte evrildi\u011fi binlerce y\u0131ll\u0131k bir hik\u00e2ye bu, olup bitenlerin tarihi de genlerimizde yaz\u0131l\u0131. Bizler bula\u015f\u0131c\u0131 hastal\u0131klar\u0131 atlatm\u0131\u015f, hastal\u0131klara diren\u00e7li \u00e7ocuklar d\u00fcnyaya getirmi\u015f atalar\u0131n evlatlar\u0131y\u0131z; burada olup bu hik\u00e2yeyi anlatabiliyor olu\u015fumuzu da onlara bor\u00e7luyuz.\u201d <\/p>\n","protected":false},"excerpt":{"rendered":"<p>Ya\u015fad\u0131\u011f\u0131m\u0131z d\u00fcnyada bitki ve hayvanlar d\u0131\u015f\u0131nda bir canl\u0131 grubu var ki, g\u00f6zle g\u00f6r\u00fclemeyecek kadar k\u00fc\u00e7\u00fck olmalar\u0131na ra\u011fmen yery\u00fcz\u00fcn\u00fcn as\u0131l sahipleri olduklar\u0131 s\u00f6ylenebilir: Di\u011fer t\u00fcm canl\u0131lardan \u00f6nce<span class=\"excerpt-hellip\"> [\u2026]<\/span><\/p>\n","protected":false},"featured_media":0,"template":"","meta":{"_monsterinsights_skip_tracking":false,"_monsterinsights_sitenote_active":false,"_monsterinsights_sitenote_note":"","_monsterinsights_sitenote_category":0},"product_brand":[],"product_cat":[13005,37328],"product_tag":[],"class_list":{"0":"post-721464","1":"product","2":"type-product","3":"status-publish","5":"product_cat-bilim-muhendislik","6":"product_cat-diger-bilim-muhendislik","7":"pa_cilt-ciltsiz","8":"pa_tur-kitap","9":"pa_yayinevi-metis-yayinlari","10":"pa_yazar-dorothy-h-crawford","12":"first","13":"instock","14":"sale","15":"shipping-taxable","16":"purchasable","17":"product-type-simple"},"_links":{"self":[{"href":"https:\/\/roveyayinevi.com.tr\/index.php\/wp-json\/wp\/v2\/product\/721464","targetHints":{"allow":["GET"]}}],"collection":[{"href":"https:\/\/roveyayinevi.com.tr\/index.php\/wp-json\/wp\/v2\/product"}],"about":[{"href":"https:\/\/roveyayinevi.com.tr\/index.php\/wp-json\/wp\/v2\/types\/product"}],"wp:attachment":[{"href":"https:\/\/roveyayinevi.com.tr\/index.php\/wp-json\/wp\/v2\/media?parent=721464"}],"wp:term":[{"taxonomy":"product_brand","embeddable":true,"href":"https:\/\/roveyayinevi.com.tr\/index.php\/wp-json\/wp\/v2\/product_brand?post=721464"},{"taxonomy":"product_cat","embeddable":true,"href":"https:\/\/roveyayinevi.com.tr\/index.php\/wp-json\/wp\/v2\/product_cat?post=721464"},{"taxonomy":"product_tag","embeddable":true,"href":"https:\/\/roveyayinevi.com.tr\/index.php\/wp-json\/wp\/v2\/product_tag?post=721464"}],"curies":[{"name":"wp","href":"https:\/\/api.w.org\/{rel}","templated":true}]}}