{"id":721461,"date":"2025-08-27T18:50:37","date_gmt":"2025-08-27T15:50:37","guid":{"rendered":"https:\/\/roveyayinevi.com.tr\/index.php\/urun\/20-yuzyildan-21-yuzyila-uluslararasi-emperyaliast-saldirganlik\/"},"modified":"2026-04-16T02:29:23","modified_gmt":"2026-04-15T23:29:23","slug":"20-yuzyildan-21-yuzyila-uluslararasi-emperyaliast-saldirganlik","status":"publish","type":"product","link":"https:\/\/roveyayinevi.com.tr\/index.php\/urun\/20-yuzyildan-21-yuzyila-uluslararasi-emperyaliast-saldirganlik\/","title":{"rendered":"20. Y\u00fczy\u0131ldan 21. Y\u00fczy\u0131la Uluslararas\u0131 Emperyaliast Sald\u0131rganl\u0131k"},"content":{"rendered":"<p>Risk toplumu&#8221; (Alman sosyolog Ulrich Beck), &#8220;medeniyetler \u00e7at\u0131\u015fmas\u0131&#8221; (Amerikal\u0131 sosyolog Samuel Huntington), &#8220;ulus-devletin g\u00fc\u00e7 kayb\u0131&#8221; (Martin Albrow), &#8220;tarihin sonu&#8221; (Francis Fukuyama), &#8220;s\u0131n\u0131rlar \u00f6tesi ve s\u0131n\u0131rlar \u00fcst\u00fc bir d\u00fcnya&#8221; (John Urry) bunlardan birka\u00e7 tanesidir. Tabii globalizasyonda burjuva ataerkil, \u00f6zel m\u00fclkiyet hakk\u0131n\u0131n gizemli simgesi olan kad\u0131n; toplumsal cinsiyet tan\u0131mlamas\u0131ndan soyutlanarak hem birey, hemde ucuz i\u015f g\u00fcc\u00fc olarak &#8220;k\u00f6le&#8217;; &#8220;obje&#8221; ve &#8220;meta&#8221; konumunu s\u00fcrd\u00fcrmektedir &#8230; \u00c7\u00fcnk\u00fc b\u00fct\u00fcn mesele &#8220;kar&#8221; hadlerinin en y\u00fcksekte kalmas\u0131 i\u00e7in &#8220;emek-g\u00fcc\u00fc&#8221;nden elde edilen &#8220;art\u0131-de\u011fer&#8221;in kan bahas\u0131na da olsa devaml\u0131 k\u0131l\u0131nmas\u0131d\u0131r. &#8220;Piyasa ekonomisi&#8221; denen kutsal k\u00fclt\u00fc yaratan uzla\u015fmaz \u00e7eli\u015fki &#8220;emek-g\u00fcc\u00fc&#8221; ve &#8220;sermaye&#8221; aras\u0131ndaki sava\u015f\u0131m\u0131n ad\u0131 &#8220;s\u0131n\u0131flar m\u00fccadelesi&#8221;dir. Burjuvazi ve i\u015f\u00e7i s\u0131n\u0131f\u0131 aras\u0131ndaki bu kanl\u0131 sava\u015f asl\u0131nda bu kadar sade ve yal\u0131nd\u0131r &#8230; Bunun i\u00e7in bu kavramlar\u0131n t\u00fcm\u00fc sadece &#8220;burjuva diktat\u00f6rl\u00fc\u011f\u00fc&#8221; olarak \u00f6z bi\u00e7iminde ifade edilebilecek olan globalist mali oligar\u015finin s\u0131n\u0131f hegemonyas\u0131n\u0131 gizlemekte i\u015flevselle\u015ftirdi\u011fi tam bir ilizyonlar sarmal\u0131d\u0131r &#8230; \u0130lizyonlar post-modernlik kuramlar\u0131 ile devam ettirilmi\u015ftir. Peki, bunlar uygulamada neden &#8220;KANLI&#8221; ilizyonlard\u0131r? &#8220;Olgu&#8221;nun cevab\u0131n\u0131; kitab\u0131m\u0131zdaki k\u00fcresel nesnel-ger\u00e7ek\/somut olaylar\u0131n \u00f6zetinde sunuyoruz&#8230;<\/p>\n","protected":false},"excerpt":{"rendered":"<p>Risk toplumu&#8221; (Alman sosyolog Ulrich Beck), &#8220;medeniyetler \u00e7at\u0131\u015fmas\u0131&#8221; (Amerikal\u0131 sosyolog Samuel Huntington), &#8220;ulus-devletin g\u00fc\u00e7 kayb\u0131&#8221; (Martin Albrow), &#8220;tarihin sonu&#8221; (Francis Fukuyama), &#8220;s\u0131n\u0131rlar \u00f6tesi ve s\u0131n\u0131rlar \u00fcst\u00fc<span class=\"excerpt-hellip\"> [\u2026]<\/span><\/p>\n","protected":false},"featured_media":0,"template":"","meta":{"_monsterinsights_skip_tracking":false,"_monsterinsights_sitenote_active":false,"_monsterinsights_sitenote_note":"","_monsterinsights_sitenote_category":0},"product_brand":[],"product_cat":[13059,12337],"product_tag":[],"class_list":{"0":"post-721461","1":"product","2":"type-product","3":"status-publish","5":"product_cat-diger-politika-siyaset","6":"product_cat-politika-siyaset","7":"pa_cilt-ciltsiz","8":"pa_tur-kitap","9":"pa_yayinevi-nergiz-yayinlari","10":"pa_yazar-halid-ozkul","12":"first","13":"instock","14":"sale","15":"shipping-taxable","16":"purchasable","17":"product-type-simple"},"_links":{"self":[{"href":"https:\/\/roveyayinevi.com.tr\/index.php\/wp-json\/wp\/v2\/product\/721461","targetHints":{"allow":["GET"]}}],"collection":[{"href":"https:\/\/roveyayinevi.com.tr\/index.php\/wp-json\/wp\/v2\/product"}],"about":[{"href":"https:\/\/roveyayinevi.com.tr\/index.php\/wp-json\/wp\/v2\/types\/product"}],"wp:attachment":[{"href":"https:\/\/roveyayinevi.com.tr\/index.php\/wp-json\/wp\/v2\/media?parent=721461"}],"wp:term":[{"taxonomy":"product_brand","embeddable":true,"href":"https:\/\/roveyayinevi.com.tr\/index.php\/wp-json\/wp\/v2\/product_brand?post=721461"},{"taxonomy":"product_cat","embeddable":true,"href":"https:\/\/roveyayinevi.com.tr\/index.php\/wp-json\/wp\/v2\/product_cat?post=721461"},{"taxonomy":"product_tag","embeddable":true,"href":"https:\/\/roveyayinevi.com.tr\/index.php\/wp-json\/wp\/v2\/product_tag?post=721461"}],"curies":[{"name":"wp","href":"https:\/\/api.w.org\/{rel}","templated":true}]}}