{"id":721460,"date":"2025-08-27T18:50:36","date_gmt":"2025-08-27T15:50:36","guid":{"rendered":"https:\/\/roveyayinevi.com.tr\/index.php\/urun\/gumus-karincalar\/"},"modified":"2026-04-16T02:29:23","modified_gmt":"2026-04-15T23:29:23","slug":"gumus-karincalar","status":"publish","type":"product","link":"https:\/\/roveyayinevi.com.tr\/index.php\/urun\/gumus-karincalar\/","title":{"rendered":"G\u00fcm\u00fc\u015f Kar\u0131ncalar"},"content":{"rendered":"<p>Ayaz bilimsel ara\u015ft\u0131rmalar yapan bir anne ve baban\u0131n \u00e7ocu\u011fudur. Evde s\u00fcrekli ara\u015ft\u0131rmalar\u0131n yo\u011funlu\u011funa \u015fahit olur. Ancak bu yaz tatili onun i\u00e7in farkl\u0131 olacakt\u0131r. Ayaz ilk kez ara\u015ft\u0131rma merkezine ailesiyle birlikte gider.Sahra \u00c7\u00f6l\u00fc\u2019n\u00fcn en h\u0131zl\u0131 ko\u015fucular\u0131 olan g\u00fcm\u00fc\u015f kar\u0131ncalar, ara\u015ft\u0131rma merkezinin en pop\u00fcler canl\u0131lar\u0131d\u0131r. G\u00fcm\u00fc\u015f kar\u0131ncalar\u0131n sahip oldu\u011fu \u015fa\u015f\u0131rt\u0131c\u0131 \u00f6zellikler, Mars\u2019ta ya\u015fam hayallerinin bir par\u00e7as\u0131 olacakt\u0131r. Hem de en \u00f6nemli par\u00e7as\u0131!Tunus\u2019taki G\u00fcm\u00fc\u015f Kar\u0131ncalar Ara\u015ft\u0131rma Merkezinde ba\u015flayan ser\u00fcven, uzay merkezinde nanoteknoloji \u00e7al\u0131\u015fmalar\u0131na kadar uzan\u0131yor! Ayaz ve arkada\u015flar\u0131n\u0131n maceras\u0131na sen de kat\u0131lmak istersen, b\u00fcy\u00fctecini yan\u0131na almay\u0131 unutma!<\/p>\n","protected":false},"excerpt":{"rendered":"<p>Ayaz bilimsel ara\u015ft\u0131rmalar yapan bir anne ve baban\u0131n \u00e7ocu\u011fudur. Evde s\u00fcrekli ara\u015ft\u0131rmalar\u0131n yo\u011funlu\u011funa \u015fahit olur. Ancak bu yaz tatili onun i\u00e7in farkl\u0131 olacakt\u0131r. Ayaz ilk kez<span class=\"excerpt-hellip\"> [\u2026]<\/span><\/p>\n","protected":false},"featured_media":0,"template":"","meta":{"_monsterinsights_skip_tracking":false,"_monsterinsights_sitenote_active":false,"_monsterinsights_sitenote_note":"","_monsterinsights_sitenote_category":0},"product_brand":[],"product_cat":[12274,12284],"product_tag":[],"class_list":{"0":"post-721460","1":"product","2":"type-product","3":"status-publish","5":"product_cat-cocuk-ve-genclik-kitaplari","6":"product_cat-hikayeler","7":"pa_cilt-ciltsiz","8":"pa_tur-kitap","9":"pa_yayinevi-altin-kitaplar-ozel-urun","10":"pa_yazar-elcin-kuzucu","12":"first","13":"instock","14":"sale","15":"shipping-taxable","16":"purchasable","17":"product-type-simple"},"_links":{"self":[{"href":"https:\/\/roveyayinevi.com.tr\/index.php\/wp-json\/wp\/v2\/product\/721460","targetHints":{"allow":["GET"]}}],"collection":[{"href":"https:\/\/roveyayinevi.com.tr\/index.php\/wp-json\/wp\/v2\/product"}],"about":[{"href":"https:\/\/roveyayinevi.com.tr\/index.php\/wp-json\/wp\/v2\/types\/product"}],"wp:attachment":[{"href":"https:\/\/roveyayinevi.com.tr\/index.php\/wp-json\/wp\/v2\/media?parent=721460"}],"wp:term":[{"taxonomy":"product_brand","embeddable":true,"href":"https:\/\/roveyayinevi.com.tr\/index.php\/wp-json\/wp\/v2\/product_brand?post=721460"},{"taxonomy":"product_cat","embeddable":true,"href":"https:\/\/roveyayinevi.com.tr\/index.php\/wp-json\/wp\/v2\/product_cat?post=721460"},{"taxonomy":"product_tag","embeddable":true,"href":"https:\/\/roveyayinevi.com.tr\/index.php\/wp-json\/wp\/v2\/product_tag?post=721460"}],"curies":[{"name":"wp","href":"https:\/\/api.w.org\/{rel}","templated":true}]}}