{"id":721459,"date":"2025-08-27T18:50:35","date_gmt":"2025-08-27T15:50:35","guid":{"rendered":"https:\/\/roveyayinevi.com.tr\/index.php\/urun\/kadinim-virginia-wolf\/"},"modified":"2026-04-16T02:29:23","modified_gmt":"2026-04-15T23:29:23","slug":"kadinim-virginia-wolf","status":"publish","type":"product","link":"https:\/\/roveyayinevi.com.tr\/index.php\/urun\/kadinim-virginia-wolf\/","title":{"rendered":"Kad\u0131n\u0131m: Virginia Wolf"},"content":{"rendered":"<p>1790-1850 aras\u0131 Romantik \u00c7a\u011f felsefecilerinden Sara Van Grotius \u015f\u00f6yle der; \u201cErkekler, hem de en ola\u011fan\u00fcst\u00fcleri bile kad\u0131nlar\u0131n bir kelebek gibi sadece tatmas\u0131n\u0131 istiyorlar\u2026 B\u00f6ylece s\u00f6ylenen ya da sorulan soru, onlar\u0131n (erkeklerin) kendi derinlik ve temelliliklerini kendilerine daha \u00e7ok g\u00f6stermeli ve \u015fekilde (kad\u0131nlara) kar\u015f\u0131tl\u0131klar\u0131na g\u00fcven duymal\u0131d\u0131rlar, bundan dolay\u0131 onlar felsefi d\u00fc\u015f\u00fcnen kad\u0131n istemiyorlar.\u201d Kad\u0131n olmak zordur. Hele Edebiyat D\u00fcnyas\u0131nda kad\u0131n yazar olmak \u00e7ok daha zordur. \u00c7\u00fcnk\u00fc kad\u0131nlar y\u00fczy\u0131llarca bir\u00e7ok toplumsal ko\u015fullanmalar y\u00fcz\u00fcnden y\u00fczy\u0131llarca horlanarak \u00f6telenerek ikinci s\u0131n\u0131f bir varl\u0131k konumundan kurtulup bilgi ve d\u00fc\u015f\u00fcnceleriyle bir yer edinebilmek i\u00e7in inan\u0131lmaz m\u00fccadeleler vermek zorunda kalm\u0131\u015flard\u0131r. Kimileri evlendikten sonra kalemlerini ve kendilerine ait d\u00fc\u015f\u00fcnce odalar\u0131n\u0131 terk etmek zorunda kalm\u0131\u015f, George Eliot (Marian Evans) gibi baz\u0131 kad\u0131n yazarlar ise erkek isimli mahlas\u201dlar kullanarak varl\u0131k g\u00f6stermeye \u00e7al\u0131\u015fm\u0131\u015flard\u0131r.<\/p>\n","protected":false},"excerpt":{"rendered":"<p>1790-1850 aras\u0131 Romantik \u00c7a\u011f felsefecilerinden Sara Van Grotius \u015f\u00f6yle der; \u201cErkekler, hem de en ola\u011fan\u00fcst\u00fcleri bile kad\u0131nlar\u0131n bir kelebek gibi sadece tatmas\u0131n\u0131 istiyorlar\u2026 B\u00f6ylece s\u00f6ylenen ya<span class=\"excerpt-hellip\"> [\u2026]<\/span><\/p>\n","protected":false},"featured_media":0,"template":"","meta":{"_monsterinsights_skip_tracking":false,"_monsterinsights_sitenote_active":false,"_monsterinsights_sitenote_note":"","_monsterinsights_sitenote_category":0},"product_brand":[],"product_cat":[12291,12711],"product_tag":[],"class_list":{"0":"post-721459","1":"product","2":"type-product","3":"status-publish","5":"product_cat-edebiyat","6":"product_cat-roman-oyku","7":"pa_cilt-ciltsiz","8":"pa_tur-kitap","9":"pa_yayinevi-nergiz-yayinlari","10":"pa_yazar-ozlem-aksit","12":"first","13":"instock","14":"sale","15":"shipping-taxable","16":"purchasable","17":"product-type-simple"},"_links":{"self":[{"href":"https:\/\/roveyayinevi.com.tr\/index.php\/wp-json\/wp\/v2\/product\/721459","targetHints":{"allow":["GET"]}}],"collection":[{"href":"https:\/\/roveyayinevi.com.tr\/index.php\/wp-json\/wp\/v2\/product"}],"about":[{"href":"https:\/\/roveyayinevi.com.tr\/index.php\/wp-json\/wp\/v2\/types\/product"}],"wp:attachment":[{"href":"https:\/\/roveyayinevi.com.tr\/index.php\/wp-json\/wp\/v2\/media?parent=721459"}],"wp:term":[{"taxonomy":"product_brand","embeddable":true,"href":"https:\/\/roveyayinevi.com.tr\/index.php\/wp-json\/wp\/v2\/product_brand?post=721459"},{"taxonomy":"product_cat","embeddable":true,"href":"https:\/\/roveyayinevi.com.tr\/index.php\/wp-json\/wp\/v2\/product_cat?post=721459"},{"taxonomy":"product_tag","embeddable":true,"href":"https:\/\/roveyayinevi.com.tr\/index.php\/wp-json\/wp\/v2\/product_tag?post=721459"}],"curies":[{"name":"wp","href":"https:\/\/api.w.org\/{rel}","templated":true}]}}