{"id":721458,"date":"2025-08-27T18:50:34","date_gmt":"2025-08-27T15:50:34","guid":{"rendered":"https:\/\/roveyayinevi.com.tr\/index.php\/urun\/alisin-ofkesi\/"},"modified":"2026-04-16T02:29:23","modified_gmt":"2026-04-15T23:29:23","slug":"alisin-ofkesi","status":"publish","type":"product","link":"https:\/\/roveyayinevi.com.tr\/index.php\/urun\/alisin-ofkesi\/","title":{"rendered":"Ali\u015f&#8217;in \u00d6fkesi"},"content":{"rendered":"<p>Ali\u015f son zamanlarda, engel olamad\u0131\u011f\u0131 \u00f6fke n\u00f6betleriyle bo\u011fu\u015fuyordu. \u00c7evresindeki herkesi k\u0131r\u0131yor, yaln\u0131zla\u015ft\u0131k\u00e7a da i\u00e7ine kapan\u0131yordu. Bir arkada\u015f\u0131n\u0131n do\u011fum g\u00fcn\u00fc partisinde \u00f6fke kontrol\u00fcn\u00fc kaybeden Ali\u015f, herkesi \u00fczd\u00fc\u011f\u00fc i\u00e7in bir anda kendiyle ba\u015f ba\u015fa kal\u0131r. O art\u0131k anla\u015fmas\u0131 zor, yaln\u0131z ve \u00f6fkeli bir \u00e7ocuk h\u00e2line gelmi\u015ftir. \u0130\u015fte o anda karar\u0131n\u0131 verir. \u00d6fkesiyle y\u00fczle\u015fecek ve kendiyle bar\u0131\u015facakt\u0131r&#8230; Ali\u015f&#8217;in \u00d6fkesi; \u00f6fke kontrol\u00fc, arkada\u015fl\u0131k ve payla\u015fmak \u00fczerine kurulmu\u015f s\u0131cac\u0131k bir \u00f6yk\u00fc anlat\u0131yor&#8230; <\/p>\n","protected":false},"excerpt":{"rendered":"<p>Ali\u015f son zamanlarda, engel olamad\u0131\u011f\u0131 \u00f6fke n\u00f6betleriyle bo\u011fu\u015fuyordu. \u00c7evresindeki herkesi k\u0131r\u0131yor, yaln\u0131zla\u015ft\u0131k\u00e7a da i\u00e7ine kapan\u0131yordu. Bir arkada\u015f\u0131n\u0131n do\u011fum g\u00fcn\u00fc partisinde \u00f6fke kontrol\u00fcn\u00fc kaybeden Ali\u015f, herkesi \u00fczd\u00fc\u011f\u00fc<span class=\"excerpt-hellip\"> [\u2026]<\/span><\/p>\n","protected":false},"featured_media":0,"template":"","meta":{"_monsterinsights_skip_tracking":false,"_monsterinsights_sitenote_active":false,"_monsterinsights_sitenote_note":"","_monsterinsights_sitenote_category":0},"product_brand":[],"product_cat":[12274,12284],"product_tag":[],"class_list":{"0":"post-721458","1":"product","2":"type-product","3":"status-publish","5":"product_cat-cocuk-ve-genclik-kitaplari","6":"product_cat-hikayeler","7":"pa_cilt-ciltsiz","8":"pa_tur-kitap","9":"pa_yayinevi-altin-kitaplar-ozel-urun","10":"pa_yazar-seyma-ayik","12":"first","13":"instock","14":"sale","15":"shipping-taxable","16":"purchasable","17":"product-type-simple"},"_links":{"self":[{"href":"https:\/\/roveyayinevi.com.tr\/index.php\/wp-json\/wp\/v2\/product\/721458","targetHints":{"allow":["GET"]}}],"collection":[{"href":"https:\/\/roveyayinevi.com.tr\/index.php\/wp-json\/wp\/v2\/product"}],"about":[{"href":"https:\/\/roveyayinevi.com.tr\/index.php\/wp-json\/wp\/v2\/types\/product"}],"wp:attachment":[{"href":"https:\/\/roveyayinevi.com.tr\/index.php\/wp-json\/wp\/v2\/media?parent=721458"}],"wp:term":[{"taxonomy":"product_brand","embeddable":true,"href":"https:\/\/roveyayinevi.com.tr\/index.php\/wp-json\/wp\/v2\/product_brand?post=721458"},{"taxonomy":"product_cat","embeddable":true,"href":"https:\/\/roveyayinevi.com.tr\/index.php\/wp-json\/wp\/v2\/product_cat?post=721458"},{"taxonomy":"product_tag","embeddable":true,"href":"https:\/\/roveyayinevi.com.tr\/index.php\/wp-json\/wp\/v2\/product_tag?post=721458"}],"curies":[{"name":"wp","href":"https:\/\/api.w.org\/{rel}","templated":true}]}}