{"id":721457,"date":"2025-08-27T18:50:33","date_gmt":"2025-08-27T15:50:33","guid":{"rendered":"https:\/\/roveyayinevi.com.tr\/index.php\/urun\/alisin-gozlugu\/"},"modified":"2026-04-16T02:29:23","modified_gmt":"2026-04-15T23:29:23","slug":"alisin-gozlugu","status":"publish","type":"product","link":"https:\/\/roveyayinevi.com.tr\/index.php\/urun\/alisin-gozlugu\/","title":{"rendered":"Ali\u015f&#8217;in G\u00f6zl\u00fc\u011f\u00fc"},"content":{"rendered":"<p>Ali\u015f g\u00f6zl\u00fck kullanmaya ba\u015flad\u0131\u011f\u0131ndan beri pek de mutlu de\u011fildi. G\u00f6zl\u00fc\u011f\u00fc kendine yak\u0131\u015ft\u0131ram\u0131yor, hele de arkada\u015flar\u0131 aras\u0131nda g\u00f6zl\u00fck takan tek \u00e7ocuk oldu\u011fu i\u00e7in kendini yapayaln\u0131z hissediyordu. Bir g\u00fcn, sonunda karar\u0131n\u0131 verdi. G\u00f6zl\u00fck takmayacak, arkada\u015flar\u0131 gibi \u00f6zg\u00fcrce dola\u015f\u0131p oyunlar oynayacakt\u0131. Ama hayat her zaman planlad\u0131\u011f\u0131m\u0131z gibi gitmeyebiliyor. Ali\u015f bunu, i\u00e7ine d\u00fc\u015ft\u00fc\u011f\u00fc heyecan dolu ser\u00fcvende iliklerine kadar hissedecekti&#8230; Ali\u015f&#8217;in G\u00f6zl\u00fc\u011f\u00fc; engeller, farkl\u0131l\u0131klar ve \u00f6n yarg\u0131lar \u00fczerine kurulu s\u0131cac\u0131k bir \u00f6yk\u00fc anlat\u0131yor&#8230; <\/p>\n","protected":false},"excerpt":{"rendered":"<p>Ali\u015f g\u00f6zl\u00fck kullanmaya ba\u015flad\u0131\u011f\u0131ndan beri pek de mutlu de\u011fildi. G\u00f6zl\u00fc\u011f\u00fc kendine yak\u0131\u015ft\u0131ram\u0131yor, hele de arkada\u015flar\u0131 aras\u0131nda g\u00f6zl\u00fck takan tek \u00e7ocuk oldu\u011fu i\u00e7in kendini yapayaln\u0131z hissediyordu. Bir<span class=\"excerpt-hellip\"> [\u2026]<\/span><\/p>\n","protected":false},"featured_media":0,"template":"","meta":{"_monsterinsights_skip_tracking":false,"_monsterinsights_sitenote_active":false,"_monsterinsights_sitenote_note":"","_monsterinsights_sitenote_category":0},"product_brand":[],"product_cat":[12274,12284],"product_tag":[],"class_list":{"0":"post-721457","1":"product","2":"type-product","3":"status-publish","5":"product_cat-cocuk-ve-genclik-kitaplari","6":"product_cat-hikayeler","7":"pa_cilt-ciltsiz","8":"pa_tur-kitap","9":"pa_yayinevi-altin-kitaplar-ozel-urun","10":"pa_yazar-seyma-ayik","12":"first","13":"instock","14":"sale","15":"shipping-taxable","16":"purchasable","17":"product-type-simple"},"_links":{"self":[{"href":"https:\/\/roveyayinevi.com.tr\/index.php\/wp-json\/wp\/v2\/product\/721457","targetHints":{"allow":["GET"]}}],"collection":[{"href":"https:\/\/roveyayinevi.com.tr\/index.php\/wp-json\/wp\/v2\/product"}],"about":[{"href":"https:\/\/roveyayinevi.com.tr\/index.php\/wp-json\/wp\/v2\/types\/product"}],"wp:attachment":[{"href":"https:\/\/roveyayinevi.com.tr\/index.php\/wp-json\/wp\/v2\/media?parent=721457"}],"wp:term":[{"taxonomy":"product_brand","embeddable":true,"href":"https:\/\/roveyayinevi.com.tr\/index.php\/wp-json\/wp\/v2\/product_brand?post=721457"},{"taxonomy":"product_cat","embeddable":true,"href":"https:\/\/roveyayinevi.com.tr\/index.php\/wp-json\/wp\/v2\/product_cat?post=721457"},{"taxonomy":"product_tag","embeddable":true,"href":"https:\/\/roveyayinevi.com.tr\/index.php\/wp-json\/wp\/v2\/product_tag?post=721457"}],"curies":[{"name":"wp","href":"https:\/\/api.w.org\/{rel}","templated":true}]}}