{"id":721455,"date":"2025-08-27T18:50:32","date_gmt":"2025-08-27T15:50:32","guid":{"rendered":"https:\/\/roveyayinevi.com.tr\/index.php\/urun\/beyaz-kanatli-vampir-seti-2-4-kitap-takim\/"},"modified":"2026-04-16T02:29:23","modified_gmt":"2026-04-15T23:29:23","slug":"beyaz-kanatli-vampir-seti-2-4-kitap-takim","status":"publish","type":"product","link":"https:\/\/roveyayinevi.com.tr\/index.php\/urun\/beyaz-kanatli-vampir-seti-2-4-kitap-takim\/","title":{"rendered":"Beyaz Kanatl\u0131 Vampir Seti &#8211; 2 (4 Kitap Tak\u0131m)"},"content":{"rendered":"<p>Macera set 2 ile kald\u0131\u011f\u0131 yerden devam ediyor. \u0130lk kitab\u0131yla y\u00fcz binlerce \u00e7ocu\u011fun g\u00f6nl\u00fcn\u00fc fethetmeyi ba\u015fard\u0131. Di\u011fer kitaplar\u0131 ile de tutkulu bir hayran kitlesine sahip oldu. Kitap okumaktan nefret eden \u00e7ocuklar dahi bu seriye kay\u0131ts\u0131z kalamad\u0131. Her sayfas\u0131 heyecan, macera ve e\u011flenceyle dolu seri art\u0131k kutulu.Set i\u00e7iBeyaz Kanatl\u0131 Vampir 5- Y\u0131k\u0131m.Beyaz Kanatl\u0131 Vampir 6- Derin Kuyu.Beyaz Kanatl\u0131 Vampir 7- Kara B\u00fcy\u00fc.Beyaz Kanatl\u0131 Vampir 8- Son Gece.<\/p>\n","protected":false},"excerpt":{"rendered":"<p>Macera set 2 ile kald\u0131\u011f\u0131 yerden devam ediyor. \u0130lk kitab\u0131yla y\u00fcz binlerce \u00e7ocu\u011fun g\u00f6nl\u00fcn\u00fc fethetmeyi ba\u015fard\u0131. Di\u011fer kitaplar\u0131 ile de tutkulu bir hayran kitlesine sahip oldu.<span class=\"excerpt-hellip\"> [\u2026]<\/span><\/p>\n","protected":false},"featured_media":0,"template":"","meta":{"_monsterinsights_skip_tracking":false,"_monsterinsights_sitenote_active":false,"_monsterinsights_sitenote_note":"","_monsterinsights_sitenote_category":0},"product_brand":[],"product_cat":[12274,12284],"product_tag":[],"class_list":{"0":"post-721455","1":"product","2":"type-product","3":"status-publish","5":"product_cat-cocuk-ve-genclik-kitaplari","6":"product_cat-hikayeler","7":"pa_cilt-takim","8":"pa_tur-kitap","9":"pa_yayinevi-pinus-kitap","10":"pa_yazar-erkan-iseri","12":"first","13":"instock","14":"sale","15":"shipping-taxable","16":"purchasable","17":"product-type-simple"},"_links":{"self":[{"href":"https:\/\/roveyayinevi.com.tr\/index.php\/wp-json\/wp\/v2\/product\/721455","targetHints":{"allow":["GET"]}}],"collection":[{"href":"https:\/\/roveyayinevi.com.tr\/index.php\/wp-json\/wp\/v2\/product"}],"about":[{"href":"https:\/\/roveyayinevi.com.tr\/index.php\/wp-json\/wp\/v2\/types\/product"}],"wp:attachment":[{"href":"https:\/\/roveyayinevi.com.tr\/index.php\/wp-json\/wp\/v2\/media?parent=721455"}],"wp:term":[{"taxonomy":"product_brand","embeddable":true,"href":"https:\/\/roveyayinevi.com.tr\/index.php\/wp-json\/wp\/v2\/product_brand?post=721455"},{"taxonomy":"product_cat","embeddable":true,"href":"https:\/\/roveyayinevi.com.tr\/index.php\/wp-json\/wp\/v2\/product_cat?post=721455"},{"taxonomy":"product_tag","embeddable":true,"href":"https:\/\/roveyayinevi.com.tr\/index.php\/wp-json\/wp\/v2\/product_tag?post=721455"}],"curies":[{"name":"wp","href":"https:\/\/api.w.org\/{rel}","templated":true}]}}