{"id":721449,"date":"2025-08-27T18:50:27","date_gmt":"2025-08-27T15:50:27","guid":{"rendered":"https:\/\/roveyayinevi.com.tr\/index.php\/urun\/mutluluk-rehberi\/"},"modified":"2026-04-13T02:35:56","modified_gmt":"2026-04-12T23:35:56","slug":"mutluluk-rehberi","status":"publish","type":"product","link":"https:\/\/roveyayinevi.com.tr\/index.php\/urun\/mutluluk-rehberi\/","title":{"rendered":"Mutluluk Rehberi"},"content":{"rendered":"<p>Mutluluk Rehberi, sadece yaz\u0131lar\u0131yla de\u011fil kalpleriyle de mutlulu\u011fu okuyucuya yans\u0131tacak, alan\u0131nda uzman isimler taraf\u0131ndan kaleme al\u0131nd\u0131.  Her bir uzman,  Sosyal Medya ve Mutluluk  Para  ve Mutluluk  Gelecek ve Mutluluk  Tasavvuf ve Mutluluk  Sa\u011fl\u0131k, Mutluluk ve Bilin\u00e7 Astroloji (G\u00f6ky\u00fcz\u00fc) ve Mutluluk  Yoga ve Mutluluk  Bilin\u00e7alt\u0131 ve Mutluluk  Mutlulu\u011fun Biyolojisive Beyin  Mutlulu\u011fun Anlam\u0131  Mutluluk: Bulunanm\u0131, Arananm\u0131, Olunanm\u0131?  \u0130li\u015fkiler ve Mutluluk  Ses ve Mutluluk  E\u011fitim, Ba\u015far\u0131 ve Mutluluk  Mutluluk, Merhamet ve Sald\u0131rganl\u0131k  Mutluluk ve Cinsellik  Mutluluk Bilimi ba\u015fl\u0131klar\u0131nda hayat\u0131m\u0131z\u0131n her alan\u0131nda olan konular\u0131 ele ald\u0131. Mutlulu\u011fun \u00e7ok y\u00f6nl\u00fc de\u011ferledirildi\u011fi Mutluluk Rehberi&#8217;nin t\u00fcm geliri &#8220;UCiM Saadet \u00d6\u011fretmen \u00c7ocuk \u0130stismar\u0131 ile M\u00fccadele Derne\u011fi&#8221;ne ba\u011f\u0131\u015flanacakt\u0131r.Kalust \u015ealc\u0131o\u011flu <\/p>\n","protected":false},"excerpt":{"rendered":"<p>Mutluluk Rehberi, sadece yaz\u0131lar\u0131yla de\u011fil kalpleriyle de mutlulu\u011fu okuyucuya yans\u0131tacak, alan\u0131nda uzman isimler taraf\u0131ndan kaleme al\u0131nd\u0131. Her bir uzman, Sosyal Medya ve Mutluluk Para ve Mutluluk<span class=\"excerpt-hellip\"> [\u2026]<\/span><\/p>\n","protected":false},"featured_media":0,"template":"","meta":{"_monsterinsights_skip_tracking":false,"_monsterinsights_sitenote_active":false,"_monsterinsights_sitenote_note":"","_monsterinsights_sitenote_category":0},"product_brand":[],"product_cat":[12364,12376],"product_tag":[],"class_list":{"0":"post-721449","1":"product","2":"type-product","3":"status-publish","5":"product_cat-genel-konular","6":"product_cat-kisisel-gelisim","7":"pa_cilt-ciltsiz","8":"pa_tur-kitap","9":"pa_yayinevi-inkilap-kitabevi","10":"pa_yazar-kalust-salcioglu","12":"first","13":"instock","14":"sale","15":"shipping-taxable","16":"purchasable","17":"product-type-simple"},"_links":{"self":[{"href":"https:\/\/roveyayinevi.com.tr\/index.php\/wp-json\/wp\/v2\/product\/721449","targetHints":{"allow":["GET"]}}],"collection":[{"href":"https:\/\/roveyayinevi.com.tr\/index.php\/wp-json\/wp\/v2\/product"}],"about":[{"href":"https:\/\/roveyayinevi.com.tr\/index.php\/wp-json\/wp\/v2\/types\/product"}],"wp:attachment":[{"href":"https:\/\/roveyayinevi.com.tr\/index.php\/wp-json\/wp\/v2\/media?parent=721449"}],"wp:term":[{"taxonomy":"product_brand","embeddable":true,"href":"https:\/\/roveyayinevi.com.tr\/index.php\/wp-json\/wp\/v2\/product_brand?post=721449"},{"taxonomy":"product_cat","embeddable":true,"href":"https:\/\/roveyayinevi.com.tr\/index.php\/wp-json\/wp\/v2\/product_cat?post=721449"},{"taxonomy":"product_tag","embeddable":true,"href":"https:\/\/roveyayinevi.com.tr\/index.php\/wp-json\/wp\/v2\/product_tag?post=721449"}],"curies":[{"name":"wp","href":"https:\/\/api.w.org\/{rel}","templated":true}]}}