{"id":721446,"date":"2025-08-27T18:50:24","date_gmt":"2025-08-27T15:50:24","guid":{"rendered":"https:\/\/roveyayinevi.com.tr\/index.php\/urun\/kurk-mantolu-madonna-ciltli\/"},"modified":"2026-04-16T02:29:23","modified_gmt":"2026-04-15T23:29:23","slug":"kurk-mantolu-madonna-ciltli","status":"publish","type":"product","link":"https:\/\/roveyayinevi.com.tr\/index.php\/urun\/kurk-mantolu-madonna-ciltli\/","title":{"rendered":"K\u00fcrk Mantolu Madonna (Ciltli)"},"content":{"rendered":"<p>\u201cG\u00f6receksiniz ya, ben d\u00fcnyadan ziyade kafam\u0131n i\u00e7inde ya\u015fayan bir insan\u0131m&#8230; Hakiki hayat\u0131m benim i\u00e7in can s\u0131k\u0131c\u0131 bir r\u00fcyadan ba\u015fka bir \u015fey de\u011fildir&#8230;\u201d- Sabahattin AliYa\u015famak nefes almay\u0131 gerektirir, nefes nefese ge\u00e7en bir a\u015fk \u00fczerine yaz\u0131lm\u0131\u015f bu romanda ise nefes almak, ya\u015famak i\u00e7in yeterli de\u011fildir. Bazen sizi g\u00f6rmeyen g\u00f6zlere dalmak, yaln\u0131zca sizin duyaca\u011f\u0131n\u0131z s\u00f6zlere kulak vermek ve a\u015fk\u0131 hayallerinizde ya\u015famak, a\u015fklar\u0131n en ger\u00e7e\u011fine bir ad\u0131m daha yakla\u015fmakt\u0131r. A\u015fk, ya\u015fan\u0131lan m\u0131, yoksa ya\u015fat\u0131lan m\u0131d\u0131r?Almanca, Frans\u0131zca, Rus\u00e7a, H\u0131rvat\u00e7a, Arap\u00e7a, Arnavut\u00e7a, \u0130spanyolca gibi bir\u00e7ok farkl\u0131 dile \u00e7evrilen ve 2016 y\u0131l\u0131nda Madonna in a Fur Coat ad\u0131yla Penguin Classics taraf\u0131ndan B\u00fcy\u00fck Britanya\u2019da da bas\u0131lan K\u00fcrk Mantolu Madonna, \u00e7e\u015fitli \u00fclkelerde bir\u00e7ok okurla bulu\u015fmaya devam ediyor.<\/p>\n","protected":false},"excerpt":{"rendered":"<p>\u201cG\u00f6receksiniz ya, ben d\u00fcnyadan ziyade kafam\u0131n i\u00e7inde ya\u015fayan bir insan\u0131m&#8230; Hakiki hayat\u0131m benim i\u00e7in can s\u0131k\u0131c\u0131 bir r\u00fcyadan ba\u015fka bir \u015fey de\u011fildir&#8230;\u201d- Sabahattin AliYa\u015famak nefes almay\u0131<span class=\"excerpt-hellip\"> [\u2026]<\/span><\/p>\n","protected":false},"featured_media":0,"template":"","meta":{"_monsterinsights_skip_tracking":false,"_monsterinsights_sitenote_active":false,"_monsterinsights_sitenote_note":"","_monsterinsights_sitenote_category":0},"product_brand":[],"product_cat":[12291,12711],"product_tag":[],"class_list":{"0":"post-721446","1":"product","2":"type-product","3":"status-publish","5":"product_cat-edebiyat","6":"product_cat-roman-oyku","7":"pa_cilt-ciltli","8":"pa_tur-kitap","9":"pa_yayinevi-koridor-yayincilik","10":"pa_yazar-sabahattin-ali","12":"first","13":"instock","14":"sale","15":"shipping-taxable","16":"purchasable","17":"product-type-simple"},"_links":{"self":[{"href":"https:\/\/roveyayinevi.com.tr\/index.php\/wp-json\/wp\/v2\/product\/721446","targetHints":{"allow":["GET"]}}],"collection":[{"href":"https:\/\/roveyayinevi.com.tr\/index.php\/wp-json\/wp\/v2\/product"}],"about":[{"href":"https:\/\/roveyayinevi.com.tr\/index.php\/wp-json\/wp\/v2\/types\/product"}],"wp:attachment":[{"href":"https:\/\/roveyayinevi.com.tr\/index.php\/wp-json\/wp\/v2\/media?parent=721446"}],"wp:term":[{"taxonomy":"product_brand","embeddable":true,"href":"https:\/\/roveyayinevi.com.tr\/index.php\/wp-json\/wp\/v2\/product_brand?post=721446"},{"taxonomy":"product_cat","embeddable":true,"href":"https:\/\/roveyayinevi.com.tr\/index.php\/wp-json\/wp\/v2\/product_cat?post=721446"},{"taxonomy":"product_tag","embeddable":true,"href":"https:\/\/roveyayinevi.com.tr\/index.php\/wp-json\/wp\/v2\/product_tag?post=721446"}],"curies":[{"name":"wp","href":"https:\/\/api.w.org\/{rel}","templated":true}]}}