{"id":721443,"date":"2025-08-27T18:50:21","date_gmt":"2025-08-27T15:50:21","guid":{"rendered":"https:\/\/roveyayinevi.com.tr\/index.php\/urun\/aynadaki-yuzler-2\/"},"modified":"2026-04-16T02:29:22","modified_gmt":"2026-04-15T23:29:22","slug":"aynadaki-yuzler-2","status":"publish","type":"product","link":"https:\/\/roveyayinevi.com.tr\/index.php\/urun\/aynadaki-yuzler-2\/","title":{"rendered":"Aynadaki Y\u00fczler"},"content":{"rendered":"<p>Stres ve travma, narsisizm, obsesyon, \u00e7izgi \u00f6tesi ya\u015famlar, s\u0131n\u0131r ki\u015filik, \u015fizoid ve ku\u015fkucu histriyonik ki\u015filik bozukluklar\u0131, cinsel kimlik, istismar ve daha pek \u00e7ok ba\u015fl\u0131k Dr. Kln. Psk. G\u00fcl \u00c7\u00f6r\u00fc\u015f\u2019\u00fcn bu kitab\u0131nda k\u00fc\u00e7\u00fck \u00f6yk\u00fclerle, \u00f6rneklerle ele al\u0131n\u0131yor ve zorlu ba\u015fl\u0131klara yer veriliyor.Kitap, k\u0131sa hikayelerle ilerlerken bilimden, edebiyata, sanata \u00f6rnek ve al\u0131nt\u0131lar da sunuyor.<\/p>\n","protected":false},"excerpt":{"rendered":"<p>Stres ve travma, narsisizm, obsesyon, \u00e7izgi \u00f6tesi ya\u015famlar, s\u0131n\u0131r ki\u015filik, \u015fizoid ve ku\u015fkucu histriyonik ki\u015filik bozukluklar\u0131, cinsel kimlik, istismar ve daha pek \u00e7ok ba\u015fl\u0131k Dr. Kln.<span class=\"excerpt-hellip\"> [\u2026]<\/span><\/p>\n","protected":false},"featured_media":0,"template":"","meta":{"_monsterinsights_skip_tracking":false,"_monsterinsights_sitenote_active":false,"_monsterinsights_sitenote_note":"","_monsterinsights_sitenote_category":0},"product_brand":[],"product_cat":[12358,12357],"product_tag":[],"class_list":{"0":"post-721443","1":"product","2":"type-product","3":"status-publish","5":"product_cat-genel-psikoloji","6":"product_cat-psikoloji","7":"pa_cilt-ciltsiz","8":"pa_tur-kitap","9":"pa_yayinevi-psikonet-yayinlari","10":"pa_yazar-gul-corus","12":"first","13":"instock","14":"sale","15":"shipping-taxable","16":"purchasable","17":"product-type-simple"},"_links":{"self":[{"href":"https:\/\/roveyayinevi.com.tr\/index.php\/wp-json\/wp\/v2\/product\/721443","targetHints":{"allow":["GET"]}}],"collection":[{"href":"https:\/\/roveyayinevi.com.tr\/index.php\/wp-json\/wp\/v2\/product"}],"about":[{"href":"https:\/\/roveyayinevi.com.tr\/index.php\/wp-json\/wp\/v2\/types\/product"}],"wp:attachment":[{"href":"https:\/\/roveyayinevi.com.tr\/index.php\/wp-json\/wp\/v2\/media?parent=721443"}],"wp:term":[{"taxonomy":"product_brand","embeddable":true,"href":"https:\/\/roveyayinevi.com.tr\/index.php\/wp-json\/wp\/v2\/product_brand?post=721443"},{"taxonomy":"product_cat","embeddable":true,"href":"https:\/\/roveyayinevi.com.tr\/index.php\/wp-json\/wp\/v2\/product_cat?post=721443"},{"taxonomy":"product_tag","embeddable":true,"href":"https:\/\/roveyayinevi.com.tr\/index.php\/wp-json\/wp\/v2\/product_tag?post=721443"}],"curies":[{"name":"wp","href":"https:\/\/api.w.org\/{rel}","templated":true}]}}