{"id":721442,"date":"2025-08-27T18:50:21","date_gmt":"2025-08-27T15:50:21","guid":{"rendered":"https:\/\/roveyayinevi.com.tr\/index.php\/urun\/beyaz-dis-gokkusagi-cep-kitap\/"},"modified":"2026-04-16T02:29:22","modified_gmt":"2026-04-15T23:29:22","slug":"beyaz-dis-gokkusagi-cep-kitap","status":"publish","type":"product","link":"https:\/\/roveyayinevi.com.tr\/index.php\/urun\/beyaz-dis-gokkusagi-cep-kitap\/","title":{"rendered":"Beyaz Di\u015f (G\u00f6kku\u015fa\u011f\u0131 Cep Kitap)"},"content":{"rendered":"<p>Kanada\u2019n\u0131n kuzeyindeki vah\u015fi ormanlardaki ya\u015fam\u0131n b\u00fcy\u00fcleyici bir roman\u0131. Kurt ile k\u00f6pek melezi olan Beyaz Di\u015f, hem insan hem de hayvan d\u00fc\u015fmanlar\u0131na ra\u011fmen vah\u015fi Yukon\u2019da hayatta kalabilmek i\u00e7in do\u011fu\u015ftan gelen g\u00fcc\u00fc ve cesaretiyle birlikte i\u00e7g\u00fcd\u00fclerine g\u00fcveniyor. S\u00fcr\u00fckleyici ayr\u0131nt\u0131larla, Jack London, \u00e7etin ve ac\u0131mas\u0131z bir ortamda t\u00fcrler aras\u0131ndaki hayatta kalma sava\u015f\u0131n\u0131n vah\u015fi ger\u00e7eklerini g\u00f6zler \u00f6n\u00fcne seriyor.Vazge\u00e7ilmez \u00e7ocuk klasi\u011fi Beyaz Di\u015f, Jack London\u2019\u0131n en de\u011ferli eserlerinden biri olarak \u00f6ne \u00e7\u0131k\u0131yor.<\/p>\n","protected":false},"excerpt":{"rendered":"<p>Kanada\u2019n\u0131n kuzeyindeki vah\u015fi ormanlardaki ya\u015fam\u0131n b\u00fcy\u00fcleyici bir roman\u0131. Kurt ile k\u00f6pek melezi olan Beyaz Di\u015f, hem insan hem de hayvan d\u00fc\u015fmanlar\u0131na ra\u011fmen vah\u015fi Yukon\u2019da hayatta kalabilmek<span class=\"excerpt-hellip\"> [\u2026]<\/span><\/p>\n","protected":false},"featured_media":0,"template":"","meta":{"_monsterinsights_skip_tracking":false,"_monsterinsights_sitenote_active":false,"_monsterinsights_sitenote_note":"","_monsterinsights_sitenote_category":0},"product_brand":[],"product_cat":[12274,12284],"product_tag":[],"class_list":{"0":"post-721442","1":"product","2":"type-product","3":"status-publish","5":"product_cat-cocuk-ve-genclik-kitaplari","6":"product_cat-hikayeler","7":"pa_cilt-ciltsiz","8":"pa_tur-kitap","9":"pa_yayinevi-arkadas-yayinlari","10":"pa_yazar-jack-london","12":"first","13":"instock","14":"sale","15":"shipping-taxable","16":"purchasable","17":"product-type-simple"},"_links":{"self":[{"href":"https:\/\/roveyayinevi.com.tr\/index.php\/wp-json\/wp\/v2\/product\/721442","targetHints":{"allow":["GET"]}}],"collection":[{"href":"https:\/\/roveyayinevi.com.tr\/index.php\/wp-json\/wp\/v2\/product"}],"about":[{"href":"https:\/\/roveyayinevi.com.tr\/index.php\/wp-json\/wp\/v2\/types\/product"}],"wp:attachment":[{"href":"https:\/\/roveyayinevi.com.tr\/index.php\/wp-json\/wp\/v2\/media?parent=721442"}],"wp:term":[{"taxonomy":"product_brand","embeddable":true,"href":"https:\/\/roveyayinevi.com.tr\/index.php\/wp-json\/wp\/v2\/product_brand?post=721442"},{"taxonomy":"product_cat","embeddable":true,"href":"https:\/\/roveyayinevi.com.tr\/index.php\/wp-json\/wp\/v2\/product_cat?post=721442"},{"taxonomy":"product_tag","embeddable":true,"href":"https:\/\/roveyayinevi.com.tr\/index.php\/wp-json\/wp\/v2\/product_tag?post=721442"}],"curies":[{"name":"wp","href":"https:\/\/api.w.org\/{rel}","templated":true}]}}