{"id":721441,"date":"2025-08-27T18:50:20","date_gmt":"2025-08-27T15:50:20","guid":{"rendered":"https:\/\/roveyayinevi.com.tr\/index.php\/urun\/cagdas-egitim-akimlari\/"},"modified":"2026-04-16T02:29:22","modified_gmt":"2026-04-15T23:29:22","slug":"cagdas-egitim-akimlari","status":"publish","type":"product","link":"https:\/\/roveyayinevi.com.tr\/index.php\/urun\/cagdas-egitim-akimlari\/","title":{"rendered":"\u00c7a\u011fda\u015f E\u011fitim Ak\u0131mlar\u0131"},"content":{"rendered":"<p>20. y\u00fczy\u0131l\u0131n ilk yar\u0131s\u0131, reformcu e\u011fitim d\u00fc\u015f\u00fcnce ve uygulamalar\u0131 a\u00e7\u0131s\u0131ndan olduk\u00e7a zengin bir d\u00f6nemdir. Bunlar, g\u00fcn\u00fcm\u00fczdeki e\u011fitim reformlar\u0131n\u0131n fikri k\u00f6klerini olu\u015fturmaktad\u0131rlar. \u00c7a\u011fda\u015f E\u011fitim Ak\u0131mlar\u0131 yabanc\u0131 \u00fclkelerde, \u00e7a\u011f\u0131m\u0131z\u0131 karakterize eden reformcu e\u011fitim d\u00fc\u015f\u00fcnceleri \u00fczerine sistemli bir bak\u0131\u015f vermektir.G\u00fcn\u00fcm\u00fczdeki e\u011fitim reformu uygulamalar\u0131n\u0131 anlamak i\u00e7in, bunlar\u0131n arka plan\u0131n\u0131 ve \u00f6nc\u00fcl\u00fc\u011f\u00fcn\u00fc te\u015fkil eden ak\u0131mlar\u0131 tan\u0131mak gerekir. Kitapta, bu ak\u0131mlardan sadece en yayg\u0131n olanlar\u0131na belli bir kronoloji takip edilerek yer verilmi\u015ftir. \u00c7e\u015fitli \u00fclkelerde e\u011fitim hareketlerinin \u00f6nc\u00fcleri genel hatlar\u0131yla okura tan\u0131t\u0131lm\u0131\u015ft\u0131r. E\u011fitim sahas\u0131nda literat\u00fcre ge\u00e7en ana eserler zikredilmi\u015ftir.Kitapta \u00c7a\u011fda\u015f Reformcu E\u011fitim Ak\u0131mlar\u0131, Sanat E\u011fitimi Ak\u0131m\u0131, \u00c7ocuktan Hareket Ak\u0131m\u0131, K\u0131r E\u011fitim Yurdu Ak\u0131m\u0131, \u0130\u015f E\u011fitimi Ak\u0131m\u0131 ve Kolektif E\u011fitimi Ak\u0131m\u0131 gibi belli ba\u015fl\u0131 ak\u0131mlara yer verilmi\u015ftir. Aradan y\u00fczy\u0131l ge\u00e7mi\u015f ve g\u00fcn\u00fcm\u00fcz e\u011fitim anlay\u0131\u015f\u0131 radikal de\u011fi\u015fimlere u\u011fram\u0131\u015ft\u0131r.Ancak farkl\u0131 co\u011frafyalarda saf ve bozulmam\u0131\u015f haliyle e\u011fitime bak\u0131\u015f\u0131n, temel d\u00fcnya g\u00f6r\u00fc\u015flerinde ama\u00e7 ve i\u00e7eriklerin ilk olu\u015fumlar\u0131n\u0131 g\u00f6rmek bug\u00fcnk\u00fc e\u011fitim d\u00fcnyas\u0131n\u0131n karma\u015f\u0131kl\u0131\u011f\u0131n\u0131 anlamak a\u00e7\u0131s\u0131ndan son derece \u00f6nemlidir.<\/p>\n","protected":false},"excerpt":{"rendered":"<p>20. y\u00fczy\u0131l\u0131n ilk yar\u0131s\u0131, reformcu e\u011fitim d\u00fc\u015f\u00fcnce ve uygulamalar\u0131 a\u00e7\u0131s\u0131ndan olduk\u00e7a zengin bir d\u00f6nemdir. Bunlar, g\u00fcn\u00fcm\u00fczdeki e\u011fitim reformlar\u0131n\u0131n fikri k\u00f6klerini olu\u015fturmaktad\u0131rlar. \u00c7a\u011fda\u015f E\u011fitim Ak\u0131mlar\u0131 yabanc\u0131 \u00fclkelerde,<span class=\"excerpt-hellip\"> [\u2026]<\/span><\/p>\n","protected":false},"featured_media":0,"template":"","meta":{"_monsterinsights_skip_tracking":false,"_monsterinsights_sitenote_active":false,"_monsterinsights_sitenote_note":"","_monsterinsights_sitenote_category":0},"product_brand":[],"product_cat":[12567,12566],"product_tag":[],"class_list":{"0":"post-721441","1":"product","2":"type-product","3":"status-publish","5":"product_cat-diger-egitim","6":"product_cat-egitim","7":"pa_cilt-ciltsiz","8":"pa_tur-kitap","9":"pa_yayinevi-dogu-bati-yayinlari","10":"pa_yazar-kemal-aytac","12":"first","13":"instock","14":"sale","15":"shipping-taxable","16":"purchasable","17":"product-type-simple"},"_links":{"self":[{"href":"https:\/\/roveyayinevi.com.tr\/index.php\/wp-json\/wp\/v2\/product\/721441","targetHints":{"allow":["GET"]}}],"collection":[{"href":"https:\/\/roveyayinevi.com.tr\/index.php\/wp-json\/wp\/v2\/product"}],"about":[{"href":"https:\/\/roveyayinevi.com.tr\/index.php\/wp-json\/wp\/v2\/types\/product"}],"wp:attachment":[{"href":"https:\/\/roveyayinevi.com.tr\/index.php\/wp-json\/wp\/v2\/media?parent=721441"}],"wp:term":[{"taxonomy":"product_brand","embeddable":true,"href":"https:\/\/roveyayinevi.com.tr\/index.php\/wp-json\/wp\/v2\/product_brand?post=721441"},{"taxonomy":"product_cat","embeddable":true,"href":"https:\/\/roveyayinevi.com.tr\/index.php\/wp-json\/wp\/v2\/product_cat?post=721441"},{"taxonomy":"product_tag","embeddable":true,"href":"https:\/\/roveyayinevi.com.tr\/index.php\/wp-json\/wp\/v2\/product_tag?post=721441"}],"curies":[{"name":"wp","href":"https:\/\/api.w.org\/{rel}","templated":true}]}}