{"id":721439,"date":"2025-08-27T18:50:18","date_gmt":"2025-08-27T15:50:18","guid":{"rendered":"https:\/\/roveyayinevi.com.tr\/index.php\/urun\/sandman-7-kisa-hayatlar\/"},"modified":"2026-04-16T02:29:22","modified_gmt":"2026-04-15T23:29:22","slug":"sandman-7-kisa-hayatlar","status":"publish","type":"product","link":"https:\/\/roveyayinevi.com.tr\/index.php\/urun\/sandman-7-kisa-hayatlar\/","title":{"rendered":"Sandman 7:  K\u0131sa Hayatlar"},"content":{"rendered":"<p>T\u00fcm zamanlar\u0131n hem en pop\u00fcler hem de ele\u015ftirmenlerce en \u00e7ok be\u011fenilen grafik romanlar\u0131ndan biri olan SANDMAN, \u00e7izgi roman d\u00fcnyas\u0131nda olgun ve lirik fantazinin d\u00f6n\u00fcm noktas\u0131 oldu. Mecran\u0131n en aranan sanat\u00e7\u0131lar\u0131n\u0131n resimlendirdi\u011fi seri, modern ve antik mitolojilerin \u00e7a\u011fda\u015f kurgularla, tarihi dramalarla ve efsanelerle beraber dokundu\u011fu zengin bir kar\u0131\u015f\u0131m. Tanr\u0131lardan \u00e7ok daha g\u00fc\u00e7l\u00fc olsalar da Sonsuzlar ailesi pek \u00e7ok sorunla ba\u015f etmek zorunda olan problemli bir aileydi. Zaman\u0131n ba\u015flang\u0131c\u0131ndan beri kozmosa y\u00f6n veren bu yedi karde\u015ften biri \u00fc\u00e7 y\u00fcz sene \u00f6nce t\u00fcm sorumluluklar\u0131n\u0131 ve karde\u015flerini ard\u0131nda b\u0131rak\u0131p kay\u0131plara kar\u0131\u015fm\u0131\u015ft\u0131. SANDMAN\u2019in 7. cildi K\u0131sa Hayatlar\u2019da kay\u0131p karde\u015f Y\u0131k\u0131m\u2019\u0131 bulmak \u00fczere yola \u00e7\u0131kan Hezeyan ve R\u00fcya\u2019n\u0131n yol boyunca kar\u015f\u0131la\u015ft\u0131\u011f\u0131 maceralar anlat\u0131l\u0131yor. Bunun yan\u0131 s\u0131ra o\u011flu Orfeus\u2019la y\u00fczle\u015fip bir ba\u015fka hik\u00e2yenin sonunu getiren R\u00fcya da kaderin ve bedel \u00f6demenin ne anlama geldi\u011fini \u00f6\u011frenecekti. Peter Straub\u2019un sons\u00f6z\u00fcyle. &#8220;\u00c7izgi roman okuyup okumaman\u0131z umurumda bile de\u011fil ama bu seriyi kesinlikle okumal\u0131s\u0131n\u0131z.\u201d Patrick Rothfuss <\/p>\n","protected":false},"excerpt":{"rendered":"<p>T\u00fcm zamanlar\u0131n hem en pop\u00fcler hem de ele\u015ftirmenlerce en \u00e7ok be\u011fenilen grafik romanlar\u0131ndan biri olan SANDMAN, \u00e7izgi roman d\u00fcnyas\u0131nda olgun ve lirik fantazinin d\u00f6n\u00fcm noktas\u0131 oldu.<span class=\"excerpt-hellip\"> [\u2026]<\/span><\/p>\n","protected":false},"featured_media":0,"template":"","meta":{"_monsterinsights_skip_tracking":false,"_monsterinsights_sitenote_active":false,"_monsterinsights_sitenote_note":"","_monsterinsights_sitenote_category":0},"product_brand":[],"product_cat":[12416,12291],"product_tag":[],"class_list":{"0":"post-721439","1":"product","2":"type-product","3":"status-publish","5":"product_cat-cizgi-roman","6":"product_cat-edebiyat","7":"pa_cilt-ciltsiz","8":"pa_tur-kitap","9":"pa_yayinevi-ithaki-yayinlari","10":"pa_yazar-neil-gaiman","12":"first","13":"instock","14":"sale","15":"shipping-taxable","16":"purchasable","17":"product-type-simple"},"_links":{"self":[{"href":"https:\/\/roveyayinevi.com.tr\/index.php\/wp-json\/wp\/v2\/product\/721439","targetHints":{"allow":["GET"]}}],"collection":[{"href":"https:\/\/roveyayinevi.com.tr\/index.php\/wp-json\/wp\/v2\/product"}],"about":[{"href":"https:\/\/roveyayinevi.com.tr\/index.php\/wp-json\/wp\/v2\/types\/product"}],"wp:attachment":[{"href":"https:\/\/roveyayinevi.com.tr\/index.php\/wp-json\/wp\/v2\/media?parent=721439"}],"wp:term":[{"taxonomy":"product_brand","embeddable":true,"href":"https:\/\/roveyayinevi.com.tr\/index.php\/wp-json\/wp\/v2\/product_brand?post=721439"},{"taxonomy":"product_cat","embeddable":true,"href":"https:\/\/roveyayinevi.com.tr\/index.php\/wp-json\/wp\/v2\/product_cat?post=721439"},{"taxonomy":"product_tag","embeddable":true,"href":"https:\/\/roveyayinevi.com.tr\/index.php\/wp-json\/wp\/v2\/product_tag?post=721439"}],"curies":[{"name":"wp","href":"https:\/\/api.w.org\/{rel}","templated":true}]}}