{"id":721438,"date":"2025-08-27T18:50:18","date_gmt":"2025-08-27T15:50:18","guid":{"rendered":"https:\/\/roveyayinevi.com.tr\/index.php\/urun\/kurumsal-surdurebilirlik-sektorel-iyi-uygulama-ornegi-bisse\/"},"modified":"2026-04-16T02:29:22","modified_gmt":"2026-04-15T23:29:22","slug":"kurumsal-surdurebilirlik-sektorel-iyi-uygulama-ornegi-bisse","status":"publish","type":"product","link":"https:\/\/roveyayinevi.com.tr\/index.php\/urun\/kurumsal-surdurebilirlik-sektorel-iyi-uygulama-ornegi-bisse\/","title":{"rendered":"Kurumsal S\u00fcrd\u00fcrebilirlik Sekt\u00f6rel \u0130yi Uygulama \u00d6rne\u011fi- B\u0130SSE"},"content":{"rendered":"<p>\u0130\u00e7indekiler   B\u0130R\u0130NC\u0130 B\u00d6L\u00dcM KURUMSAL S\u00dcRD\u00dcR\u00dcLEB\u0130L\u0130RL\u0130K KAVRAMSAL \u00c7ER\u00c7EVE 1.1  \u00dc\u00e7 Boyutlu Kriz ve Bile\u015fenleri 1.2  S\u00fcr\u00fcd\u00fcr\u00fclebilir \u015eirket Yakla\u015f\u0131m\u0131 1.3  Kurumsal S\u00fcrd\u00fcr\u00fclebilirlik \u0130\u00e7in Risklerin Kontrol\u00fc   \u0130K\u0130NC\u0130 B\u00d6L\u00dcM KURUMSAL R\u0130SK Y\u00d6NET\u0130M\u0130 KAVRAMSAL \u00c7ER\u00c7EVE  2.1 Kurumsal Risk Y\u00f6netimi S\u00fcreci  2.2 Kurumsal Risklerin \u0130\u00e7sel ve D\u0131\u015fsal Bile\u015fenleri   \u00dc\u00c7\u00dcNC\u00dc B\u00d6L\u00dcM SEKT\u00d6REL \u0130Y\u0130 UYGULAMA \u00d6RNE\u011e\u0130 OLARAK B\u0130SSE  3.1 Ama\u00e7 ve Kapsam  3.2. Veriler ve Uygulanan Y\u00f6ntem   D\u00d6RD\u00dcNC\u00dc B\u00d6L\u00dcM  GENEL DE\u011eERLEND\u0130RME  KAYNAK\u00c7A  EKLER <\/p>\n","protected":false},"excerpt":{"rendered":"<p>\u0130\u00e7indekiler B\u0130R\u0130NC\u0130 B\u00d6L\u00dcM KURUMSAL S\u00dcRD\u00dcR\u00dcLEB\u0130L\u0130RL\u0130K KAVRAMSAL \u00c7ER\u00c7EVE 1.1 \u00dc\u00e7 Boyutlu Kriz ve Bile\u015fenleri 1.2 S\u00fcr\u00fcd\u00fcr\u00fclebilir \u015eirket Yakla\u015f\u0131m\u0131 1.3 Kurumsal S\u00fcrd\u00fcr\u00fclebilirlik \u0130\u00e7in Risklerin Kontrol\u00fc \u0130K\u0130NC\u0130 B\u00d6L\u00dcM KURUMSAL<span class=\"excerpt-hellip\"> [\u2026]<\/span><\/p>\n","protected":false},"featured_media":0,"template":"","meta":{"_monsterinsights_skip_tracking":false,"_monsterinsights_sitenote_active":false,"_monsterinsights_sitenote_note":"","_monsterinsights_sitenote_category":0},"product_brand":[],"product_cat":[13043,14381],"product_tag":[],"class_list":{"0":"post-721438","1":"product","2":"type-product","3":"status-publish","5":"product_cat-ekonomi","6":"product_cat-isletme-muhasebe-maliye","7":"pa_cilt-ciltsiz","8":"pa_tur-kitap","9":"pa_yayinevi-gazi-kitabevi","10":"pa_yazar-kolektif","12":"first","13":"instock","14":"sale","15":"shipping-taxable","16":"purchasable","17":"product-type-simple"},"_links":{"self":[{"href":"https:\/\/roveyayinevi.com.tr\/index.php\/wp-json\/wp\/v2\/product\/721438","targetHints":{"allow":["GET"]}}],"collection":[{"href":"https:\/\/roveyayinevi.com.tr\/index.php\/wp-json\/wp\/v2\/product"}],"about":[{"href":"https:\/\/roveyayinevi.com.tr\/index.php\/wp-json\/wp\/v2\/types\/product"}],"wp:attachment":[{"href":"https:\/\/roveyayinevi.com.tr\/index.php\/wp-json\/wp\/v2\/media?parent=721438"}],"wp:term":[{"taxonomy":"product_brand","embeddable":true,"href":"https:\/\/roveyayinevi.com.tr\/index.php\/wp-json\/wp\/v2\/product_brand?post=721438"},{"taxonomy":"product_cat","embeddable":true,"href":"https:\/\/roveyayinevi.com.tr\/index.php\/wp-json\/wp\/v2\/product_cat?post=721438"},{"taxonomy":"product_tag","embeddable":true,"href":"https:\/\/roveyayinevi.com.tr\/index.php\/wp-json\/wp\/v2\/product_tag?post=721438"}],"curies":[{"name":"wp","href":"https:\/\/api.w.org\/{rel}","templated":true}]}}