{"id":721437,"date":"2025-08-27T18:50:17","date_gmt":"2025-08-27T15:50:17","guid":{"rendered":"https:\/\/roveyayinevi.com.tr\/index.php\/urun\/mezarliktaki-yuzuk-mahpare\/"},"modified":"2026-04-16T02:29:22","modified_gmt":"2026-04-15T23:29:22","slug":"mezarliktaki-yuzuk-mahpare","status":"publish","type":"product","link":"https:\/\/roveyayinevi.com.tr\/index.php\/urun\/mezarliktaki-yuzuk-mahpare\/","title":{"rendered":"Mezarl\u0131ktaki Y\u00fcz\u00fck Mahpare"},"content":{"rendered":"<p>Anadolu\u2019nun en \u00fccra k\u00f6\u015fesinden, moda tabirle b\u00fcy\u00fck\u015fehre gelen, \u00e7ocuk ve gen\u00e7 aras\u0131 birisi idi o vakitler. Geldi\u011fi k\u00fclt\u00fcrden soyutlan\u0131p yepyeni bir atmosfere giri\u015f yapt\u0131. \u0130lk ba\u015fta k\u0131l\u0131k k\u0131yafeti de\u011fi\u015fti, sonra t\u00fcm hayat\u0131\u2026Sosyal ele\u015ftiri boyutu olan, durum hik\u00e2yesinden yola \u00e7\u0131k\u0131larak ger\u00e7ek hayat\u0131n i\u00e7inden tasvirlerle yol al\u0131n\u0131p, bir ki\u015finin psikolojik durumunu yans\u0131tan bir a\u015fk ya da a\u015fk&#8217;lar roman\u0131 olan Mezarl\u0131ktaki Y\u00fcz\u00fck-Mahpare \u015eerif\u2019in ilk darbesini yedikten hemen sonra, imdad\u0131na yeti\u015fen bir ikinci a\u015fk ser\u00fcvenini konu al\u0131yor. Bazen hi\u00e7bir \u015fey insan\u0131n elinde olmaz ya, burada da \u00f6yle oluyor.Sofradan dahi her seferinde yemek yemeden, a\u011flamakl\u0131, i\u00e7i dolarak, feryat figan basmamak i\u00e7in kendisini zor tutarak kalkan \u015eerif, deyim yerinde ise tam da t\u0131rlatmak \u00fczere iken, di\u011fer bir tabirle Nirvana\u2019ya ula\u015fmak \u00fczere iken imdad\u0131na yeti\u015fen ikinci bir y\u0131ld\u0131r\u0131m a\u015fk\u0131yla sars\u0131l\u0131yor. Buna engel olamayacakt\u0131 zira \u201cbeddua\u201d y\u0131 alm\u0131\u015ft\u0131 bir kere, olan olacak ki; \u201c Yakla\u015f\u0131yordu yakla\u015fmakta olan!\u201d Birisi ile mutlu olma olas\u0131l\u0131\u011f\u0131 \u00e7ok d\u00fc\u015f\u00fck ve imkans\u0131zd\u0131 sanki, \u00f6ylede oldu, bunu yazd\u0131\u011f\u0131 \u201cAk\u015fam\u201d \u015fiirinin bir m\u0131sras\u0131nda dile getirirken ne de \u00e7ok \u015fey anlat\u0131yordu.Ak\u015fam olup da karanl\u0131k \u00e7\u00f6kt\u00fc\u011f\u00fc an,Dertler \u00e7ileler bedenimi sard\u0131\u011f\u0131 zaman,Kadehlerde teselli arad\u0131\u011f\u0131m an,Karanl\u0131\u011f\u0131 yar\u0131p da gelsen ne olur.Ah \u015eerif ah!\u0130lkinde olmayan mutluluk, Mahpare ile de seni bulmayacakt\u0131. Aynac\u0131n\u0131n dedi\u011fi gibi oluyordu, ah be aynac\u0131:-Ne kadar da \u00e7ok \u015fey biliyormu\u015fsun?Der ya ecnebi (yabanc\u0131):\u201cA\u015fk delicesine bir \u015feydir ancak, siz yine de ona g\u00fcvenin!\u201d<\/p>\n","protected":false},"excerpt":{"rendered":"<p>Anadolu\u2019nun en \u00fccra k\u00f6\u015fesinden, moda tabirle b\u00fcy\u00fck\u015fehre gelen, \u00e7ocuk ve gen\u00e7 aras\u0131 birisi idi o vakitler. Geldi\u011fi k\u00fclt\u00fcrden soyutlan\u0131p yepyeni bir atmosfere giri\u015f yapt\u0131. \u0130lk ba\u015fta<span class=\"excerpt-hellip\"> [\u2026]<\/span><\/p>\n","protected":false},"featured_media":0,"template":"","meta":{"_monsterinsights_skip_tracking":false,"_monsterinsights_sitenote_active":false,"_monsterinsights_sitenote_note":"","_monsterinsights_sitenote_category":0},"product_brand":[],"product_cat":[12291,12711],"product_tag":[],"class_list":{"0":"post-721437","1":"product","2":"type-product","3":"status-publish","5":"product_cat-edebiyat","6":"product_cat-roman-oyku","7":"pa_cilt-ciltsiz","8":"pa_tur-kitap","9":"pa_yayinevi-herdem-kitap","10":"pa_yazar-mevlut-guler","12":"first","13":"instock","14":"sale","15":"shipping-taxable","16":"purchasable","17":"product-type-simple"},"_links":{"self":[{"href":"https:\/\/roveyayinevi.com.tr\/index.php\/wp-json\/wp\/v2\/product\/721437","targetHints":{"allow":["GET"]}}],"collection":[{"href":"https:\/\/roveyayinevi.com.tr\/index.php\/wp-json\/wp\/v2\/product"}],"about":[{"href":"https:\/\/roveyayinevi.com.tr\/index.php\/wp-json\/wp\/v2\/types\/product"}],"wp:attachment":[{"href":"https:\/\/roveyayinevi.com.tr\/index.php\/wp-json\/wp\/v2\/media?parent=721437"}],"wp:term":[{"taxonomy":"product_brand","embeddable":true,"href":"https:\/\/roveyayinevi.com.tr\/index.php\/wp-json\/wp\/v2\/product_brand?post=721437"},{"taxonomy":"product_cat","embeddable":true,"href":"https:\/\/roveyayinevi.com.tr\/index.php\/wp-json\/wp\/v2\/product_cat?post=721437"},{"taxonomy":"product_tag","embeddable":true,"href":"https:\/\/roveyayinevi.com.tr\/index.php\/wp-json\/wp\/v2\/product_tag?post=721437"}],"curies":[{"name":"wp","href":"https:\/\/api.w.org\/{rel}","templated":true}]}}