{"id":721436,"date":"2025-08-27T18:50:16","date_gmt":"2025-08-27T15:50:16","guid":{"rendered":"https:\/\/roveyayinevi.com.tr\/index.php\/urun\/abdi-bey\/"},"modified":"2026-04-16T02:29:22","modified_gmt":"2026-04-15T23:29:22","slug":"abdi-bey","status":"publish","type":"product","link":"https:\/\/roveyayinevi.com.tr\/index.php\/urun\/abdi-bey\/","title":{"rendered":"Abdi Bey"},"content":{"rendered":"<p>Aziz Nesin\u2019in \u00fcnl\u00fc roman\u0131ndaki Z\u00fcb\u00fck\u2019e kar\u015f\u0131 bir D\u00fcb\u00fck \u00e7\u0131kt\u0131k ki, dillere destan. Bu kitab\u0131 okuyunca Z\u00fcb\u00fck\u2019\u00fcn D\u00fcb\u00fck\u2019 \u00fcn eline su d\u00f6kemeyece\u011fini, hatta Z\u00fcb\u00fck\u2019e rahmet okutaca\u011f\u0131n\u0131 g\u00f6receksiniz. Z\u00fcb\u00fck, basit bir kasabada, e\u015fraftan yar\u0131 cahil ki\u015fileri kand\u0131r\u0131p, siyasi ikbal u\u011furuna oyuna getirip, onlar\u0131 kullanan, ak\u0131ll\u0131 ge\u00e7inen birisi.D\u00fcb\u00fck, \u00f6yle mi ya? D\u00fcb\u00fck, y\u00fcksek tahsil g\u00f6rm\u00fc\u015f, uzman doktor olmu\u015f, hatta ba\u015fhekimlik yapan birisi. D\u00fcb\u00fck\u2019\u00fcn makam\u0131n\u0131 kullanarak kand\u0131r\u0131p oyuna getirdikleri ki\u015filer aras\u0131nda kimler yok ki. Ba\u015fta hasta ve hasta yak\u0131nlar\u0131, hastane personeli oldu\u011fu gibi, daire m\u00fcd\u00fcrleri, h\u00e2kimler, savc\u0131lar, h\u00e2s\u0131l\u0131 onunla ilgisi olan herkes.D\u00fcb\u00fck i\u00e7in hastalar para demekti. Hastalardan para alma y\u00f6ntemi kimsenin akl\u0131na gelmeyecek cinsten. Resmi ve gayri resmi, para d\u00f6nen her yerde bulunmaya azami \u00e7aba g\u00f6sterirdi. Yapt\u0131\u011f\u0131 usuls\u00fczl\u00fck ve yolsuzluklar y\u00fcz\u00fcnden hakk\u0131nda alt\u0131 defa soru\u015fturma a\u00e7\u0131ld\u0131\u011f\u0131 halde daire m\u00fcd\u00fcrlerini kullanarak g\u00f6revde kalmay\u0131 ba\u015farabilen bir yetenek. Neler yapt\u0131\u011f\u0131n\u0131, kimleri oyuna getirdi\u011fini okuyunca \u015fa\u015f\u0131r\u0131p kalacak; \u201cOlamaz, yok b\u00f6yle bir adam.\u201d Diyeceksiniz.<\/p>\n","protected":false},"excerpt":{"rendered":"<p>Aziz Nesin\u2019in \u00fcnl\u00fc roman\u0131ndaki Z\u00fcb\u00fck\u2019e kar\u015f\u0131 bir D\u00fcb\u00fck \u00e7\u0131kt\u0131k ki, dillere destan. Bu kitab\u0131 okuyunca Z\u00fcb\u00fck\u2019\u00fcn D\u00fcb\u00fck\u2019 \u00fcn eline su d\u00f6kemeyece\u011fini, hatta Z\u00fcb\u00fck\u2019e rahmet okutaca\u011f\u0131n\u0131 g\u00f6receksiniz.<span class=\"excerpt-hellip\"> [\u2026]<\/span><\/p>\n","protected":false},"featured_media":0,"template":"","meta":{"_monsterinsights_skip_tracking":false,"_monsterinsights_sitenote_active":false,"_monsterinsights_sitenote_note":"","_monsterinsights_sitenote_category":0},"product_brand":[],"product_cat":[12291,12711],"product_tag":[],"class_list":{"0":"post-721436","1":"product","2":"type-product","3":"status-publish","5":"product_cat-edebiyat","6":"product_cat-roman-oyku","7":"pa_cilt-ciltsiz","8":"pa_tur-kitap","9":"pa_yayinevi-herdem-kitap","10":"pa_yazar-salim-demir","12":"first","13":"instock","14":"sale","15":"shipping-taxable","16":"purchasable","17":"product-type-simple"},"_links":{"self":[{"href":"https:\/\/roveyayinevi.com.tr\/index.php\/wp-json\/wp\/v2\/product\/721436","targetHints":{"allow":["GET"]}}],"collection":[{"href":"https:\/\/roveyayinevi.com.tr\/index.php\/wp-json\/wp\/v2\/product"}],"about":[{"href":"https:\/\/roveyayinevi.com.tr\/index.php\/wp-json\/wp\/v2\/types\/product"}],"wp:attachment":[{"href":"https:\/\/roveyayinevi.com.tr\/index.php\/wp-json\/wp\/v2\/media?parent=721436"}],"wp:term":[{"taxonomy":"product_brand","embeddable":true,"href":"https:\/\/roveyayinevi.com.tr\/index.php\/wp-json\/wp\/v2\/product_brand?post=721436"},{"taxonomy":"product_cat","embeddable":true,"href":"https:\/\/roveyayinevi.com.tr\/index.php\/wp-json\/wp\/v2\/product_cat?post=721436"},{"taxonomy":"product_tag","embeddable":true,"href":"https:\/\/roveyayinevi.com.tr\/index.php\/wp-json\/wp\/v2\/product_tag?post=721436"}],"curies":[{"name":"wp","href":"https:\/\/api.w.org\/{rel}","templated":true}]}}