{"id":721435,"date":"2025-08-27T18:50:15","date_gmt":"2025-08-27T15:50:15","guid":{"rendered":"https:\/\/roveyayinevi.com.tr\/index.php\/urun\/eylulde-deniz-bir-baskadir\/"},"modified":"2026-04-16T02:29:22","modified_gmt":"2026-04-15T23:29:22","slug":"eylulde-deniz-bir-baskadir","status":"publish","type":"product","link":"https:\/\/roveyayinevi.com.tr\/index.php\/urun\/eylulde-deniz-bir-baskadir\/","title":{"rendered":"Eyl\u00fcl&#8217;de Deniz Bir Ba\u015fkad\u0131r"},"content":{"rendered":"<p>Bir Mahalle Klasi\u011fiOnlar orta halli mahallenin sakinlerinden ikisi yaln\u0131zca. Hi\u00e7bir \u015feyi u\u00e7larda ya\u015famayan bu ikilinin, u\u00e7urumun k\u0131y\u0131lar\u0131nda gezinen a\u015fklar\u0131na e\u015flik etmek isterseniz, i\u015fte buras\u0131 tam da arad\u0131\u011f\u0131n\u0131z yer.Cesaretten yoksun b\u00fcy\u00fct\u00fcl\u00fcyorduk \u00e7o\u011fu zaman. \u0130lk ad\u0131m\u0131 beklerken b\u00f6yle benim gibi baka kal\u0131yordu \u00e7o\u011fu kad\u0131n u\u00e7up giden a\u015fk\u0131n ard\u0131ndan. Bir &#8216;Ey a\u015fk!&#8217; ile ba\u015flasayd\u0131k c\u00fcmleye belki devam\u0131n\u0131 getirirdi sevilen. Olmayan\u0131 var etmeye al\u0131\u015fk\u0131nd\u0131k biz kad\u0131nlar. Do\u011furgand\u0131k en az\u0131ndan, yery\u00fcz\u00fcnde olmayan bir canl\u0131y\u0131 do\u011furup b\u00fcy\u00fct\u00fcrd\u00fck ne kald\u0131 ki a\u015fk do\u011furmak. Biz isteseydik \u00e2\u015f\u0131k da olurduk, \u00e2\u015f\u0131k da ederdik.<\/p>\n","protected":false},"excerpt":{"rendered":"<p>Bir Mahalle Klasi\u011fiOnlar orta halli mahallenin sakinlerinden ikisi yaln\u0131zca. Hi\u00e7bir \u015feyi u\u00e7larda ya\u015famayan bu ikilinin, u\u00e7urumun k\u0131y\u0131lar\u0131nda gezinen a\u015fklar\u0131na e\u015flik etmek isterseniz, i\u015fte buras\u0131 tam da<span class=\"excerpt-hellip\"> [\u2026]<\/span><\/p>\n","protected":false},"featured_media":0,"template":"","meta":{"_monsterinsights_skip_tracking":false,"_monsterinsights_sitenote_active":false,"_monsterinsights_sitenote_note":"","_monsterinsights_sitenote_category":0},"product_brand":[],"product_cat":[12291,12711],"product_tag":[],"class_list":{"0":"post-721435","1":"product","2":"type-product","3":"status-publish","5":"product_cat-edebiyat","6":"product_cat-roman-oyku","7":"pa_cilt-ciltsiz","8":"pa_tur-kitap","9":"pa_yayinevi-herdem-kitap","10":"pa_yazar-destina","12":"first","13":"instock","14":"sale","15":"shipping-taxable","16":"purchasable","17":"product-type-simple"},"_links":{"self":[{"href":"https:\/\/roveyayinevi.com.tr\/index.php\/wp-json\/wp\/v2\/product\/721435","targetHints":{"allow":["GET"]}}],"collection":[{"href":"https:\/\/roveyayinevi.com.tr\/index.php\/wp-json\/wp\/v2\/product"}],"about":[{"href":"https:\/\/roveyayinevi.com.tr\/index.php\/wp-json\/wp\/v2\/types\/product"}],"wp:attachment":[{"href":"https:\/\/roveyayinevi.com.tr\/index.php\/wp-json\/wp\/v2\/media?parent=721435"}],"wp:term":[{"taxonomy":"product_brand","embeddable":true,"href":"https:\/\/roveyayinevi.com.tr\/index.php\/wp-json\/wp\/v2\/product_brand?post=721435"},{"taxonomy":"product_cat","embeddable":true,"href":"https:\/\/roveyayinevi.com.tr\/index.php\/wp-json\/wp\/v2\/product_cat?post=721435"},{"taxonomy":"product_tag","embeddable":true,"href":"https:\/\/roveyayinevi.com.tr\/index.php\/wp-json\/wp\/v2\/product_tag?post=721435"}],"curies":[{"name":"wp","href":"https:\/\/api.w.org\/{rel}","templated":true}]}}