{"id":721430,"date":"2025-08-27T18:50:11","date_gmt":"2025-08-27T15:50:11","guid":{"rendered":"https:\/\/roveyayinevi.com.tr\/index.php\/urun\/bozkirin-oglu\/"},"modified":"2026-04-16T02:29:22","modified_gmt":"2026-04-15T23:29:22","slug":"bozkirin-oglu","status":"publish","type":"product","link":"https:\/\/roveyayinevi.com.tr\/index.php\/urun\/bozkirin-oglu\/","title":{"rendered":"Bozk\u0131r\u0131n O\u011flu"},"content":{"rendered":"<p>Ahmet Ta\u015fa\u011f\u0131l, Marmara Denizi\u2019ne birka\u00e7 kilometre mesafedeki k\u00fc\u00e7\u00fck bir orman k\u00f6y\u00fcnde do\u011fdu. Ama \u00f6mr\u00fcn\u00fc Asya\u2019n\u0131n u\u00e7suz bucaks\u0131z bozk\u0131rlar\u0131nda T\u00fcrklerin ayak izlerini aramakla ge\u00e7irdi. \u00dcstte mavi g\u00f6\u011f\u00fc, altta ya\u011f\u0131z yeri inceledi y\u0131llar boyu. Bozk\u0131rda kadim T\u00fcrklerden sonra en fazla ayak izi b\u0131rakan ki\u015fi oldu. Bazen Bilge Ka\u011fan olup T\u00fcrk boylar\u0131n\u0131n pe\u015fine d\u00fc\u015ft\u00fc. Bazen Tonyukuk olup \u015eantung ovas\u0131nda denize ula\u015ft\u0131; Aral\u2019\u0131, Baykal\u2019\u0131, Is\u0131k G\u00f6l\u00fc g\u00f6rd\u00fc. Seyhun\u2019da, Orhun\u2019da, Selenga\u2019da y\u0131kand\u0131. Yaz\u0131tlar\u0131n ba\u015f\u0131nda g\u00fcnlerce kal\u0131p Bilge Ka\u011fan\u2019\u0131n g\u00fcr sesinin yank\u0131lan\u0131\u015f\u0131n\u0131 duydu: T\u00fcrk Milleti i\u015fitin!   T\u00fcrk Milleti, onun sesini ilk olarak y\u00fcksek bir emek mahsul\u00fc olan \u201cG\u00f6kt\u00fcrkler\u201d adl\u0131 \u00e7al\u0131\u015fmas\u0131yla i\u015fitti. Bu kitap o zamana kadar yap\u0131lm\u0131\u015f t\u00fcm \u00e7al\u0131\u015fmalar\u0131n \u00fczerinde yeni bir ses, yeni bir tezdi. Sonra devam\u0131 geldi, T\u00fcrkl\u00fck alan\u0131ndaki \u00e7al\u0131\u015fmalar\u0131n\u0131n. Y\u00fczlerce makale kaleme ald\u0131; onlarca kitap kazand\u0131rd\u0131 k\u00fct\u00fcphanelerimize. K\u00f6k Tengri\u2019nin \u00c7ocuklar\u0131\u2019n\u0131, G\u00f6kb\u00f6r\u00fc\u2019n\u00fcn \u0130zinde\u2019yi, Bozk\u0131r\u0131n Ka\u011fanl\u0131klar\u0131\u2019n\u0131, Bilge Ka\u011fan\u2019\u0131n Vasiyeti\u2019ni ve daha nicelerini yazd\u0131, yazmaya devam ediyor. Bozk\u0131rda T\u00fcrk\u2019e dair, T\u00fcrk i\u00e7in ne varsa tarihte onun pe\u015finde y\u00fcr\u00fcyor; T\u00fcrkl\u00fck yolunda \u00f6mr\u00fcn\u00fc harcad\u0131, harcamaya da devam ediyor.   Ona bir s\u0131fat yak\u0131\u015ft\u0131r\u0131lsa her halde sadece \u201cBozk\u0131r\u0131n O\u011flu\u201d demek yeterli olurdu; \u00f6yle de dedi dostlar\u0131. Bununla kalmay\u0131p en g\u00fczel makalelerini ona adad\u0131lar.  Biz de \u201cBozk\u0131r\u0131n O\u011flu Ahmet Ta\u015fa\u011f\u0131l\u201d diye sesleniyoruz.  Tufan G\u00dcND\u00dcZ <\/p>\n","protected":false},"excerpt":{"rendered":"<p>Ahmet Ta\u015fa\u011f\u0131l, Marmara Denizi\u2019ne birka\u00e7 kilometre mesafedeki k\u00fc\u00e7\u00fck bir orman k\u00f6y\u00fcnde do\u011fdu. Ama \u00f6mr\u00fcn\u00fc Asya\u2019n\u0131n u\u00e7suz bucaks\u0131z bozk\u0131rlar\u0131nda T\u00fcrklerin ayak izlerini aramakla ge\u00e7irdi. \u00dcstte mavi g\u00f6\u011f\u00fc,<span class=\"excerpt-hellip\"> [\u2026]<\/span><\/p>\n","protected":false},"featured_media":0,"template":"","meta":{"_monsterinsights_skip_tracking":false,"_monsterinsights_sitenote_active":false,"_monsterinsights_sitenote_note":"","_monsterinsights_sitenote_category":0},"product_brand":[],"product_cat":[13946,12304],"product_tag":[],"class_list":{"0":"post-721430","1":"product","2":"type-product","3":"status-publish","5":"product_cat-biyografi-otobiyografi","6":"product_cat-tarih","7":"pa_cilt-ciltsiz","8":"pa_tur-kitap","9":"pa_yayinevi-yeditepe-yayinevi","10":"pa_yazar-kolektif","12":"first","13":"instock","14":"sale","15":"shipping-taxable","16":"purchasable","17":"product-type-simple"},"_links":{"self":[{"href":"https:\/\/roveyayinevi.com.tr\/index.php\/wp-json\/wp\/v2\/product\/721430","targetHints":{"allow":["GET"]}}],"collection":[{"href":"https:\/\/roveyayinevi.com.tr\/index.php\/wp-json\/wp\/v2\/product"}],"about":[{"href":"https:\/\/roveyayinevi.com.tr\/index.php\/wp-json\/wp\/v2\/types\/product"}],"wp:attachment":[{"href":"https:\/\/roveyayinevi.com.tr\/index.php\/wp-json\/wp\/v2\/media?parent=721430"}],"wp:term":[{"taxonomy":"product_brand","embeddable":true,"href":"https:\/\/roveyayinevi.com.tr\/index.php\/wp-json\/wp\/v2\/product_brand?post=721430"},{"taxonomy":"product_cat","embeddable":true,"href":"https:\/\/roveyayinevi.com.tr\/index.php\/wp-json\/wp\/v2\/product_cat?post=721430"},{"taxonomy":"product_tag","embeddable":true,"href":"https:\/\/roveyayinevi.com.tr\/index.php\/wp-json\/wp\/v2\/product_tag?post=721430"}],"curies":[{"name":"wp","href":"https:\/\/api.w.org\/{rel}","templated":true}]}}