{"id":721428,"date":"2025-08-27T18:50:02","date_gmt":"2025-08-27T15:50:02","guid":{"rendered":"https:\/\/roveyayinevi.com.tr\/index.php\/urun\/komunist-parti-manifestosu\/"},"modified":"2026-04-16T02:29:22","modified_gmt":"2026-04-15T23:29:22","slug":"komunist-parti-manifestosu","status":"publish","type":"product","link":"https:\/\/roveyayinevi.com.tr\/index.php\/urun\/komunist-parti-manifestosu\/","title":{"rendered":"Kom\u00fcnist Parti Manifestosu"},"content":{"rendered":"<p>&#8220;Kom\u00fcnist Parti Manifestosu&#8221; veya yayg\u0131n kullan\u0131lan ad\u0131yla &#8220;Manifesto&#8221;, d\u00fcnya \u00e7ap\u0131nda en \u00e7 ok bask\u0131s\u0131 yap\u0131lan ve yayg\u0131nla\u015ft\u0131r\u0131lan eserlerden biridir. Ger\u00e7ekten de yaz\u0131l\u0131\u015f\u0131ndan bu yana \u00e7ok \u00e7e\u015fitli dillere \u00e7evrilmi\u015f, Kur&#8217;an ve \u0130ncil&#8217;le yar\u0131\u015f\u0131rcas\u0131na yayg\u0131nla\u015ft\u0131r\u0131lm\u0131\u015ft\u0131r. &#8220;Manifesto&#8217;yu eskitmeyen nedir? diye bir soru sorsak, cevaplar \u00e7ok \u00e7e\u015fitli olabilir. Ama herhalde verdi\u011fi mesaj, orada dile getirilen d\u00fc\u015f\u00fcncelerin hen\u00fcz b\u00fct\u00fcn y\u00f6nleriyle ger\u00e7ekle\u015ftirilememi\u015f olmas\u0131d\u0131r. \u0130nsanl\u0131\u011f\u0131 orada dile getirilen d\u00fc\u015f\u00fcnceleri hen\u00fcz a\u015fmam\u0131\u015f olmas\u0131, en do\u011fru cevap olacakt\u0131r. Ger\u00e7ekten de \u00f6yle de\u011fil mi? <\/p>\n","protected":false},"excerpt":{"rendered":"<p>&#8220;Kom\u00fcnist Parti Manifestosu&#8221; veya yayg\u0131n kullan\u0131lan ad\u0131yla &#8220;Manifesto&#8221;, d\u00fcnya \u00e7ap\u0131nda en \u00e7 ok bask\u0131s\u0131 yap\u0131lan ve yayg\u0131nla\u015ft\u0131r\u0131lan eserlerden biridir. Ger\u00e7ekten de yaz\u0131l\u0131\u015f\u0131ndan bu yana \u00e7ok \u00e7e\u015fitli<span class=\"excerpt-hellip\"> [\u2026]<\/span><\/p>\n","protected":false},"featured_media":0,"template":"","meta":{"_monsterinsights_skip_tracking":false,"_monsterinsights_sitenote_active":false,"_monsterinsights_sitenote_note":"","_monsterinsights_sitenote_category":0},"product_brand":[],"product_cat":[12370,12304],"product_tag":[],"class_list":{"0":"post-721428","1":"product","2":"type-product","3":"status-publish","5":"product_cat-arastirma-inceleme","6":"product_cat-tarih","7":"pa_cilt-ciltsiz","8":"pa_tur-kitap","9":"pa_yayinevi-toz-yayinlari","10":"pa_yazar-friedrich-engels-karl-marx","12":"first","13":"instock","14":"sale","15":"shipping-taxable","16":"purchasable","17":"product-type-simple"},"_links":{"self":[{"href":"https:\/\/roveyayinevi.com.tr\/index.php\/wp-json\/wp\/v2\/product\/721428","targetHints":{"allow":["GET"]}}],"collection":[{"href":"https:\/\/roveyayinevi.com.tr\/index.php\/wp-json\/wp\/v2\/product"}],"about":[{"href":"https:\/\/roveyayinevi.com.tr\/index.php\/wp-json\/wp\/v2\/types\/product"}],"wp:attachment":[{"href":"https:\/\/roveyayinevi.com.tr\/index.php\/wp-json\/wp\/v2\/media?parent=721428"}],"wp:term":[{"taxonomy":"product_brand","embeddable":true,"href":"https:\/\/roveyayinevi.com.tr\/index.php\/wp-json\/wp\/v2\/product_brand?post=721428"},{"taxonomy":"product_cat","embeddable":true,"href":"https:\/\/roveyayinevi.com.tr\/index.php\/wp-json\/wp\/v2\/product_cat?post=721428"},{"taxonomy":"product_tag","embeddable":true,"href":"https:\/\/roveyayinevi.com.tr\/index.php\/wp-json\/wp\/v2\/product_tag?post=721428"}],"curies":[{"name":"wp","href":"https:\/\/api.w.org\/{rel}","templated":true}]}}