{"id":721427,"date":"2025-08-27T18:50:02","date_gmt":"2025-08-27T15:50:02","guid":{"rendered":"https:\/\/roveyayinevi.com.tr\/index.php\/urun\/hakli-ve-haksiz-savaslar-uzerine\/"},"modified":"2026-04-16T02:29:22","modified_gmt":"2026-04-15T23:29:22","slug":"hakli-ve-haksiz-savaslar-uzerine","status":"publish","type":"product","link":"https:\/\/roveyayinevi.com.tr\/index.php\/urun\/hakli-ve-haksiz-savaslar-uzerine\/","title":{"rendered":"Hakl\u0131 ve Haks\u0131z Sava\u015flar \u00dczerine"},"content":{"rendered":"<p>Haks\u0131z sava\u015flar, ancak hakl\u0131 sava\u015flarla tarih sahnesinden silinebilirler. Hakl\u0131 sava\u015flar, ulusal kurtulu\u015f, ba\u011f\u0131ms\u0131zl\u0131k, s\u00f6m\u00fcr\u00fc d\u00fczenini ortadan kald\u0131rmak, sosyalizmi kurmak i\u00e7in s\u00fcrd\u00fcr\u00fclen sava\u015flard\u0131r. Sava\u015f konusunda genelleme yap\u0131lamaz. \u0130\u015f\u00e7i s\u0131n\u0131f\u0131 ve emek\u00e7i y\u0131\u011f\u0131nlar sava\u015flar\u0131n s\u0131n\u0131fsal karakteri \u00fczerine bilin\u00e7lendirilmedikleri m\u00fcddet\u00e7e de burjuvazi taraf\u0131ndan y\u00f6nlendirilirler. Bu \u00e7al\u0131\u015fma, hakl\u0131 ve haks\u0131z sava\u015flar\u0131n \u00f6rnekleriyle birlikte s\u0131n\u0131fsal karakterinin a\u00e7\u0131klanmas\u0131nda sorunun ABC\u2019si k\u0131vam\u0131nda bir e\u011fitim bro\u015f\u00fcr\u00fcd\u00fcr. <\/p>\n","protected":false},"excerpt":{"rendered":"<p>Haks\u0131z sava\u015flar, ancak hakl\u0131 sava\u015flarla tarih sahnesinden silinebilirler. Hakl\u0131 sava\u015flar, ulusal kurtulu\u015f, ba\u011f\u0131ms\u0131zl\u0131k, s\u00f6m\u00fcr\u00fc d\u00fczenini ortadan kald\u0131rmak, sosyalizmi kurmak i\u00e7in s\u00fcrd\u00fcr\u00fclen sava\u015flard\u0131r. Sava\u015f konusunda genelleme yap\u0131lamaz.<span class=\"excerpt-hellip\"> [\u2026]<\/span><\/p>\n","protected":false},"featured_media":0,"template":"","meta":{"_monsterinsights_skip_tracking":false,"_monsterinsights_sitenote_active":false,"_monsterinsights_sitenote_note":"","_monsterinsights_sitenote_category":0},"product_brand":[],"product_cat":[12370,12304],"product_tag":[],"class_list":{"0":"post-721427","1":"product","2":"type-product","3":"status-publish","5":"product_cat-arastirma-inceleme","6":"product_cat-tarih","7":"pa_cilt-ciltsiz","8":"pa_tur-kitap","9":"pa_yayinevi-toz-yayinlari","10":"pa_yazar-g-d-fadayev","12":"first","13":"instock","14":"sale","15":"shipping-taxable","16":"purchasable","17":"product-type-simple"},"_links":{"self":[{"href":"https:\/\/roveyayinevi.com.tr\/index.php\/wp-json\/wp\/v2\/product\/721427","targetHints":{"allow":["GET"]}}],"collection":[{"href":"https:\/\/roveyayinevi.com.tr\/index.php\/wp-json\/wp\/v2\/product"}],"about":[{"href":"https:\/\/roveyayinevi.com.tr\/index.php\/wp-json\/wp\/v2\/types\/product"}],"wp:attachment":[{"href":"https:\/\/roveyayinevi.com.tr\/index.php\/wp-json\/wp\/v2\/media?parent=721427"}],"wp:term":[{"taxonomy":"product_brand","embeddable":true,"href":"https:\/\/roveyayinevi.com.tr\/index.php\/wp-json\/wp\/v2\/product_brand?post=721427"},{"taxonomy":"product_cat","embeddable":true,"href":"https:\/\/roveyayinevi.com.tr\/index.php\/wp-json\/wp\/v2\/product_cat?post=721427"},{"taxonomy":"product_tag","embeddable":true,"href":"https:\/\/roveyayinevi.com.tr\/index.php\/wp-json\/wp\/v2\/product_tag?post=721427"}],"curies":[{"name":"wp","href":"https:\/\/api.w.org\/{rel}","templated":true}]}}