{"id":721420,"date":"2025-08-27T18:49:55","date_gmt":"2025-08-27T15:49:55","guid":{"rendered":"https:\/\/roveyayinevi.com.tr\/index.php\/urun\/begonvil\/"},"modified":"2026-04-11T13:48:07","modified_gmt":"2026-04-11T10:48:07","slug":"begonvil","status":"publish","type":"product","link":"https:\/\/roveyayinevi.com.tr\/index.php\/urun\/begonvil\/","title":{"rendered":"Begonvil"},"content":{"rendered":"<p>Sava\u015f\u0131yorum,Begonvil boy verince bah\u00e7emdeZoraki sahteliklerle s\u00fcsl\u00fcyorum g\u00fcl\u00fc\u015flerimiBunu herkesler bilir.Ba\u011f\u0131rsam duyulmaz sesimA\u011flasam akmaz g\u00f6zlerimden tek damla ya\u015fBu, ne bitmez bir \u00e7iledir!<\/p>\n","protected":false},"excerpt":{"rendered":"<p>Sava\u015f\u0131yorum,Begonvil boy verince bah\u00e7emdeZoraki sahteliklerle s\u00fcsl\u00fcyorum g\u00fcl\u00fc\u015flerimiBunu herkesler bilir.Ba\u011f\u0131rsam duyulmaz sesimA\u011flasam akmaz g\u00f6zlerimden tek damla ya\u015fBu, ne bitmez bir \u00e7iledir!<\/p>\n","protected":false},"featured_media":0,"template":"","meta":{"_monsterinsights_skip_tracking":false,"_monsterinsights_sitenote_active":false,"_monsterinsights_sitenote_note":"","_monsterinsights_sitenote_category":0},"product_brand":[],"product_cat":[12291,12509],"product_tag":[],"class_list":{"0":"post-721420","1":"product","2":"type-product","3":"status-publish","5":"product_cat-edebiyat","6":"product_cat-siir","7":"pa_cilt-ciltsiz","8":"pa_tur-kitap","9":"pa_yayinevi-herdem-kitap","10":"pa_yazar-ersin-kurt","12":"first","13":"instock","14":"sale","15":"shipping-taxable","16":"purchasable","17":"product-type-simple"},"_links":{"self":[{"href":"https:\/\/roveyayinevi.com.tr\/index.php\/wp-json\/wp\/v2\/product\/721420","targetHints":{"allow":["GET"]}}],"collection":[{"href":"https:\/\/roveyayinevi.com.tr\/index.php\/wp-json\/wp\/v2\/product"}],"about":[{"href":"https:\/\/roveyayinevi.com.tr\/index.php\/wp-json\/wp\/v2\/types\/product"}],"wp:attachment":[{"href":"https:\/\/roveyayinevi.com.tr\/index.php\/wp-json\/wp\/v2\/media?parent=721420"}],"wp:term":[{"taxonomy":"product_brand","embeddable":true,"href":"https:\/\/roveyayinevi.com.tr\/index.php\/wp-json\/wp\/v2\/product_brand?post=721420"},{"taxonomy":"product_cat","embeddable":true,"href":"https:\/\/roveyayinevi.com.tr\/index.php\/wp-json\/wp\/v2\/product_cat?post=721420"},{"taxonomy":"product_tag","embeddable":true,"href":"https:\/\/roveyayinevi.com.tr\/index.php\/wp-json\/wp\/v2\/product_tag?post=721420"}],"curies":[{"name":"wp","href":"https:\/\/api.w.org\/{rel}","templated":true}]}}