{"id":721419,"date":"2025-08-27T18:49:54","date_gmt":"2025-08-27T15:49:54","guid":{"rendered":"https:\/\/roveyayinevi.com.tr\/index.php\/urun\/olum-senfonisi\/"},"modified":"2026-04-16T02:29:22","modified_gmt":"2026-04-15T23:29:22","slug":"olum-senfonisi","status":"publish","type":"product","link":"https:\/\/roveyayinevi.com.tr\/index.php\/urun\/olum-senfonisi\/","title":{"rendered":"\u00d6l\u00fcm Senfonisi"},"content":{"rendered":"<p>\u00d6l\u00fcm Senfonisi insan ruhunun affetme konusundaki e\u015fsiz g\u00fcc\u00fcne dair \u00f6zel bir kitap. Tebrik ediyorum yazar\u0131.-Mehmet TeomanVay can\u0131na, san\u0131r\u0131m Cem Demir en g\u00fczel \u015fiir kitab\u0131n\u0131 yazm\u0131\u015f. \u0130lk sayfalardan itibaren sizi etkisi alt\u0131na al\u0131p bitinceye kadar elinizden d\u00fc\u015f\u00fcrmek istemeyece\u011finiz t\u00fcrden bir \u015fiir kitab\u0131.-Leman \u0130nal\u00d6ll\u00fcm Senfonisi&#8217;ni bittikten uzun bir s\u00fcre sonra hat\u0131rlayacak, her daim yan\u0131n\u0131zda ta\u015f\u0131mak isteyeceksiniz. G\u00f6zya\u015flar\u0131 i\u00e7inde koca bir kutu \u015fekerleme yedi\u011finizi hayal edin&#8230;. Okuyanlar\u0131n elden ele dola\u015ft\u0131raca\u011f\u0131 bir kitap.-Kutay K\u00f6kt\u00fcrk\u00d6ld\u00fc\u011f\u00fcmden haberin bile olmayacak ,Ne gazetelerin \u00fc\u00e7\u00fcnc\u00fc sayfas\u0131nda yazacak ad\u0131m ,Ne de Bir mezar ta\u015f\u0131m olacak .K\u00fcllerim savrulacak kuru yaprak gibi g\u00f6klere ,Ne arkamdan bir dua edenim olacak ,Ne de Beddua edenim ..<\/p>\n","protected":false},"excerpt":{"rendered":"<p>\u00d6l\u00fcm Senfonisi insan ruhunun affetme konusundaki e\u015fsiz g\u00fcc\u00fcne dair \u00f6zel bir kitap. Tebrik ediyorum yazar\u0131.-Mehmet TeomanVay can\u0131na, san\u0131r\u0131m Cem Demir en g\u00fczel \u015fiir kitab\u0131n\u0131 yazm\u0131\u015f. \u0130lk<span class=\"excerpt-hellip\"> [\u2026]<\/span><\/p>\n","protected":false},"featured_media":0,"template":"","meta":{"_monsterinsights_skip_tracking":false,"_monsterinsights_sitenote_active":false,"_monsterinsights_sitenote_note":"","_monsterinsights_sitenote_category":0},"product_brand":[],"product_cat":[12291,12509],"product_tag":[],"class_list":{"0":"post-721419","1":"product","2":"type-product","3":"status-publish","5":"product_cat-edebiyat","6":"product_cat-siir","7":"pa_cilt-ciltsiz","8":"pa_tur-kitap","9":"pa_yayinevi-herdem-kitap","10":"pa_yazar-cem-demirbas","12":"first","13":"instock","14":"sale","15":"shipping-taxable","16":"purchasable","17":"product-type-simple"},"_links":{"self":[{"href":"https:\/\/roveyayinevi.com.tr\/index.php\/wp-json\/wp\/v2\/product\/721419","targetHints":{"allow":["GET"]}}],"collection":[{"href":"https:\/\/roveyayinevi.com.tr\/index.php\/wp-json\/wp\/v2\/product"}],"about":[{"href":"https:\/\/roveyayinevi.com.tr\/index.php\/wp-json\/wp\/v2\/types\/product"}],"wp:attachment":[{"href":"https:\/\/roveyayinevi.com.tr\/index.php\/wp-json\/wp\/v2\/media?parent=721419"}],"wp:term":[{"taxonomy":"product_brand","embeddable":true,"href":"https:\/\/roveyayinevi.com.tr\/index.php\/wp-json\/wp\/v2\/product_brand?post=721419"},{"taxonomy":"product_cat","embeddable":true,"href":"https:\/\/roveyayinevi.com.tr\/index.php\/wp-json\/wp\/v2\/product_cat?post=721419"},{"taxonomy":"product_tag","embeddable":true,"href":"https:\/\/roveyayinevi.com.tr\/index.php\/wp-json\/wp\/v2\/product_tag?post=721419"}],"curies":[{"name":"wp","href":"https:\/\/api.w.org\/{rel}","templated":true}]}}