{"id":721418,"date":"2025-08-27T18:49:53","date_gmt":"2025-08-27T15:49:53","guid":{"rendered":"https:\/\/roveyayinevi.com.tr\/index.php\/urun\/duygularimin-dili\/"},"modified":"2026-04-13T02:35:56","modified_gmt":"2026-04-12T23:35:56","slug":"duygularimin-dili","status":"publish","type":"product","link":"https:\/\/roveyayinevi.com.tr\/index.php\/urun\/duygularimin-dili\/","title":{"rendered":"Duygular\u0131m\u0131n Dili"},"content":{"rendered":"<p>Halk ozan\u0131 \u0130smet Y\u0131ld\u0131r\u0131m&#8217;\u0131n g\u00f6nl\u00fcnden ka\u011f\u0131da d\u00fc\u015fenler&#8230;R\u00fcyalar\u0131ma girme senUykular\u0131m\u0131 harap etmeDerdi bana y\u00fckleme senKalan \u00f6mr\u00fcm talan etmeS\u00f6yle \u015fimdi be sevdi\u011fimYetmiyor mu bak \u00e7ekti\u011fimHer g\u00fcn ac\u0131 feryat figanNedir benim bu \u00e7ekti\u011fim<\/p>\n","protected":false},"excerpt":{"rendered":"<p>Halk ozan\u0131 \u0130smet Y\u0131ld\u0131r\u0131m&#8217;\u0131n g\u00f6nl\u00fcnden ka\u011f\u0131da d\u00fc\u015fenler&#8230;R\u00fcyalar\u0131ma girme senUykular\u0131m\u0131 harap etmeDerdi bana y\u00fckleme senKalan \u00f6mr\u00fcm talan etmeS\u00f6yle \u015fimdi be sevdi\u011fimYetmiyor mu bak \u00e7ekti\u011fimHer g\u00fcn ac\u0131 feryat<span class=\"excerpt-hellip\"> [\u2026]<\/span><\/p>\n","protected":false},"featured_media":0,"template":"","meta":{"_monsterinsights_skip_tracking":false,"_monsterinsights_sitenote_active":false,"_monsterinsights_sitenote_note":"","_monsterinsights_sitenote_category":0},"product_brand":[],"product_cat":[12291,12711],"product_tag":[],"class_list":{"0":"post-721418","1":"product","2":"type-product","3":"status-publish","5":"product_cat-edebiyat","6":"product_cat-roman-oyku","7":"pa_cilt-ciltsiz","8":"pa_tur-kitap","9":"pa_yayinevi-herdem-kitap","10":"pa_yazar-ismet-yildirim","12":"first","13":"instock","14":"sale","15":"shipping-taxable","16":"purchasable","17":"product-type-simple"},"_links":{"self":[{"href":"https:\/\/roveyayinevi.com.tr\/index.php\/wp-json\/wp\/v2\/product\/721418","targetHints":{"allow":["GET"]}}],"collection":[{"href":"https:\/\/roveyayinevi.com.tr\/index.php\/wp-json\/wp\/v2\/product"}],"about":[{"href":"https:\/\/roveyayinevi.com.tr\/index.php\/wp-json\/wp\/v2\/types\/product"}],"wp:attachment":[{"href":"https:\/\/roveyayinevi.com.tr\/index.php\/wp-json\/wp\/v2\/media?parent=721418"}],"wp:term":[{"taxonomy":"product_brand","embeddable":true,"href":"https:\/\/roveyayinevi.com.tr\/index.php\/wp-json\/wp\/v2\/product_brand?post=721418"},{"taxonomy":"product_cat","embeddable":true,"href":"https:\/\/roveyayinevi.com.tr\/index.php\/wp-json\/wp\/v2\/product_cat?post=721418"},{"taxonomy":"product_tag","embeddable":true,"href":"https:\/\/roveyayinevi.com.tr\/index.php\/wp-json\/wp\/v2\/product_tag?post=721418"}],"curies":[{"name":"wp","href":"https:\/\/api.w.org\/{rel}","templated":true}]}}