{"id":721417,"date":"2025-08-27T18:49:52","date_gmt":"2025-08-27T15:49:52","guid":{"rendered":"https:\/\/roveyayinevi.com.tr\/index.php\/urun\/dusme\/"},"modified":"2026-04-13T02:35:56","modified_gmt":"2026-04-12T23:35:56","slug":"dusme","status":"publish","type":"product","link":"https:\/\/roveyayinevi.com.tr\/index.php\/urun\/dusme\/","title":{"rendered":"D\u00fc\u015fme"},"content":{"rendered":"<p>D\u00fc\u015fme! D\u00fc\u015fersenBa\u011f\u0131ms\u0131zl\u0131\u011f\u0131n\u0131 ilan eder, dostlar\u0131nG\u00f6r\u00fc\u015f g\u00fcnleri yasaklan\u0131rGelenin gidenin olmaz.Bayram eder d\u00fc\u015fmanlar\u0131nD\u00fc\u015fme! D\u00fc\u015f\u00fcnce,B\u00fct\u00fcn d\u00fc\u015f\u00fcncelerin de\u011fi\u015fir hayata dairDostluk, arkada\u015fl\u0131k a\u015fk yeniden \u015fekillenir beynindeD\u00fc\u015fme!Hayat\u0131n ve dostlar\u0131n vefas\u0131zl\u0131\u011f\u0131n\u0131 g\u00f6r\u00fcnceYaralan\u0131r duygular\u0131n en derinden.D\u00fc\u015fme! D\u00fc\u015ft\u00fcn m\u00fc?\u0130lk \u00f6nce g\u00fcvendiklerin vurur s\u0131rt\u0131ndanKimse bakmaz y\u00fcz\u00fcne yaramaz adam olursun.Bir bir uzakla\u015f\u0131r dostlar\u0131n sendenTutacak dal bulamaz, yorulursun.<\/p>\n","protected":false},"excerpt":{"rendered":"<p>D\u00fc\u015fme! D\u00fc\u015fersenBa\u011f\u0131ms\u0131zl\u0131\u011f\u0131n\u0131 ilan eder, dostlar\u0131nG\u00f6r\u00fc\u015f g\u00fcnleri yasaklan\u0131rGelenin gidenin olmaz.Bayram eder d\u00fc\u015fmanlar\u0131nD\u00fc\u015fme! D\u00fc\u015f\u00fcnce,B\u00fct\u00fcn d\u00fc\u015f\u00fcncelerin de\u011fi\u015fir hayata dairDostluk, arkada\u015fl\u0131k a\u015fk yeniden \u015fekillenir beynindeD\u00fc\u015fme!Hayat\u0131n ve dostlar\u0131n vefas\u0131zl\u0131\u011f\u0131n\u0131 g\u00f6r\u00fcnceYaralan\u0131r duygular\u0131n<span class=\"excerpt-hellip\"> [\u2026]<\/span><\/p>\n","protected":false},"featured_media":0,"template":"","meta":{"_monsterinsights_skip_tracking":false,"_monsterinsights_sitenote_active":false,"_monsterinsights_sitenote_note":"","_monsterinsights_sitenote_category":0},"product_brand":[],"product_cat":[12291,12711],"product_tag":[],"class_list":{"0":"post-721417","1":"product","2":"type-product","3":"status-publish","5":"product_cat-edebiyat","6":"product_cat-roman-oyku","7":"pa_cilt-ciltsiz","8":"pa_tur-kitap","9":"pa_yayinevi-herdem-kitap","10":"pa_yazar-ibrahim-dizlek","12":"first","13":"instock","14":"sale","15":"shipping-taxable","16":"purchasable","17":"product-type-simple"},"_links":{"self":[{"href":"https:\/\/roveyayinevi.com.tr\/index.php\/wp-json\/wp\/v2\/product\/721417","targetHints":{"allow":["GET"]}}],"collection":[{"href":"https:\/\/roveyayinevi.com.tr\/index.php\/wp-json\/wp\/v2\/product"}],"about":[{"href":"https:\/\/roveyayinevi.com.tr\/index.php\/wp-json\/wp\/v2\/types\/product"}],"wp:attachment":[{"href":"https:\/\/roveyayinevi.com.tr\/index.php\/wp-json\/wp\/v2\/media?parent=721417"}],"wp:term":[{"taxonomy":"product_brand","embeddable":true,"href":"https:\/\/roveyayinevi.com.tr\/index.php\/wp-json\/wp\/v2\/product_brand?post=721417"},{"taxonomy":"product_cat","embeddable":true,"href":"https:\/\/roveyayinevi.com.tr\/index.php\/wp-json\/wp\/v2\/product_cat?post=721417"},{"taxonomy":"product_tag","embeddable":true,"href":"https:\/\/roveyayinevi.com.tr\/index.php\/wp-json\/wp\/v2\/product_tag?post=721417"}],"curies":[{"name":"wp","href":"https:\/\/api.w.org\/{rel}","templated":true}]}}