{"id":721415,"date":"2025-08-27T18:49:51","date_gmt":"2025-08-27T15:49:51","guid":{"rendered":"https:\/\/roveyayinevi.com.tr\/index.php\/urun\/sen-degisirsen-her-sey-degisir\/"},"modified":"2026-04-16T02:29:22","modified_gmt":"2026-04-15T23:29:22","slug":"sen-degisirsen-her-sey-degisir","status":"publish","type":"product","link":"https:\/\/roveyayinevi.com.tr\/index.php\/urun\/sen-degisirsen-her-sey-degisir\/","title":{"rendered":"Sen De\u011fi\u015firsen Her \u015eey De\u011fi\u015fir"},"content":{"rendered":"<p>Ba\u015fak Sayan Ankara do\u011fumlu yazar; ilk, orta ve lise e\u011fitimini ayn\u0131 \u015fehirde tamamlad\u0131. \u00dcniversite e\u011fitimi i\u00e7in \u0130stanbul\u2019a geldikten sonra oyunculu\u011fa ba\u015flayan Sayan, bug\u00fcne dek pek \u00e7ok dizi ve filmde rol ald\u0131.   \u0130lk roman\u0131 Ba\u011flanma Korkusu\u2019nun ard\u0131ndan \u00e7e\u015fitli gazetelerde k\u00f6\u015fe yazarl\u0131\u011f\u0131 yapt\u0131. Aylarca listelerden d\u00fc\u015fmeyen, tesad\u00fcf ile kader temalar\u0131n\u0131  irdeledi\u011fi Kelebe\u011fin Kaderi&#8217;nin ard\u0131ndan yazar, \u00d6l\u00fc Ku\u015flar\u0131n Sessizli\u011fi ile psikoloji ve felsefeyi gerilimle harmanlayarak heyecan dozu y\u00fcksek bir d\u00fcnya yaratt\u0131.   2014 y\u0131l\u0131nda evlenen Sayan, 2017 y\u0131l\u0131nda ikiz bebeklerini kuca\u011f\u0131na ald\u0131. Do\u011fumdan k\u0131sa bir s\u00fcre sonra ilk \u00e7ocuk roman\u0131 R\u00fczg\u00e2r Olmak \u0130steyen \u00c7ocuk\u2019u kaleme ald\u0131.   Yazar son roman\u0131 Nig\u00e2hdar ile okuru 1200 sene \u00f6nceki Abbasi \u0130mparatorlu\u011fu d\u00f6nemiyle g\u00fcn\u00fcm\u00fcz aras\u0131nda dola\u015ft\u0131r\u0131rken, yine heyecan dozu y\u00fcksek bir d\u00fcnyan\u0131n i\u00e7inde, Hall\u00e2c-\u0131 Mans\u00fbr\u2019un felsefesini merkeze alarak bir yandan tasavvuf ve kuantum fizi\u011fi aras\u0131nda paralellikler kurup bir yandan da Tanr\u0131 ve bilim kavramlar\u0131n\u0131n nas\u0131l birbirine yakla\u015fabilece\u011fini g\u00f6steriyor. Romanlar\u0131n\u0131n arka planlar\u0131nda spirit\u00fcel \u00f6geleri mutlaka kullanan Ba\u015fak Sayan, okuyucular\u0131n\u0131n hayata bamba\u015fka bir noktadan bakmalar\u0131n\u0131 sa\u011flaman\u0131n en b\u00fcy\u00fck motivasyonu oldu\u011funu belirtiyor. <\/p>\n","protected":false},"excerpt":{"rendered":"<p>Ba\u015fak Sayan Ankara do\u011fumlu yazar; ilk, orta ve lise e\u011fitimini ayn\u0131 \u015fehirde tamamlad\u0131. \u00dcniversite e\u011fitimi i\u00e7in \u0130stanbul\u2019a geldikten sonra oyunculu\u011fa ba\u015flayan Sayan, bug\u00fcne dek pek \u00e7ok<span class=\"excerpt-hellip\"> [\u2026]<\/span><\/p>\n","protected":false},"featured_media":0,"template":"","meta":{"_monsterinsights_skip_tracking":false,"_monsterinsights_sitenote_active":false,"_monsterinsights_sitenote_note":"","_monsterinsights_sitenote_category":0},"product_brand":[],"product_cat":[12364,12376],"product_tag":[],"class_list":{"0":"post-721415","1":"product","2":"type-product","3":"status-publish","5":"product_cat-genel-konular","6":"product_cat-kisisel-gelisim","7":"pa_cilt-ciltsiz","8":"pa_tur-kitap","9":"pa_yayinevi-inkilap-kitabevi","10":"pa_yazar-basak-sayan","12":"first","13":"instock","14":"sale","15":"shipping-taxable","16":"purchasable","17":"product-type-simple"},"_links":{"self":[{"href":"https:\/\/roveyayinevi.com.tr\/index.php\/wp-json\/wp\/v2\/product\/721415","targetHints":{"allow":["GET"]}}],"collection":[{"href":"https:\/\/roveyayinevi.com.tr\/index.php\/wp-json\/wp\/v2\/product"}],"about":[{"href":"https:\/\/roveyayinevi.com.tr\/index.php\/wp-json\/wp\/v2\/types\/product"}],"wp:attachment":[{"href":"https:\/\/roveyayinevi.com.tr\/index.php\/wp-json\/wp\/v2\/media?parent=721415"}],"wp:term":[{"taxonomy":"product_brand","embeddable":true,"href":"https:\/\/roveyayinevi.com.tr\/index.php\/wp-json\/wp\/v2\/product_brand?post=721415"},{"taxonomy":"product_cat","embeddable":true,"href":"https:\/\/roveyayinevi.com.tr\/index.php\/wp-json\/wp\/v2\/product_cat?post=721415"},{"taxonomy":"product_tag","embeddable":true,"href":"https:\/\/roveyayinevi.com.tr\/index.php\/wp-json\/wp\/v2\/product_tag?post=721415"}],"curies":[{"name":"wp","href":"https:\/\/api.w.org\/{rel}","templated":true}]}}