{"id":721409,"date":"2025-08-27T18:49:47","date_gmt":"2025-08-27T15:49:47","guid":{"rendered":"https:\/\/roveyayinevi.com.tr\/index.php\/urun\/katilimci-demokrasi\/"},"modified":"2026-04-16T02:29:22","modified_gmt":"2026-04-15T23:29:22","slug":"katilimci-demokrasi","status":"publish","type":"product","link":"https:\/\/roveyayinevi.com.tr\/index.php\/urun\/katilimci-demokrasi\/","title":{"rendered":"Kat\u0131l\u0131mc\u0131 Demokrasi"},"content":{"rendered":"<p>1960\u2019lar\u0131n Yeni Sol\u2019u taraf\u0131ndan pop\u00fclerle\u015ftirilen kavram\u0131n miras\u0131na ithafen yay\u0131mlanan Kat\u0131l\u0131mc\u0131 Demokrasi, aradan ge\u00e7en zaman perspektifinde demokrasinin demokratikle\u015fmesi tart\u0131\u015fmalar\u0131na m\u00fcdahil olan g\u00f6r\u00fc\u015fleri yeniden sorguluyor ve vatanda\u015flar\u0131n demokrasiye kat\u0131l\u0131m\u0131 \u00fczerine vurgusuyla hem tarihi hem de \u00e7a\u011fda\u015f anlamda konu \u00fczerine yaz\u0131lm\u0131\u015f en iyi makaleleri bir araya getiriyor.Kitab\u0131n edit\u00f6rleri Dimitrios Roussopoulos\u2019la C. George Benello d\u0131\u015f\u0131nda George Woodcock, Murray Bookchin, Don Calhoun, Stewart Perry, Rosabeth Moss Kanter, James Gillespie, Gerry Hunnius, John McEwan, Arthur Chickering, Christian Bay, Martin Oppenheimer, Colin Ward, Sergio Baierle, Anne Latendresse, Bartha Rodin ve CLR James gibi yazarlar\u0131n makalelerini i\u00e7eren bu \u00e7al\u0131\u015fma, Porto Alegre ve Montreal modelleriyle birlikte yeni kentsel ekoloji ve do\u011frudan demokrasi tart\u0131\u015fmalar\u0131n\u0131 da ele al\u0131yor.<\/p>\n","protected":false},"excerpt":{"rendered":"<p>1960\u2019lar\u0131n Yeni Sol\u2019u taraf\u0131ndan pop\u00fclerle\u015ftirilen kavram\u0131n miras\u0131na ithafen yay\u0131mlanan Kat\u0131l\u0131mc\u0131 Demokrasi, aradan ge\u00e7en zaman perspektifinde demokrasinin demokratikle\u015fmesi tart\u0131\u015fmalar\u0131na m\u00fcdahil olan g\u00f6r\u00fc\u015fleri yeniden sorguluyor ve vatanda\u015flar\u0131n demokrasiye<span class=\"excerpt-hellip\"> [\u2026]<\/span><\/p>\n","protected":false},"featured_media":0,"template":"","meta":{"_monsterinsights_skip_tracking":false,"_monsterinsights_sitenote_active":false,"_monsterinsights_sitenote_note":"","_monsterinsights_sitenote_category":0},"product_brand":[],"product_cat":[13590,12337],"product_tag":[],"class_list":{"0":"post-721409","1":"product","2":"type-product","3":"status-publish","5":"product_cat-arastirma-inceleme-politika-siyaset","6":"product_cat-politika-siyaset","7":"pa_cilt-ciltsiz","8":"pa_tur-kitap","9":"pa_yayinevi-sumer-yayin","10":"pa_yazar-dimitrios-roussopoulosc-george-benello","12":"first","13":"instock","14":"sale","15":"shipping-taxable","16":"purchasable","17":"product-type-simple"},"_links":{"self":[{"href":"https:\/\/roveyayinevi.com.tr\/index.php\/wp-json\/wp\/v2\/product\/721409","targetHints":{"allow":["GET"]}}],"collection":[{"href":"https:\/\/roveyayinevi.com.tr\/index.php\/wp-json\/wp\/v2\/product"}],"about":[{"href":"https:\/\/roveyayinevi.com.tr\/index.php\/wp-json\/wp\/v2\/types\/product"}],"wp:attachment":[{"href":"https:\/\/roveyayinevi.com.tr\/index.php\/wp-json\/wp\/v2\/media?parent=721409"}],"wp:term":[{"taxonomy":"product_brand","embeddable":true,"href":"https:\/\/roveyayinevi.com.tr\/index.php\/wp-json\/wp\/v2\/product_brand?post=721409"},{"taxonomy":"product_cat","embeddable":true,"href":"https:\/\/roveyayinevi.com.tr\/index.php\/wp-json\/wp\/v2\/product_cat?post=721409"},{"taxonomy":"product_tag","embeddable":true,"href":"https:\/\/roveyayinevi.com.tr\/index.php\/wp-json\/wp\/v2\/product_tag?post=721409"}],"curies":[{"name":"wp","href":"https:\/\/api.w.org\/{rel}","templated":true}]}}