{"id":721406,"date":"2025-08-27T18:49:45","date_gmt":"2025-08-27T15:49:45","guid":{"rendered":"https:\/\/roveyayinevi.com.tr\/index.php\/urun\/kimya-mi-dediniz\/"},"modified":"2026-04-16T02:29:22","modified_gmt":"2026-04-15T23:29:22","slug":"kimya-mi-dediniz","status":"publish","type":"product","link":"https:\/\/roveyayinevi.com.tr\/index.php\/urun\/kimya-mi-dediniz\/","title":{"rendered":"Kimya m\u0131 Dediniz?"},"content":{"rendered":"<p>Kek \u201ckabard\u0131\u011f\u0131nda\u201d neler olmaktad\u0131r?Neden sabundan k\u00f6p\u00fckler olu\u015fur?Kristaller nas\u0131l s\u0131v\u0131 olabilir?Kimya her yerdedir: bu kitab\u0131n k\u00e2\u011f\u0131d\u0131nda, bask\u0131 m\u00fcrekkebinde, oday\u0131 ayd\u0131nlatan ampul\u00fcn i\u00e7erdi\u011fi gazda ve hatta bu sat\u0131rlar\u0131 okuman\u0131z\u0131 sa\u011flayan sinir sisteminizde. Kimyan\u0131n nerede i\u015fe kar\u0131\u015ft\u0131\u011f\u0131n\u0131 ortaya \u00e7\u0131karmak i\u00e7in etrafa iyi bakmak gerekir: bu kitap, salondan mutfa\u011fa evimizi iyice ara\u015ft\u0131r\u0131r ve \u00e7ok basit terimlerle \u015fekerlerin nas\u0131l dilimizi yakt\u0131\u011f\u0131n\u0131, kokular\u0131n etraf\u0131m\u0131z\u0131 nas\u0131l sard\u0131\u011f\u0131n\u0131, kremlerin nas\u0131l nemlendirdi\u011fini veya ekranlar\u0131n nas\u0131l parlad\u0131\u011f\u0131n\u0131 a\u00e7\u0131klamaktad\u0131r.Yann Verchier elektrokimya \u00fczerinde doktora yapm\u0131\u015ft\u0131r ve fizik ve kimya bilimleri profes\u00f6r\u00fcd\u00fcr. Troyes Teknoloji \u00dcniversitesi\u2019nde (Utt) ders vermektedir.Nicolas Gerber, fizik ve kimya bilimleri profes\u00f6r\u00fcd\u00fcr. \u0130kinci derece programda ders vermektedir.<\/p>\n","protected":false},"excerpt":{"rendered":"<p>Kek \u201ckabard\u0131\u011f\u0131nda\u201d neler olmaktad\u0131r?Neden sabundan k\u00f6p\u00fckler olu\u015fur?Kristaller nas\u0131l s\u0131v\u0131 olabilir?Kimya her yerdedir: bu kitab\u0131n k\u00e2\u011f\u0131d\u0131nda, bask\u0131 m\u00fcrekkebinde, oday\u0131 ayd\u0131nlatan ampul\u00fcn i\u00e7erdi\u011fi gazda ve hatta bu sat\u0131rlar\u0131<span class=\"excerpt-hellip\"> [\u2026]<\/span><\/p>\n","protected":false},"featured_media":0,"template":"","meta":{"_monsterinsights_skip_tracking":false,"_monsterinsights_sitenote_active":false,"_monsterinsights_sitenote_note":"","_monsterinsights_sitenote_category":0},"product_brand":[],"product_cat":[13005,13006],"product_tag":[],"class_list":{"0":"post-721406","1":"product","2":"type-product","3":"status-publish","5":"product_cat-bilim-muhendislik","6":"product_cat-populer-bilim","7":"pa_cilt-ciltsiz","8":"pa_tur-kitap","9":"pa_yayinevi-bilge-kultur-sanat","10":"pa_yazar-yann-verchier-nicolas-gerber","12":"first","13":"instock","14":"sale","15":"shipping-taxable","16":"purchasable","17":"product-type-simple"},"_links":{"self":[{"href":"https:\/\/roveyayinevi.com.tr\/index.php\/wp-json\/wp\/v2\/product\/721406","targetHints":{"allow":["GET"]}}],"collection":[{"href":"https:\/\/roveyayinevi.com.tr\/index.php\/wp-json\/wp\/v2\/product"}],"about":[{"href":"https:\/\/roveyayinevi.com.tr\/index.php\/wp-json\/wp\/v2\/types\/product"}],"wp:attachment":[{"href":"https:\/\/roveyayinevi.com.tr\/index.php\/wp-json\/wp\/v2\/media?parent=721406"}],"wp:term":[{"taxonomy":"product_brand","embeddable":true,"href":"https:\/\/roveyayinevi.com.tr\/index.php\/wp-json\/wp\/v2\/product_brand?post=721406"},{"taxonomy":"product_cat","embeddable":true,"href":"https:\/\/roveyayinevi.com.tr\/index.php\/wp-json\/wp\/v2\/product_cat?post=721406"},{"taxonomy":"product_tag","embeddable":true,"href":"https:\/\/roveyayinevi.com.tr\/index.php\/wp-json\/wp\/v2\/product_tag?post=721406"}],"curies":[{"name":"wp","href":"https:\/\/api.w.org\/{rel}","templated":true}]}}