{"id":721400,"date":"2025-08-27T18:49:40","date_gmt":"2025-08-27T15:49:40","guid":{"rendered":"https:\/\/roveyayinevi.com.tr\/index.php\/urun\/yurdum-gurbet-olmasin\/"},"modified":"2026-04-16T02:29:21","modified_gmt":"2026-04-15T23:29:21","slug":"yurdum-gurbet-olmasin","status":"publish","type":"product","link":"https:\/\/roveyayinevi.com.tr\/index.php\/urun\/yurdum-gurbet-olmasin\/","title":{"rendered":"Yurdum Gurbet Olmas\u0131n"},"content":{"rendered":"<p>\u00d6yk\u00fcc\u00fc ve romanc\u0131 kimli\u011fiyle tan\u0131d\u0131\u011f\u0131m\u0131z Erendiz Atas\u00fc, bu yap\u0131t\u0131nda ba\u015fka bir y\u00f6n\u00fcyle kar\u015f\u0131m\u0131za \u00e7\u0131k\u0131yor.Atas\u00fc, bir ayd\u0131n ve yurtta\u015f olman\u0131n ta\u015f\u0131d\u0131\u011f\u0131 sorumlulukla, T\u00fcrkiye&#8217;nin sorunlar\u0131n\u0131 irdeleme ve i\u015faret fi\u015fe\u011fi yakma ihtiyac\u0131 hissediyor&#8230;t\u00fcrkiye&#8217;nin giderek kaderci bir topluma d\u00f6n\u00fc\u015fmesini, Cumhuriyet&#8217;in ayd\u0131nlanmac\u0131 de\u011ferinden kopu\u015fu, neoliberalizm ile ya\u015fam\u0131m\u0131za dahil olan &#8220;teknolojik cahille\u015fmeyi&#8221; ve kad\u0131n \u00f6zg\u00fcrl\u00fc\u011f\u00fcn\u00fcn getirildi\u011fi son durumu g\u00f6zler \u00f6n\u00fcne seren Atas\u00fc, &#8220;Yurdum Gurbet Omas\u0131n&#8221; diyerek adeta bu yabanc\u0131la\u015fmaya ba\u015fkald\u0131r\u0131yor&#8230;31 Mart 2019&#8217;da yap\u0131lan yerel se\u00e7imlerle, ulus\u00e7a bir &#8220;i\u015faret verildi\u011fine&#8221; dikkat \u00e7eken Atas\u00fc, bu yap\u0131t\u0131yla, \u00e7evremizi saran ve g\u00fcn ge\u00e7tik\u00e7e b\u00fcy\u00fcyen &#8220;k\u00fclt\u00fcrel yozla\u015fmadan&#8221; ar\u0131nman\u0131n yollar\u0131n\u0131 da okurlar\u0131na sunuyor&#8230;<\/p>\n","protected":false},"excerpt":{"rendered":"<p>\u00d6yk\u00fcc\u00fc ve romanc\u0131 kimli\u011fiyle tan\u0131d\u0131\u011f\u0131m\u0131z Erendiz Atas\u00fc, bu yap\u0131t\u0131nda ba\u015fka bir y\u00f6n\u00fcyle kar\u015f\u0131m\u0131za \u00e7\u0131k\u0131yor.Atas\u00fc, bir ayd\u0131n ve yurtta\u015f olman\u0131n ta\u015f\u0131d\u0131\u011f\u0131 sorumlulukla, T\u00fcrkiye&#8217;nin sorunlar\u0131n\u0131 irdeleme ve i\u015faret<span class=\"excerpt-hellip\"> [\u2026]<\/span><\/p>\n","protected":false},"featured_media":0,"template":"","meta":{"_monsterinsights_skip_tracking":false,"_monsterinsights_sitenote_active":false,"_monsterinsights_sitenote_note":"","_monsterinsights_sitenote_category":0},"product_brand":[],"product_cat":[13590,12337],"product_tag":[],"class_list":{"0":"post-721400","1":"product","2":"type-product","3":"status-publish","5":"product_cat-arastirma-inceleme-politika-siyaset","6":"product_cat-politika-siyaset","7":"pa_cilt-ciltsiz","8":"pa_tur-kitap","9":"pa_yayinevi-cumhuriyet-kitaplari","10":"pa_yazar-erendiz-atasu","12":"first","13":"instock","14":"sale","15":"shipping-taxable","16":"purchasable","17":"product-type-simple"},"_links":{"self":[{"href":"https:\/\/roveyayinevi.com.tr\/index.php\/wp-json\/wp\/v2\/product\/721400","targetHints":{"allow":["GET"]}}],"collection":[{"href":"https:\/\/roveyayinevi.com.tr\/index.php\/wp-json\/wp\/v2\/product"}],"about":[{"href":"https:\/\/roveyayinevi.com.tr\/index.php\/wp-json\/wp\/v2\/types\/product"}],"wp:attachment":[{"href":"https:\/\/roveyayinevi.com.tr\/index.php\/wp-json\/wp\/v2\/media?parent=721400"}],"wp:term":[{"taxonomy":"product_brand","embeddable":true,"href":"https:\/\/roveyayinevi.com.tr\/index.php\/wp-json\/wp\/v2\/product_brand?post=721400"},{"taxonomy":"product_cat","embeddable":true,"href":"https:\/\/roveyayinevi.com.tr\/index.php\/wp-json\/wp\/v2\/product_cat?post=721400"},{"taxonomy":"product_tag","embeddable":true,"href":"https:\/\/roveyayinevi.com.tr\/index.php\/wp-json\/wp\/v2\/product_tag?post=721400"}],"curies":[{"name":"wp","href":"https:\/\/api.w.org\/{rel}","templated":true}]}}