{"id":721399,"date":"2025-08-27T18:49:40","date_gmt":"2025-08-27T15:49:40","guid":{"rendered":"https:\/\/roveyayinevi.com.tr\/index.php\/urun\/bozkurt-mustafa-kemal-ve-ataturkun-cevabi\/"},"modified":"2026-04-16T02:29:21","modified_gmt":"2026-04-15T23:29:21","slug":"bozkurt-mustafa-kemal-ve-ataturkun-cevabi","status":"publish","type":"product","link":"https:\/\/roveyayinevi.com.tr\/index.php\/urun\/bozkurt-mustafa-kemal-ve-ataturkun-cevabi\/","title":{"rendered":"Bozkurt Mustafa Kemal ve Atat\u00fcrk&#8217;\u00fcn Cevab\u0131"},"content":{"rendered":"<p>Bozkurt Mustafa Kemal, Atat\u00fcrk&#8217;\u00fcn sa\u011fl\u0131\u011f\u0131nda yaz\u0131lm\u0131\u015f ilk Atat\u00fcrk biyografisidir.\u0130\u015fgal \u0130stanbul&#8217;unda \u0130ngiliz \u0130stihbarat Y\u00fczba\u015f\u0131s\u0131 olan H. C. Armstrong taraf\u0131ndan 1932&#8217;de yaz\u0131lan kitap i\u00e7eride ve d\u0131\u015far\u0131da b\u00fcy\u00fck yank\u0131lar uyand\u0131rm\u0131\u015f, uzun s\u00fcre T\u00fcrkiye&#8217;ye sokulmas\u0131 yasaklanm\u0131\u015ft\u0131r.Atat\u00fcrk, Armstrong&#8217;un kitab\u0131na hemen yay\u0131mland\u0131\u011f\u0131 y\u0131l, s\u0131ca\u011f\u0131 s\u0131ca\u011f\u0131na cevap vermi\u015f, Necmettin Sadak&#8217;a dikte ettirdi\u011fi d\u00fczeltmeleri Ak\u015fam gazetesinde yay\u0131mlanm\u0131\u015ft\u0131r.Atat\u00fcrk&#8217;\u00fcn cevaplar\u0131 daha sonra Sadi Borak taraf\u0131ndan derlenmi\u015f ve 1955 y\u0131l\u0131nda Armstrong&#8217;dan Bozkurt Mustafa Kemal ve \u0130ftiralara Cevap ad\u0131yla bas\u0131lm\u0131\u015ft\u0131r.Elinizdeki kitapta Armstrong&#8217;un Bozkurt&#8217;unu G\u00fcl \u00c7a\u011fal\u0131 G\u00fcven&#8217;in titiz \u00e7evirisiyle ve Atat\u00fcrk&#8217;\u00fcn cevab\u0131yla birlikte yay\u0131ml\u0131yoruz.<\/p>\n","protected":false},"excerpt":{"rendered":"<p>Bozkurt Mustafa Kemal, Atat\u00fcrk&#8217;\u00fcn sa\u011fl\u0131\u011f\u0131nda yaz\u0131lm\u0131\u015f ilk Atat\u00fcrk biyografisidir.\u0130\u015fgal \u0130stanbul&#8217;unda \u0130ngiliz \u0130stihbarat Y\u00fczba\u015f\u0131s\u0131 olan H. C. Armstrong taraf\u0131ndan 1932&#8217;de yaz\u0131lan kitap i\u00e7eride ve d\u0131\u015far\u0131da b\u00fcy\u00fck yank\u0131lar<span class=\"excerpt-hellip\"> [\u2026]<\/span><\/p>\n","protected":false},"featured_media":0,"template":"","meta":{"_monsterinsights_skip_tracking":false,"_monsterinsights_sitenote_active":false,"_monsterinsights_sitenote_note":"","_monsterinsights_sitenote_category":0},"product_brand":[],"product_cat":[12530,12304],"product_tag":[],"class_list":{"0":"post-721399","1":"product","2":"type-product","3":"status-publish","5":"product_cat-mustafa-kemal-ataturk","6":"product_cat-tarih","7":"pa_cilt-ciltsiz","8":"pa_tur-kitap","9":"pa_yayinevi-kaynak-yayinlari","10":"pa_yazar-harold-c-armstrong","12":"first","13":"instock","14":"sale","15":"shipping-taxable","16":"purchasable","17":"product-type-simple"},"_links":{"self":[{"href":"https:\/\/roveyayinevi.com.tr\/index.php\/wp-json\/wp\/v2\/product\/721399","targetHints":{"allow":["GET"]}}],"collection":[{"href":"https:\/\/roveyayinevi.com.tr\/index.php\/wp-json\/wp\/v2\/product"}],"about":[{"href":"https:\/\/roveyayinevi.com.tr\/index.php\/wp-json\/wp\/v2\/types\/product"}],"wp:attachment":[{"href":"https:\/\/roveyayinevi.com.tr\/index.php\/wp-json\/wp\/v2\/media?parent=721399"}],"wp:term":[{"taxonomy":"product_brand","embeddable":true,"href":"https:\/\/roveyayinevi.com.tr\/index.php\/wp-json\/wp\/v2\/product_brand?post=721399"},{"taxonomy":"product_cat","embeddable":true,"href":"https:\/\/roveyayinevi.com.tr\/index.php\/wp-json\/wp\/v2\/product_cat?post=721399"},{"taxonomy":"product_tag","embeddable":true,"href":"https:\/\/roveyayinevi.com.tr\/index.php\/wp-json\/wp\/v2\/product_tag?post=721399"}],"curies":[{"name":"wp","href":"https:\/\/api.w.org\/{rel}","templated":true}]}}