{"id":721398,"date":"2025-08-27T18:49:39","date_gmt":"2025-08-27T15:49:39","guid":{"rendered":"https:\/\/roveyayinevi.com.tr\/index.php\/urun\/guc-ve-masumiyet\/"},"modified":"2026-04-16T02:29:21","modified_gmt":"2026-04-15T23:29:21","slug":"guc-ve-masumiyet","status":"publish","type":"product","link":"https:\/\/roveyayinevi.com.tr\/index.php\/urun\/guc-ve-masumiyet\/","title":{"rendered":"G\u00fc\u00e7 ve Masumiyet"},"content":{"rendered":"<p>Rollo May, G\u00fc\u00e7 ve Masumiyet\u2019te \u015eiddetin masumiyetle ilgisi olabilir mi ya da masumiyet kendi katlini \u00e7a\u011f\u0131r\u0131r m\u0131? sorusunu y\u00f6neltiyor hepimize.Toplumsal ve psikolojik sorunlar\u0131n art\u0131k birbirlerinden ayr\u0131 tutulamayaca\u011f\u0131ndan hareketle, modern toplumsal \u015fiddetin ve g\u00fcce y\u00f6nelik a\u015f\u0131r\u0131 ihtiyac\u0131n kaynaklar\u0131n\u0131 anlamak i\u00e7in derine iniyor.G\u00fc\u00e7s\u00fczl\u00fc\u011f\u00fc bir erdem haline getiri\u015fimizden, g\u00fcc\u00fc iyili\u011fin de temeli olarak g\u00f6ren yeni bir ahlak kayna\u011f\u0131na dek Rollo May, bu defa masumiyetin ve g\u00fcc\u00fcn izlerini s\u00fcr\u00fcyor.\u0130nsan olman\u0131n ne anlama geldi\u011fi\u201d meselesiyle ilgilenen herkes i\u00e7in bir ba\u015fyap\u0131t\u2026Yazar, masumiyetin kusurlar\u0131n\u0131 ararken muazzam bir ustal\u0131kla siyasi de\u011ferlendirmelerini ve klinik tecr\u00fcbesini de bir araya getiriyor\u2026 Bilgece, insanca ve hayranl\u0131k uyand\u0131rarak\u2026The Christian CenturyRollo May, bazen ayd\u0131nlatan bazen nefis bir karanl\u0131\u011fa g\u00f6merek yoluma yolda\u015f olan imgelerden biridir benim i\u00e7in.Cem MumcuRollo May D\u00fcnyan\u0131n en \u00fcnl\u00fc psikoterapistlerinden biri olan Rollo May\u2019in 1909-1994 eserlerinin en b\u00fcy\u00fck \u00f6zelli\u011fi, psikiyatri\/psikoloji okurlar\u0131n\u0131 a\u015f\u0131p genel okuyucuya ula\u015fabilmesidir. \u00d6rne\u011fin herkes\u00e7e bilinen ve s\u0131k\u00e7a kullan\u0131lan, Sevginin kar\u015f\u0131t\u0131 nefret de\u011fil, kay\u0131ts\u0131zl\u0131kt\u0131r s\u00f6z\u00fc ona aittir.<\/p>\n","protected":false},"excerpt":{"rendered":"<p>Rollo May, G\u00fc\u00e7 ve Masumiyet\u2019te \u015eiddetin masumiyetle ilgisi olabilir mi ya da masumiyet kendi katlini \u00e7a\u011f\u0131r\u0131r m\u0131? sorusunu y\u00f6neltiyor hepimize.Toplumsal ve psikolojik sorunlar\u0131n art\u0131k birbirlerinden ayr\u0131<span class=\"excerpt-hellip\"> [\u2026]<\/span><\/p>\n","protected":false},"featured_media":0,"template":"","meta":{"_monsterinsights_skip_tracking":false,"_monsterinsights_sitenote_active":false,"_monsterinsights_sitenote_note":"","_monsterinsights_sitenote_category":0},"product_brand":[],"product_cat":[12358,12357],"product_tag":[],"class_list":{"0":"post-721398","1":"product","2":"type-product","3":"status-publish","5":"product_cat-genel-psikoloji","6":"product_cat-psikoloji","7":"pa_cilt-ciltsiz","8":"pa_tur-kitap","9":"pa_yayinevi-okuyan-us-yayin","10":"pa_yazar-rollo-may","12":"first","13":"instock","14":"sale","15":"shipping-taxable","16":"purchasable","17":"product-type-simple"},"_links":{"self":[{"href":"https:\/\/roveyayinevi.com.tr\/index.php\/wp-json\/wp\/v2\/product\/721398","targetHints":{"allow":["GET"]}}],"collection":[{"href":"https:\/\/roveyayinevi.com.tr\/index.php\/wp-json\/wp\/v2\/product"}],"about":[{"href":"https:\/\/roveyayinevi.com.tr\/index.php\/wp-json\/wp\/v2\/types\/product"}],"wp:attachment":[{"href":"https:\/\/roveyayinevi.com.tr\/index.php\/wp-json\/wp\/v2\/media?parent=721398"}],"wp:term":[{"taxonomy":"product_brand","embeddable":true,"href":"https:\/\/roveyayinevi.com.tr\/index.php\/wp-json\/wp\/v2\/product_brand?post=721398"},{"taxonomy":"product_cat","embeddable":true,"href":"https:\/\/roveyayinevi.com.tr\/index.php\/wp-json\/wp\/v2\/product_cat?post=721398"},{"taxonomy":"product_tag","embeddable":true,"href":"https:\/\/roveyayinevi.com.tr\/index.php\/wp-json\/wp\/v2\/product_tag?post=721398"}],"curies":[{"name":"wp","href":"https:\/\/api.w.org\/{rel}","templated":true}]}}