{"id":721395,"date":"2025-08-27T18:49:36","date_gmt":"2025-08-27T15:49:36","guid":{"rendered":"https:\/\/roveyayinevi.com.tr\/index.php\/urun\/ertugrul-gazi-ve-yigit-akincilari\/"},"modified":"2026-04-16T02:29:21","modified_gmt":"2026-04-15T23:29:21","slug":"ertugrul-gazi-ve-yigit-akincilari","status":"publish","type":"product","link":"https:\/\/roveyayinevi.com.tr\/index.php\/urun\/ertugrul-gazi-ve-yigit-akincilari\/","title":{"rendered":"Ertu\u011frul Gazi ve Yi\u011fit Ak\u0131nc\u0131lar\u0131"},"content":{"rendered":"<p>1200&#8217;l\u00fc y\u0131llar\u0131n ba\u015f\u0131nda korkun\u00e7 bir bela sarm\u0131\u015ft\u0131 \u0130slam Memini. Mo\u011follar denen, ge\u00e7tikleri yerde ta\u015f \u00fcst\u00fcnde ta\u015f, g\u00f6vde \u00fcst\u00fcnde ba\u015f b\u0131rakmayan istilac\u0131lar\u0131n \u00f6n\u00fcnden ka\u00e7an insanlar, bir sel gibi s\u00fcr\u00fcklenmeye ba\u015flam\u0131\u015flard\u0131. O\u011fuzlar g\u00f6\u00e7 yollar\u0131na zaten al\u0131\u015fk\u0131nd\u0131. \u00d6nce Orta Asya&#8217;dan \u00e7\u0131k\u0131p Mavera\u00fcnnehir&#8217;e gelmi\u015flerdi. Daha sonra da Anadolu&#8217;ya, Ahlat&#8217;a uzanm\u0131\u015flard\u0131.S\u00fcleyman \u015eah&#8217;\u0131n \u00f6l\u00fcm\u00fcnden sonra Kay\u0131lar\u0131n ba\u015f\u0131na ge\u00e7en Ertu\u011frul Gazi, annesi Hayme Ana ve karde\u015fi D\u00fcndar&#8217;la birlikte \u0130\u00e7 Anadolu&#8217;ya uzanan g\u00f6\u00e7 yolundayd\u0131lar.Ertu\u011frul Gazi, doru k\u00fcheylan\u0131n \u00fczerinde kafilenin en \u00f6n\u00fcnde ilerliyor, arkas\u0131ndan d\u00fcnyal\u0131k ad\u0131na denkle\u015ftirebildikleri b\u00fct\u00fcn mallar\u0131n\u0131 birka\u00e7 at \u00fczerinde toplamay\u0131 ba\u015farabilmi\u015f olan Kay\u0131 A\u015fireti geliyordu. T\u00fcrkmenlerin a\u011f\u0131r bir ritimle devam ettirdikleri bu geli\u015fin i\u00e7inde, y\u00fczleri ac\u0131s\u0131ndan \u00e7izgili anneler, yu, muk elli bebekler, yaban \u00e7i\u00e7e\u011fi kokulu saz benizli k\u0131zlar, yerinde duramayan afacan o\u011flanlar, ak \u0131 sa\u00e7l\u0131 ihtiyarlar, \u015fahin bak\u0131\u015fl\u0131 alpler vard\u0131. G\u00f6\u00e7 kaf\u0131lesini ta\u015f\u0131yan at arabalar\u0131n\u0131n tekerleklerinin her g\u0131c\u0131rdayarak d\u00f6n\u00fc\u015f\u00fcnde, bu renkli kafile, biraz daha yorgun. ama biraz daha umut dev\u015firerek a\u011f\u0131r a\u011f\u0131r ilerlemeye devam ediyordu. Kay\u0131lar, bu sal\u0131n\u0131\u015f\u0131nda bereketli topraklar\u0131n gelecek fetihlerin mu\u015ftusunu y\u00fcz\u00fcnde hissediyorlard\u0131. <\/p>\n","protected":false},"excerpt":{"rendered":"<p>1200&#8217;l\u00fc y\u0131llar\u0131n ba\u015f\u0131nda korkun\u00e7 bir bela sarm\u0131\u015ft\u0131 \u0130slam Memini. Mo\u011follar denen, ge\u00e7tikleri yerde ta\u015f \u00fcst\u00fcnde ta\u015f, g\u00f6vde \u00fcst\u00fcnde ba\u015f b\u0131rakmayan istilac\u0131lar\u0131n \u00f6n\u00fcnden ka\u00e7an insanlar, bir sel<span class=\"excerpt-hellip\"> [\u2026]<\/span><\/p>\n","protected":false},"featured_media":0,"template":"","meta":{"_monsterinsights_skip_tracking":false,"_monsterinsights_sitenote_active":false,"_monsterinsights_sitenote_note":"","_monsterinsights_sitenote_category":0},"product_brand":[],"product_cat":[12274,12284],"product_tag":[],"class_list":{"0":"post-721395","1":"product","2":"type-product","3":"status-publish","5":"product_cat-cocuk-ve-genclik-kitaplari","6":"product_cat-hikayeler","7":"pa_cilt-ciltsiz","8":"pa_tur-kitap","9":"pa_yayinevi-ugurbocegi-yayinlari","10":"pa_yazar-zehra-aygul","12":"first","13":"instock","14":"sale","15":"shipping-taxable","16":"purchasable","17":"product-type-simple"},"_links":{"self":[{"href":"https:\/\/roveyayinevi.com.tr\/index.php\/wp-json\/wp\/v2\/product\/721395","targetHints":{"allow":["GET"]}}],"collection":[{"href":"https:\/\/roveyayinevi.com.tr\/index.php\/wp-json\/wp\/v2\/product"}],"about":[{"href":"https:\/\/roveyayinevi.com.tr\/index.php\/wp-json\/wp\/v2\/types\/product"}],"wp:attachment":[{"href":"https:\/\/roveyayinevi.com.tr\/index.php\/wp-json\/wp\/v2\/media?parent=721395"}],"wp:term":[{"taxonomy":"product_brand","embeddable":true,"href":"https:\/\/roveyayinevi.com.tr\/index.php\/wp-json\/wp\/v2\/product_brand?post=721395"},{"taxonomy":"product_cat","embeddable":true,"href":"https:\/\/roveyayinevi.com.tr\/index.php\/wp-json\/wp\/v2\/product_cat?post=721395"},{"taxonomy":"product_tag","embeddable":true,"href":"https:\/\/roveyayinevi.com.tr\/index.php\/wp-json\/wp\/v2\/product_tag?post=721395"}],"curies":[{"name":"wp","href":"https:\/\/api.w.org\/{rel}","templated":true}]}}