{"id":721393,"date":"2025-08-27T18:49:34","date_gmt":"2025-08-27T15:49:34","guid":{"rendered":"https:\/\/roveyayinevi.com.tr\/index.php\/urun\/daha-adini-koyamadik\/"},"modified":"2025-11-21T05:42:30","modified_gmt":"2025-11-21T02:42:30","slug":"daha-adini-koyamadik","status":"publish","type":"product","link":"https:\/\/roveyayinevi.com.tr\/index.php\/urun\/daha-adini-koyamadik\/","title":{"rendered":"Daha Ad\u0131n\u0131 Koyamad\u0131k"},"content":{"rendered":"<p>Ya bilin\u00e7li kararlar\u0131n\u0131z buzda\u011f\u0131n\u0131n sadece g\u00f6r\u00fcnen y\u00fcz\u00fcyse! G\u00fcn i\u00e7inde istemsizce verdi\u011finiz tepkileri g\u00f6zden ge\u00e7irmeye haz\u0131r m\u0131s\u0131n\u0131z? Daha Ad\u0131n\u0131 Koyamad\u0131k Bay Do\u011fru\u2019yu arayan, tam da buldu\u011funu sanan, sonra \u201cKime g\u00f6re do\u011fru?\u201d sorusuna tak\u0131lan bir kad\u0131n\u0131n hik\u00e2yesi!Do\u011frular\u0131n\u0131z\u0131 sorgulay\u0131p zihinsel ve duygusal tuzaklardan kurtulman\u0131n yollar\u0131n\u0131 \u00f6\u011frenece\u011finiz s\u0131ra d\u0131\u015f\u0131 bir roman.  \u201cM\u00fckemmel bir kariyeri, kilo almayan s\u0131f\u0131r bedeni, b\u00fct\u00fcn ki\u015fisel geli\u015fim unsurlar\u0131n\u0131 \u00fcst\u00fcnde tek ba\u015f\u0131na deneyecek kadar azmi olmas\u0131na ra\u011fmen mutlulu\u011fu h\u00e2l\u00e2 nerede bulmas\u0131 gerekti\u011fini bilmeyen bir kad\u0131n. Okurken \u00e7ok e\u011fleneceksiniz, yer yer k\u0131zacaks\u0131n\u0131z \u2018nas\u0131l anlamazs\u0131n!\u2019 diye, ama \u00e7o\u011fu zaman \u2018evet aynen benim de b\u00f6yle olmu\u015ftu!\u2019 diyeceksiniz. Hem g\u00fczel bir ki\u015fisel geli\u015fim kitab\u0131 hem de s\u00fcr\u00fckleyici ve kolay okunan bir roman. Bay\u0131ld\u0131m!\u201d  Pucca  \u201cDaha Ad\u0131n\u0131 Koyamad\u0131k g\u00fcn\u00fcm\u00fcz\u00fcn a\u015fk\u0131n\u0131, a\u015fk\u0131n zorunlu ki\u015fisel geli\u015fim yollar\u0131n\u0131 inan\u0131lmaz komik bir dille anlat\u0131yor. E\u011flenceli, d\u00fc\u015f\u00fcnd\u00fcr\u00fcc\u00fc, d\u00f6n\u00fc\u015ft\u00fcr\u00fcc\u00fc!\u201d  Kevser Aycan A\u015fk\u0131m Saro\u011flu <\/p>\n","protected":false},"excerpt":{"rendered":"<p>Ya bilin\u00e7li kararlar\u0131n\u0131z buzda\u011f\u0131n\u0131n sadece g\u00f6r\u00fcnen y\u00fcz\u00fcyse! G\u00fcn i\u00e7inde istemsizce verdi\u011finiz tepkileri g\u00f6zden ge\u00e7irmeye haz\u0131r m\u0131s\u0131n\u0131z? Daha Ad\u0131n\u0131 Koyamad\u0131k Bay Do\u011fru\u2019yu arayan, tam da buldu\u011funu sanan,<span class=\"excerpt-hellip\"> [\u2026]<\/span><\/p>\n","protected":false},"featured_media":0,"template":"","meta":{"_monsterinsights_skip_tracking":false,"_monsterinsights_sitenote_active":false,"_monsterinsights_sitenote_note":"","_monsterinsights_sitenote_category":0},"product_brand":[],"product_cat":[12291,12711],"product_tag":[],"class_list":{"0":"post-721393","1":"product","2":"type-product","3":"status-publish","5":"product_cat-edebiyat","6":"product_cat-roman-oyku","7":"pa_cilt-ciltsiz","8":"pa_tur-kitap","9":"pa_yayinevi-dogan-novus","10":"pa_yazar-sevin-balliktas","12":"first","13":"instock","14":"sale","15":"shipping-taxable","16":"purchasable","17":"product-type-simple"},"_links":{"self":[{"href":"https:\/\/roveyayinevi.com.tr\/index.php\/wp-json\/wp\/v2\/product\/721393","targetHints":{"allow":["GET"]}}],"collection":[{"href":"https:\/\/roveyayinevi.com.tr\/index.php\/wp-json\/wp\/v2\/product"}],"about":[{"href":"https:\/\/roveyayinevi.com.tr\/index.php\/wp-json\/wp\/v2\/types\/product"}],"wp:attachment":[{"href":"https:\/\/roveyayinevi.com.tr\/index.php\/wp-json\/wp\/v2\/media?parent=721393"}],"wp:term":[{"taxonomy":"product_brand","embeddable":true,"href":"https:\/\/roveyayinevi.com.tr\/index.php\/wp-json\/wp\/v2\/product_brand?post=721393"},{"taxonomy":"product_cat","embeddable":true,"href":"https:\/\/roveyayinevi.com.tr\/index.php\/wp-json\/wp\/v2\/product_cat?post=721393"},{"taxonomy":"product_tag","embeddable":true,"href":"https:\/\/roveyayinevi.com.tr\/index.php\/wp-json\/wp\/v2\/product_tag?post=721393"}],"curies":[{"name":"wp","href":"https:\/\/api.w.org\/{rel}","templated":true}]}}