{"id":721386,"date":"2025-08-27T18:49:28","date_gmt":"2025-08-27T15:49:28","guid":{"rendered":"https:\/\/roveyayinevi.com.tr\/index.php\/urun\/kagni-4\/"},"modified":"2026-04-16T02:29:21","modified_gmt":"2026-04-15T23:29:21","slug":"kagni-4","status":"publish","type":"product","link":"https:\/\/roveyayinevi.com.tr\/index.php\/urun\/kagni-4\/","title":{"rendered":"Ka\u011fn\u0131"},"content":{"rendered":"<p>Halbuki altm\u0131\u015fl\u0131k kad\u0131n, ka\u011fn\u0131dan yay\u0131lan a\u011f\u0131r koku ile sersemlemi\u015f, sendeleye sendeleye y\u00fcr\u00fcyor, bazen birdenbire h\u0131zlanan \u00f6k\u00fczlerin yan\u0131nda gitmeye \u00e7abal\u0131yordu. Yava\u015f yava\u015f ayaklar\u0131 s\u00fcr\u00fcklenmeye, a\u011flamaktan, i\u00e7ine ak\u0131ta ak\u0131ta a\u011flamaktan daralan g\u00f6\u011fs\u00fc nefes alamamaya ba\u015flad\u0131.Ka\u011fn\u0131n\u0131n kenar\u0131na tutunarak biraz daha y\u00fcr\u00fcd\u00fc. Ayaklar\u0131 birbirine dola\u015f\u0131yordu. \u00d6k\u00fczlere oooha diye ba\u011f\u0131rmak istedi, sesi bo\u011faz\u0131ndan \u00e7\u0131kmad\u0131; elleri ka\u011fn\u0131dan kurtuldu, yere yuvarland\u0131, tozlar\u0131n i\u00e7inde tekrar aya\u011fa kalkarak ko\u015ftu. Kar\u015f\u0131dan do\u011fru yeni \u00e7\u0131kan serin bir r\u00fczg\u00e2r \u00fc\u00e7 etekli entarisini ve \u015falvar\u0131n\u0131n pa\u00e7alar\u0131n\u0131 u\u00e7uruyor, y\u0131rt\u0131k yazma ba\u015f\u00f6rt\u00fcs\u00fcn\u00fc siyah bir bayrak gibi dalgaland\u0131r\u0131yordu. Ka\u011fn\u0131ya yeti\u015femeden tekrar d\u00fc\u015ft\u00fc, y\u00fcz\u00fc yolun beyaz ve k\u00fcl gibi ince tozlar\u0131na g\u00f6m\u00fcld\u00fc.Ka\u011fn\u0131, ta\u015flara \u00e7arpt\u0131k\u00e7a, \u00fczerinde ba\u011fl\u0131 \u00f6l\u00fcy\u00fc iki tarafa f\u0131rlatarak ve y\u00fckselip al\u00e7alan uzun, yan\u0131k g\u0131c\u0131rt\u0131lar \u00e7\u0131kararak ve ay \u0131\u015f\u0131\u011f\u0131n\u0131n alt\u0131nda ve gecenin sessizli\u011fi i\u00e7inde arkas\u0131nda hafif bir toz bulutu b\u0131rakarak, a\u011f\u0131r a\u011f\u0131r kendi bildi\u011fine ilerliyordu.\u201d<\/p>\n","protected":false},"excerpt":{"rendered":"<p>Halbuki altm\u0131\u015fl\u0131k kad\u0131n, ka\u011fn\u0131dan yay\u0131lan a\u011f\u0131r koku ile sersemlemi\u015f, sendeleye sendeleye y\u00fcr\u00fcyor, bazen birdenbire h\u0131zlanan \u00f6k\u00fczlerin yan\u0131nda gitmeye \u00e7abal\u0131yordu. Yava\u015f yava\u015f ayaklar\u0131 s\u00fcr\u00fcklenmeye, a\u011flamaktan, i\u00e7ine ak\u0131ta<span class=\"excerpt-hellip\"> [\u2026]<\/span><\/p>\n","protected":false},"featured_media":0,"template":"","meta":{"_monsterinsights_skip_tracking":false,"_monsterinsights_sitenote_active":false,"_monsterinsights_sitenote_note":"","_monsterinsights_sitenote_category":0},"product_brand":[],"product_cat":[12291,12711],"product_tag":[],"class_list":{"0":"post-721386","1":"product","2":"type-product","3":"status-publish","5":"product_cat-edebiyat","6":"product_cat-roman-oyku","7":"pa_cilt-ciltsiz","8":"pa_tur-kitap","9":"pa_yayinevi-cinar-yayinlari","10":"pa_yazar-sabahattin-ali","12":"first","13":"instock","14":"sale","15":"shipping-taxable","16":"purchasable","17":"product-type-simple"},"_links":{"self":[{"href":"https:\/\/roveyayinevi.com.tr\/index.php\/wp-json\/wp\/v2\/product\/721386","targetHints":{"allow":["GET"]}}],"collection":[{"href":"https:\/\/roveyayinevi.com.tr\/index.php\/wp-json\/wp\/v2\/product"}],"about":[{"href":"https:\/\/roveyayinevi.com.tr\/index.php\/wp-json\/wp\/v2\/types\/product"}],"wp:attachment":[{"href":"https:\/\/roveyayinevi.com.tr\/index.php\/wp-json\/wp\/v2\/media?parent=721386"}],"wp:term":[{"taxonomy":"product_brand","embeddable":true,"href":"https:\/\/roveyayinevi.com.tr\/index.php\/wp-json\/wp\/v2\/product_brand?post=721386"},{"taxonomy":"product_cat","embeddable":true,"href":"https:\/\/roveyayinevi.com.tr\/index.php\/wp-json\/wp\/v2\/product_cat?post=721386"},{"taxonomy":"product_tag","embeddable":true,"href":"https:\/\/roveyayinevi.com.tr\/index.php\/wp-json\/wp\/v2\/product_tag?post=721386"}],"curies":[{"name":"wp","href":"https:\/\/api.w.org\/{rel}","templated":true}]}}