{"id":721385,"date":"2025-08-27T18:49:28","date_gmt":"2025-08-27T15:49:28","guid":{"rendered":"https:\/\/roveyayinevi.com.tr\/index.php\/urun\/varolusun-yedi-seviyesi\/"},"modified":"2026-04-16T02:29:21","modified_gmt":"2026-04-15T23:29:21","slug":"varolusun-yedi-seviyesi","status":"publish","type":"product","link":"https:\/\/roveyayinevi.com.tr\/index.php\/urun\/varolusun-yedi-seviyesi\/","title":{"rendered":"Varolu\u015fun Yedi Seviyesi"},"content":{"rendered":"<p>Vianna Stibal taraf\u0131ndan 1995 y\u0131l\u0131nda geli\u015ftirilen ThetaHealing\u00ae tekni\u011fi kuantum fizi\u011fiyle uygulanmaktad\u0131r. Bu tekni\u011fi uygulayan ki\u015fi, \u015fu ana kadar sadece derin uyku ya da yogi seviyesinde yap\u0131lan bir meditasyon s\u0131ras\u0131nda eri\u015filebildi\u011fi d\u00fc\u015f\u00fcn\u00fclen Theta beyin dalgas\u0131n\u0131 kullan\u0131r. Bu sayede, Var Olan Her \u015eeyin enerjisiyle ba\u011f kurarak v\u00fccudun fiziksel olarak iyile\u015fmesine tan\u0131k olabilir ve s\u0131n\u0131rlanm\u0131\u015f inan\u00e7lar\u0131 de\u011fi\u015ftirip anlayabilir.   Yazar serinin yeni kitab\u0131nda, yeteneklerinizi ileri seviyeye ta\u015f\u0131man\u0131za yard\u0131m edecek heyecan verici bilgiler sunuyor. Sizleri ya\u015fam\u0131n ba\u015flang\u0131c\u0131 oldu\u011funa inand\u0131\u011f\u0131 bu d\u00fcnyan\u0131n d\u0131\u015f\u0131nda, evrenin de \u00f6tesinde bir yere g\u00f6t\u00fcr\u00fcyor. Ayr\u0131ca Theta d\u00fc\u015f\u00fcnce bi\u00e7imini kullanarak, daha evrenin bir par\u00e7as\u0131 haline gelmeden \u00f6nce, \u0130lahi enerjiyle ba\u011f kurman\u0131z\u0131 sa\u011fl\u0131yor.   Varolu\u015fun Yedi Seviyesi, ThetaHealing\u00ae tekni\u011finin b\u00fcy\u00fcleyici y\u00f6ntemlerini ke\u015ffetmek isteyenler i\u00e7in ideal bir ba\u015fucu kitab\u0131\u2026   VIANNA STIBAL bir ressam, yazar, \u00f6\u011fretmen ve sezgisel okuyucudur. Amerika Birle\u015fik Devletleri, IdohaFalls&#8217;ta ya\u015famaktad\u0131r. Kendini, bu iyile\u015ftirme modelini d\u00fcnyaya yaymaya adam\u0131\u015ft\u0131r ve yirmiden fazla \u00fclkede e\u011fitmenler ve uygulay\u0131c\u0131lar yeti\u015ftirmi\u015ftir. Vianna, her \u0131rktan, her inan\u00e7tan ve her dinden insan\u0131 ThetaHealing y\u00f6ntemi hakk\u0131nda e\u011fitmek \u00fczere uluslararas\u0131 seminerler d\u00fczenlemektedir.   <\/p>\n","protected":false},"excerpt":{"rendered":"<p>Vianna Stibal taraf\u0131ndan 1995 y\u0131l\u0131nda geli\u015ftirilen ThetaHealing\u00ae tekni\u011fi kuantum fizi\u011fiyle uygulanmaktad\u0131r. Bu tekni\u011fi uygulayan ki\u015fi, \u015fu ana kadar sadece derin uyku ya da yogi seviyesinde yap\u0131lan<span class=\"excerpt-hellip\"> [\u2026]<\/span><\/p>\n","protected":false},"featured_media":0,"template":"","meta":{"_monsterinsights_skip_tracking":false,"_monsterinsights_sitenote_active":false,"_monsterinsights_sitenote_note":"","_monsterinsights_sitenote_category":0},"product_brand":[],"product_cat":[12364,12376],"product_tag":[],"class_list":{"0":"post-721385","1":"product","2":"type-product","3":"status-publish","5":"product_cat-genel-konular","6":"product_cat-kisisel-gelisim","7":"pa_cilt-ciltsiz","8":"pa_tur-kitap","9":"pa_yayinevi-nemesis-kitap","10":"pa_yazar-vianna-stibal","12":"first","13":"instock","14":"sale","15":"shipping-taxable","16":"purchasable","17":"product-type-simple"},"_links":{"self":[{"href":"https:\/\/roveyayinevi.com.tr\/index.php\/wp-json\/wp\/v2\/product\/721385","targetHints":{"allow":["GET"]}}],"collection":[{"href":"https:\/\/roveyayinevi.com.tr\/index.php\/wp-json\/wp\/v2\/product"}],"about":[{"href":"https:\/\/roveyayinevi.com.tr\/index.php\/wp-json\/wp\/v2\/types\/product"}],"wp:attachment":[{"href":"https:\/\/roveyayinevi.com.tr\/index.php\/wp-json\/wp\/v2\/media?parent=721385"}],"wp:term":[{"taxonomy":"product_brand","embeddable":true,"href":"https:\/\/roveyayinevi.com.tr\/index.php\/wp-json\/wp\/v2\/product_brand?post=721385"},{"taxonomy":"product_cat","embeddable":true,"href":"https:\/\/roveyayinevi.com.tr\/index.php\/wp-json\/wp\/v2\/product_cat?post=721385"},{"taxonomy":"product_tag","embeddable":true,"href":"https:\/\/roveyayinevi.com.tr\/index.php\/wp-json\/wp\/v2\/product_tag?post=721385"}],"curies":[{"name":"wp","href":"https:\/\/api.w.org\/{rel}","templated":true}]}}