{"id":721382,"date":"2025-08-27T18:49:25","date_gmt":"2025-08-27T15:49:25","guid":{"rendered":"https:\/\/roveyayinevi.com.tr\/index.php\/urun\/degirmen-7\/"},"modified":"2026-04-08T02:37:09","modified_gmt":"2026-04-07T23:37:09","slug":"degirmen-7","status":"publish","type":"product","link":"https:\/\/roveyayinevi.com.tr\/index.php\/urun\/degirmen-7\/","title":{"rendered":"De\u011firmen"},"content":{"rendered":"<p>\u0130\u015fte ada\u015f\u0131m, sana seven bir \u00c7ingene\u2019nin hikayesi.\u00c7i\u00e7eklerin a\u00e7t\u0131\u011f\u0131 mevsimde, senin kollar\u0131na yaslanan ve \u00e7i\u00e7ekler kadar g\u00fczel kokan bir v\u00fccutla uzak su kenarlar\u0131nda oturmak ve \u00f6p\u00fc\u015fmek, yoruluncaya kadar \u00f6p\u00fc\u015fmek ho\u015f \u015feydir&#8230;Seni g\u00f6rd\u00fc\u011f\u00fc zaman zalimce ba\u015f\u0131n\u0131 \u00e7eviren ma\u011frur bir dilberin kap\u0131s\u0131 \u00f6n\u00fcnde ve ay \u0131\u015f\u0131\u011f\u0131 alt\u0131nda sabaha kadar dola\u015fmak, bunu candan arkada\u015flara a\u011flayarak anlatmak, s\u00f6z aram\u0131zda gene ho\u015f \u015feydir.Fakat sevgili bir v\u00fccutta bulunmayan bir \u015feyi kendisinde ta\u015f\u0131maya tahamm\u00fcl etmeyerek onu kopar\u0131p atabilmek, i\u015fte ada\u015f\u0131m, yaln\u0131z bu sevmektir.<\/p>\n","protected":false},"excerpt":{"rendered":"<p>\u0130\u015fte ada\u015f\u0131m, sana seven bir \u00c7ingene\u2019nin hikayesi.\u00c7i\u00e7eklerin a\u00e7t\u0131\u011f\u0131 mevsimde, senin kollar\u0131na yaslanan ve \u00e7i\u00e7ekler kadar g\u00fczel kokan bir v\u00fccutla uzak su kenarlar\u0131nda oturmak ve \u00f6p\u00fc\u015fmek, yoruluncaya<span class=\"excerpt-hellip\"> [\u2026]<\/span><\/p>\n","protected":false},"featured_media":0,"template":"","meta":{"_monsterinsights_skip_tracking":false,"_monsterinsights_sitenote_active":false,"_monsterinsights_sitenote_note":"","_monsterinsights_sitenote_category":0},"product_brand":[],"product_cat":[12291,12711],"product_tag":[],"class_list":{"0":"post-721382","1":"product","2":"type-product","3":"status-publish","5":"product_cat-edebiyat","6":"product_cat-roman-oyku","7":"pa_cilt-ciltsiz","8":"pa_tur-kitap","9":"pa_yayinevi-cinar-yayinlari","10":"pa_yazar-sabahattin-ali","12":"first","13":"instock","14":"sale","15":"shipping-taxable","16":"purchasable","17":"product-type-simple"},"_links":{"self":[{"href":"https:\/\/roveyayinevi.com.tr\/index.php\/wp-json\/wp\/v2\/product\/721382","targetHints":{"allow":["GET"]}}],"collection":[{"href":"https:\/\/roveyayinevi.com.tr\/index.php\/wp-json\/wp\/v2\/product"}],"about":[{"href":"https:\/\/roveyayinevi.com.tr\/index.php\/wp-json\/wp\/v2\/types\/product"}],"wp:attachment":[{"href":"https:\/\/roveyayinevi.com.tr\/index.php\/wp-json\/wp\/v2\/media?parent=721382"}],"wp:term":[{"taxonomy":"product_brand","embeddable":true,"href":"https:\/\/roveyayinevi.com.tr\/index.php\/wp-json\/wp\/v2\/product_brand?post=721382"},{"taxonomy":"product_cat","embeddable":true,"href":"https:\/\/roveyayinevi.com.tr\/index.php\/wp-json\/wp\/v2\/product_cat?post=721382"},{"taxonomy":"product_tag","embeddable":true,"href":"https:\/\/roveyayinevi.com.tr\/index.php\/wp-json\/wp\/v2\/product_tag?post=721382"}],"curies":[{"name":"wp","href":"https:\/\/api.w.org\/{rel}","templated":true}]}}